{"id":893,"date":"2021-05-31T12:50:52","date_gmt":"2021-05-31T12:50:52","guid":{"rendered":"https:\/\/tcmpartners.com\/?page_id=893"},"modified":"2021-06-03T14:56:06","modified_gmt":"2021-06-03T14:56:06","slug":"gracias-por-tu-asistencia-webinar-alm","status":"publish","type":"page","link":"https:\/\/tcmpartners.com\/en\/gracias-por-tu-asistencia-webinar-alm\/","title":{"rendered":"Gracias por tu asistencia Webinar ALM"},"content":{"rendered":"\n<h1>\n\t\tGracias por asistir\n\t<\/h1>\n\t\n<br \/>\nOptimizaci\u00f3n del Balance Incorporando<br \/>\nInteligencia Artificial en la Nube\n<h1>\n\t\tQUEREMOS CONOCER SU OPINI\u00d3N\n\t<\/h1>\n\t<p>Nos gustar\u00eda contar con su opini\u00f3n sobre el evento, as\u00ed como conocer los temas que desear\u00eda que tratemos en pr\u00f3ximos eventos y webinar.<\/p>\n\t    <html><head><meta charset=\"UTF-8\"><title>Webinar: Trade Cloud is Open with Finastra and TCMpartners in LATAM.<\/title>\n    <link href=\"css\/form.css\" rel=\"stylesheet\" type=\"text\/css\"><script src=\"js\/validation.js\"><\/script>\n    <\/head><body class=\"zf-backgroundBg\"><!-- Change or deletion of the name attributes in the input tag will lead to empty values on record submission-->\n    <div class=\"zf-templateWidth\"><form action='https:\/\/forms.zohopublic.com\/rodrigofrigolet\/form\/Evaluacindesoftware\/formperma\/6OpBB9L6RuYgU9W3jpn24sQcPipWIBB_7Xa-coIGxww\/htmlRecords\/submit' name='form' method='POST' onSubmit='javascript:document.charset=\"UTF-8\"; return zf_ValidateAndSubmit();' accept-charset='UTF-8' enctype='multipart\/form-data' id='form'><input type=\"hidden\" name=\"zf_referrer_name\" value=\"\"><!-- To Track referrals , place the referrer name within the \" \" in the above hidden input field -->\n    <input type=\"hidden\" name=\"zf_redirect_url\" value=\"\"><!-- To redirect to a specific page after record submission , place the respective url within the \" \" in the above hidden input field -->\n    <input type=\"hidden\" name=\"zc_gad\" value=\"\"><!-- If GCLID is enabled in Zoho CRM Integration, click details of AdWords Ads will be pushed to Zoho CRM -->\n\n    <!---------template Container Starts Here---------->\n    <div class=\"zf-subContWrap zf-topAlign\"><ul>\n    <!---------Checkbox Starts Here---------->\n    <li class=\"zf-checkbox zf-tempFrmWrapper zf-oneColumns\"><label class=\"zf-labelName\">Seleccione uno o varios beneficios de la nube que sean relevantes para usted.\n    <\/label>\n    <div class=\"zf-tempContDiv\"><div class=\"zf-overflow\">\n    <span class=\"zf-multiAttType\">\n    <input class=\"zf-checkBoxType\" type=\"checkbox\" id=\"Checkbox_1\" name=\"Checkbox\" checktype=\"c1\" value=\"TCO&#x20;&#x28;Costo&#x20;Total&#x20;de&#x20;Propiedad&#x29;.\"\/>\n    <label for=\"Checkbox_1\" class=\"zf-checkChoice\">TCO&#x20;&#x28;Costo&#x20;Total&#x20;de&#x20;Propiedad&#x29;.<\/label> <\/span>\n    <span class=\"zf-multiAttType\">\n    <input class=\"zf-checkBoxType\" type=\"checkbox\" id=\"Checkbox_2\" name=\"Checkbox\" checktype=\"c1\" value=\"Acceso&#x20;a&#x20;las&#x20;&uacute;ltimas&#x20;funcionalidades&#x20;sin&#x20;necesidad&#x20;de&#x20;realizar&#x20;una&#x20;mejora.\"\/>\n    <label for=\"Checkbox_2\" class=\"zf-checkChoice\">Acceso&#x20;a&#x20;las&#x20;&uacute;ltimas&#x20;funcionalidades&#x20;sin&#x20;necesidad&#x20;de&#x20;realizar&#x20;una&#x20;mejora.<\/label> <\/span>\n    <span class=\"zf-multiAttType\">\n    <input class=\"zf-checkBoxType\" type=\"checkbox\" id=\"Checkbox_3\" name=\"Checkbox\" checktype=\"c1\" value=\"Plataforma&#x20;administrada&#x20;por&#x20;el&#x20;proveedor&#x20;especialista.\"\/>\n    <label for=\"Checkbox_3\" class=\"zf-checkChoice\">Plataforma&#x20;administrada&#x20;por&#x20;el&#x20;proveedor&#x20;especialista.<\/label> <\/span>\n    <span class=\"zf-multiAttType\">\n    <input class=\"zf-checkBoxType\" type=\"checkbox\" id=\"Checkbox_4\" name=\"Checkbox\" checktype=\"c1\" value=\"Escalabilidad&#x3a;&#x20;posibilidad&#x20;de&#x20;aumentar&#x20;el&#x20;uso&#x20;de&#x20;la&#x20;plataforma&#x20;conforme&#x20;se&#x20;desarrolla&#x20;el&#x20;negocio.\"\/>\n    <label for=\"Checkbox_4\" class=\"zf-checkChoice\">Escalabilidad&#x3a;&#x20;posibilidad&#x20;de&#x20;aumentar&#x20;el&#x20;uso&#x20;de&#x20;la&#x20;plataforma&#x20;conforme&#x20;se&#x20;desarrolla&#x20;el&#x20;negocio.<\/label> <\/span>\n    <span class=\"zf-multiAttType\">\n    <input class=\"zf-checkBoxType\" type=\"checkbox\" id=\"Checkbox_5\" name=\"Checkbox\" checktype=\"c1\" value=\"Posibilidad&#x20;de&#x20;desarrollar&#x20;nuevos&#x20;negocios&#x20;de&#x20;manera&#x20;m&aacute;s&#x20;r&aacute;pida.\"\/>\n    <label for=\"Checkbox_5\" class=\"zf-checkChoice\">Posibilidad&#x20;de&#x20;desarrollar&#x20;nuevos&#x20;negocios&#x20;de&#x20;manera&#x20;m&aacute;s&#x20;r&aacute;pida.<\/label> <\/span>\n    <span class=\"zf-multiAttType\">\n    <input class=\"zf-checkBoxType\" type=\"checkbox\" id=\"Checkbox_6\" name=\"Checkbox\" checktype=\"c1\" value=\"Conectividad&#x20;con&#x20;ecosistemas&#x20;de&#x20;servicios&#x20;y&#x20;aplicativos&#x20;del&#x20;mercado.\"\/>\n    <label for=\"Checkbox_6\" class=\"zf-checkChoice\">Conectividad&#x20;con&#x20;ecosistemas&#x20;de&#x20;servicios&#x20;y&#x20;aplicativos&#x20;del&#x20;mercado.<\/label> <\/span>\n    <div class=\"zf-clearBoth\"><\/div><\/div><p id=\"Checkbox_error\" class=\"zf-errorMessage\" style=\"display:none;\">Invalid value<\/p>\n    <\/div><div class=\"zf-clearBoth\"><\/div><\/li><!---------Checkbox Ends Here---------->\n    <!---------Radio Starts Here---------->\n    <li class=\"zf-radio zf-tempFrmWrapper zf-oneColumns\"><label class=\"zf-labelName\">\u00bfEn la pr\u00e1ctica, que instrumento utiliza con mayor frecuencia?\n    <\/label>\n    <div class=\"zf-tempContDiv\"><div class=\"zf-overflow\">\n    <span class=\"zf-multiAttType\">\n    <input class=\"zf-radioBtnType\" type=\"radio\" id=\"Radio2_1\" name=\"Radio2\" checktype=\"c1\" value=\"Financiaci&oacute;n&#x20;de&#x20;la&#x20;Cadena&#x20;de&#x20;Suministro.\">\n    <label for=\"Radio2_1\" class=\"zf-radioChoice\">Financiaci&oacute;n&#x20;de&#x20;la&#x20;Cadena&#x20;de&#x20;Suministro.<\/label> <\/span>\n    <span class=\"zf-multiAttType\">\n    <input class=\"zf-radioBtnType\" type=\"radio\" id=\"Radio2_2\" name=\"Radio2\" checktype=\"c1\" value=\"Cr&eacute;ditos&#x20;Documentarios.\">\n    <label for=\"Radio2_2\" class=\"zf-radioChoice\">Cr&eacute;ditos&#x20;Documentarios.<\/label> <\/span>\n    <span class=\"zf-multiAttType\">\n    <input class=\"zf-radioBtnType\" type=\"radio\" id=\"Radio2_3\" name=\"Radio2\" checktype=\"c1\" value=\"Garant&iacute;as&#x20;Bancarias.\">\n    <label for=\"Radio2_3\" class=\"zf-radioChoice\">Garant&iacute;as&#x20;Bancarias.<\/label> <\/span>\n    <span class=\"zf-multiAttType\">\n    <input class=\"zf-radioBtnType\" type=\"radio\" id=\"Radio2_4\" name=\"Radio2\" checktype=\"c1\" value=\"Carta&#x20;de&#x20;Cr&eacute;dito&#x20;Standby.\">\n    <label for=\"Radio2_4\" class=\"zf-radioChoice\">Carta&#x20;de&#x20;Cr&eacute;dito&#x20;Standby.<\/label> <\/span>\n    <span class=\"zf-multiAttType\">\n    <input class=\"zf-radioBtnType\" type=\"radio\" id=\"Radio2_5\" name=\"Radio2\" checktype=\"c1\" value=\"Cobros&#x20;Internacionales.\">\n    <label for=\"Radio2_5\" class=\"zf-radioChoice\">Cobros&#x20;Internacionales.<\/label> <\/span>\n    <span class=\"zf-multiAttType\"> <input class=\"zf-radioBtnType\" id=\"Radio2_others\" type=\"radio\" value=\"zfs-others-zfs\" name=\"Radio2\"><label for=\"Radio2_others\" class=\"zf-radioChoice\">Other<\/label>\n    <input name=\"Radio2_allow_others_text\"  type=\"text\" maxlength=\"150\"><\/span>\n    <div class=\"zf-clearBoth\"><\/div><\/div><p id=\"Radio2_error\" class=\"zf-errorMessage\" style=\"display:none;\">Invalid value<\/p>\n    <\/div><div class=\"zf-clearBoth\"><\/div><\/li><!---------Radio Ends Here---------->\n    <!---------Radio Starts Here---------->\n    <li class=\"zf-radio zf-tempFrmWrapper zf-oneColumns\"><label class=\"zf-labelName\">\u00bfQu\u00e9 le gustar\u00eda ver en un siguiente webinar?\n    <\/label>\n    <div class=\"zf-tempContDiv\"><div class=\"zf-overflow\">\n    <span class=\"zf-multiAttType\">\n    <input class=\"zf-radioBtnType\" type=\"radio\" id=\"Radio3_1\" name=\"Radio3\" checktype=\"c1\" value=\"Presentaci&oacute;n&#x20;de&#x20;una&#x20;soluci&oacute;n&#x20;End-to-End&#x20;por&#x20;Finastra.\">\n    <label for=\"Radio3_1\" class=\"zf-radioChoice\">Presentaci&oacute;n&#x20;de&#x20;una&#x20;soluci&oacute;n&#x20;End-to-End&#x20;por&#x20;Finastra.<\/label> <\/span>\n    <span class=\"zf-multiAttType\">\n    <input class=\"zf-radioBtnType\" type=\"radio\" id=\"Radio3_2\" name=\"Radio3\" checktype=\"c1\" value=\"Regulaci&oacute;n&#x20;Local.\">\n    <label for=\"Radio3_2\" class=\"zf-radioChoice\">Regulaci&oacute;n&#x20;Local.<\/label> <\/span>\n    <span class=\"zf-multiAttType\">\n    <input class=\"zf-radioBtnType\" type=\"radio\" id=\"Radio3_3\" name=\"Radio3\" checktype=\"c1\" value=\"M&aacute;s&#x20;sobre&#x20;La&#x20;Nube.\">\n    <label for=\"Radio3_3\" class=\"zf-radioChoice\">M&aacute;s&#x20;sobre&#x20;La&#x20;Nube.<\/label> <\/span>\n    <span class=\"zf-multiAttType\">\n    <input class=\"zf-radioBtnType\" type=\"radio\" id=\"Radio3_4\" name=\"Radio3\" checktype=\"c1\" value=\"Tendencias&#x20;en&#x20;la&#x20;Industria.\">\n    <label for=\"Radio3_4\" class=\"zf-radioChoice\">Tendencias&#x20;en&#x20;la&#x20;Industria.<\/label> <\/span>\n    <span class=\"zf-multiAttType\"> <input class=\"zf-radioBtnType\" id=\"Radio3_others\" type=\"radio\" value=\"zfs-others-zfs\" name=\"Radio3\"><label for=\"Radio3_others\" class=\"zf-radioChoice\">Other<\/label>\n    <input name=\"Radio3_allow_others_text\"  type=\"text\" maxlength=\"150\"><\/span>\n    <div class=\"zf-clearBoth\"><\/div><\/div><p id=\"Radio3_error\" class=\"zf-errorMessage\" style=\"display:none;\">Invalid value<\/p>\n    <\/div><div class=\"zf-clearBoth\"><\/div><\/li><!---------Radio Ends Here---------->\n    <!---------Single Line Starts Here---------->\n    <li class=\"zf-tempFrmWrapper zf-small\"><label class=\"zf-labelName\">Su opini\u00f3n es muy importante para nosotros, escriba sus sugerencias sobre como podemos seguir mejorando.\n    <\/label>\n    <div class=\"zf-tempContDiv\"><span> <input type=\"text\" name=\"SingleLine1\" checktype=\"c1\" value=\"\" maxlength=\"255\" fieldType=1 \/><\/span> <p id=\"SingleLine1_error\" class=\"zf-errorMessage\" style=\"display:none;\">Invalid value<\/p>\n    <\/div><div class=\"zf-clearBoth\"><\/div><\/li><!---------Single Line Ends Here---------->\n    <!--Terms and conditions-->\n    <li class=\"zf-tempFrmWrapper\">\n    <label class=\"zf-labelName\">T\u00e9rminos y condiciones\n    <\/label>\n    <div class=\"zf-tempContDiv\" ><div class=\"zf-termsContainer\">\n\n    <div class=\"zf-termsMsg zf-descFld\" >\n\n    <div>\n\n    <span class=\"highlight\" style=\"background-color: rgb(255, 255, 255)\">\n    <span class=\"colour\" style=\"color: rgb(55, 71, 125)\">\n    <span class=\"font\" style=\"font-family: Helvetica, Verdana, Arial, sans-serif\">\n    <span class=\"size\" style=\"font-size: 14px; font-style: normal; font-weight: 400; letter-spacing: normal; orphans: 2; text-indent: 0px; text-transform: none; white-space: normal; widows: 2; word-spacing: 0px; float: none\">\n    El responsable del tratamiento de sus datos personales es TREASURY AND CAPITAL MARKETS M\u00c9XICO, S. DE R.L.DE C.V. (\"TCMpartners\"), con domicilio social ubicado en Camino a Las Minas 6, -1503, Colonia Ampliaci\u00f3n Palo Solo, Huixquilucan, Estado de M\u00e9xico, C.P. 52778; R.F.C. TCM180912JC5; correo electr\u00f3nico: privacidad@tcmpartners.com. Los datos personales se recaban con la finalidad de conocer el grado de satisfacci\u00f3n de nuestros clientes con los productos, servicios y contenido que TCMpartners ofrece. Por otra parte, le informamos que no se llevar\u00e1 a cabo la toma de decisiones automatizadas en funci\u00f3n de los datos personales proporcionados. TCMpartners le informa que, en cualquier momento, puede ejercitar los derechos ARCO (acceso, ratificaci\u00f3n, cancelaci\u00f3n y\/u oposici\u00f3n), mediante solicitud de los modelos pertinentes en la direcci\u00f3n o a trav\u00e9s de correo electr\u00f3nico indicado anteriormente. Cada solicitud de ejercicio de derechos que presente deber\u00e1 contener en el asunto la referencia \"Ejercicio derechos RGPD\" e incluir los siguientes datos: nombre y apellido, domicilio a efectos de notificaci\u00f3n, fotocopia del documento nacional de identidad o pasaporte, y petici\u00f3n concreta que se solicita. En el caso de ejercitarse en nombre de otra persona, se deber\u00e1 adjuntar el documento que acredite fehacientemente la representaci\u00f3n ostentada. \n<\/span><\/span><\/span><\/span>\n\n    <\/div>\n\n    <\/div>\n\t\t\n    <div class=\"zf-termsAccept\"><input class=\"zf-checkBoxType zf-flLeft\" name=\"TermsConditions\" type=\"checkbox\"><label class=\"zf-descFld\">Acepto los t\u00e9rminos y condiciones.<\/label><\/div><\/div><\/div><p class=\"zf-errorMessage\" elname=\"error\" id=\"TermsConditions_error\" style=\"display:none;\">Invalid value<\/p>\n    <div class=\"clearBoth\"><\/div><\/li>\n    <\/ul><\/div><!---------template Container Starts Here---------->\n    <ul><li class=\"zf-fmFooter\"><button class=\"zf-submitColor\" >Enviar<\/button><\/li><\/ul><\/div><!-- 'zf-templateWrapper' ends --><\/form><\/div><!-- 'zf-templateWidth' ends -->\n    <script type=\"text\/javascript\">var zf_DateRegex = new RegExp(\"^(([0][1-9])|([1-2][0-9])|([3][0-1]))[-](Jan|Feb|Mar|Apr|May|Jun|Jul|Aug|Sep|Oct|Nov|Dec|JAN|FEB|MAR|APR|MAY|JUN|JUL|AUG|SEP|OCT|NOV|DEC)[-](?:(?:19|20)[0-9]{2})$\");\n    var zf_MandArray = [];\n    var zf_FieldArray = [ \"Checkbox\", \"Radio2\", \"Radio3\", \"SingleLine1\", \"TermsConditions\"];\n    var isSalesIQIntegrationEnabled = false;\n    var salesIQFieldsArray = [];<\/script><\/body><\/html>\n\n\n\t\t\t<a href=\"mailto:marketing@tcmpartners.com\" target=\"_self\" role=\"button\" rel=\"noopener\">\n\t\t\t\t\t\tmarketing@tcmpartners.com\n\t\t\t\t\t<\/a>\n<h1>\n\t\tPATROCINADORES\n\t<\/h1>\n\t\t\t\t<img decoding=\"async\" src=\"https:\/\/tcmpartners.com\/wp-content\/uploads\/2020\/03\/Logo-Finastra.png\" alt=\"Logo Finastra\" itemprop=\"image\" height=\"189\" width=\"381\" title=\"Logo Finastra\" onerror=\"this.style.display='none'\"  \/>\n\n","protected":false},"excerpt":{"rendered":"<p>Gracias por asistir Optimizaci\u00f3n del Balance Incorporando Inteligencia Artificial en la Nube QUEREMOS CONOCER SU OPINI\u00d3N Nos gustar\u00eda contar con su opini\u00f3n sobre el evento, as\u00ed como conocer los temas que desear\u00eda que tratemos en pr\u00f3ximos eventos y webinar. marketing@tcmpartners.com PATROCINADORES<\/p>","protected":false},"author":6,"featured_media":563,"parent":0,"menu_order":0,"comment_status":"closed","ping_status":"closed","template":"","meta":{"footnotes":""},"class_list":["post-893","page","type-page","status-publish","has-post-thumbnail","hentry"],"yoast_head":"<!-- This site is optimized with the Yoast SEO plugin v27.3 - https:\/\/yoast.com\/product\/yoast-seo-wordpress\/ -->\n<title>Gracias por tu asistencia Webinar ALM - TCMpartners.com - Servicios de consultor\u00eda<\/title>\n<meta name=\"robots\" content=\"index, follow, max-snippet:-1, max-image-preview:large, max-video-preview:-1\" \/>\n<link rel=\"canonical\" href=\"https:\/\/tcmpartners.com\/en\/gracias-por-tu-asistencia-webinar-alm\/\" \/>\n<meta property=\"og:locale\" content=\"en_US\" \/>\n<meta property=\"og:type\" content=\"article\" \/>\n<meta property=\"og:title\" content=\"Gracias por tu asistencia Webinar ALM - TCMpartners.com - Servicios de consultor\u00eda\" \/>\n<meta property=\"og:description\" content=\"Gracias por asistir Optimizaci\u00f3n del Balance Incorporando Inteligencia Artificial en la Nube QUEREMOS CONOCER SU OPINI\u00d3N Nos gustar\u00eda contar con su opini\u00f3n sobre el evento, as\u00ed como conocer los temas que desear\u00eda que tratemos en pr\u00f3ximos eventos y webinar. marketing@tcmpartners.com PATROCINADORES\" \/>\n<meta property=\"og:url\" content=\"https:\/\/tcmpartners.com\/en\/gracias-por-tu-asistencia-webinar-alm\/\" \/>\n<meta property=\"og:site_name\" content=\"TCMpartners.com - Servicios de consultor\u00eda\" \/>\n<meta property=\"article:publisher\" content=\"https:\/\/www.facebook.com\/TCMpartners\/\" \/>\n<meta property=\"article:modified_time\" content=\"2021-06-03T14:56:06+00:00\" \/>\n<meta property=\"og:image\" content=\"https:\/\/tcmpartners.com\/wp-content\/uploads\/2021\/02\/Evento-TCMPartners-2021.jpg\" \/>\n\t<meta property=\"og:image:width\" content=\"1200\" \/>\n\t<meta property=\"og:image:height\" content=\"800\" \/>\n\t<meta property=\"og:image:type\" content=\"image\/jpeg\" \/>\n<meta name=\"twitter:card\" content=\"summary_large_image\" \/>\n<script type=\"application\/ld+json\" class=\"yoast-schema-graph\">{\"@context\":\"https:\\\/\\\/schema.org\",\"@graph\":[{\"@type\":\"WebPage\",\"@id\":\"https:\\\/\\\/tcmpartners.com\\\/gracias-por-tu-asistencia-webinar-alm\\\/\",\"url\":\"https:\\\/\\\/tcmpartners.com\\\/gracias-por-tu-asistencia-webinar-alm\\\/\",\"name\":\"Gracias por tu asistencia Webinar ALM - TCMpartners.com - Servicios de consultor\u00eda\",\"isPartOf\":{\"@id\":\"https:\\\/\\\/tcmpartners.com\\\/#website\"},\"primaryImageOfPage\":{\"@id\":\"https:\\\/\\\/tcmpartners.com\\\/gracias-por-tu-asistencia-webinar-alm\\\/#primaryimage\"},\"image\":{\"@id\":\"https:\\\/\\\/tcmpartners.com\\\/gracias-por-tu-asistencia-webinar-alm\\\/#primaryimage\"},\"thumbnailUrl\":\"https:\\\/\\\/tcmpartners.com\\\/wp-content\\\/uploads\\\/2021\\\/02\\\/Evento-TCMPartners-2021.jpg\",\"datePublished\":\"2021-05-31T12:50:52+00:00\",\"dateModified\":\"2021-06-03T14:56:06+00:00\",\"breadcrumb\":{\"@id\":\"https:\\\/\\\/tcmpartners.com\\\/gracias-por-tu-asistencia-webinar-alm\\\/#breadcrumb\"},\"inLanguage\":\"en-US\",\"potentialAction\":[{\"@type\":\"ReadAction\",\"target\":[\"https:\\\/\\\/tcmpartners.com\\\/gracias-por-tu-asistencia-webinar-alm\\\/\"]}]},{\"@type\":\"ImageObject\",\"inLanguage\":\"en-US\",\"@id\":\"https:\\\/\\\/tcmpartners.com\\\/gracias-por-tu-asistencia-webinar-alm\\\/#primaryimage\",\"url\":\"https:\\\/\\\/tcmpartners.com\\\/wp-content\\\/uploads\\\/2021\\\/02\\\/Evento-TCMPartners-2021.jpg\",\"contentUrl\":\"https:\\\/\\\/tcmpartners.com\\\/wp-content\\\/uploads\\\/2021\\\/02\\\/Evento-TCMPartners-2021.jpg\",\"width\":1200,\"height\":800,\"caption\":\"The Future of Cloud Managed Services in Capital Markets\"},{\"@type\":\"BreadcrumbList\",\"@id\":\"https:\\\/\\\/tcmpartners.com\\\/gracias-por-tu-asistencia-webinar-alm\\\/#breadcrumb\",\"itemListElement\":[{\"@type\":\"ListItem\",\"position\":1,\"name\":\"Portada\",\"item\":\"https:\\\/\\\/tcmpartners.com\\\/\"},{\"@type\":\"ListItem\",\"position\":2,\"name\":\"Gracias por tu asistencia Webinar ALM\"}]},{\"@type\":\"WebSite\",\"@id\":\"https:\\\/\\\/tcmpartners.com\\\/#website\",\"url\":\"https:\\\/\\\/tcmpartners.com\\\/\",\"name\":\"TCMpartners.com\",\"description\":\"TCMpartners Ofrece servicios de consultor\u00eda que se centran en proveer a las Instituciones Financieras.\",\"publisher\":{\"@id\":\"https:\\\/\\\/tcmpartners.com\\\/#organization\"},\"potentialAction\":[{\"@type\":\"SearchAction\",\"target\":{\"@type\":\"EntryPoint\",\"urlTemplate\":\"https:\\\/\\\/tcmpartners.com\\\/?s={search_term_string}\"},\"query-input\":{\"@type\":\"PropertyValueSpecification\",\"valueRequired\":true,\"valueName\":\"search_term_string\"}}],\"inLanguage\":\"en-US\"},{\"@type\":\"Organization\",\"@id\":\"https:\\\/\\\/tcmpartners.com\\\/#organization\",\"name\":\"TCMpartners.com\",\"url\":\"https:\\\/\\\/tcmpartners.com\\\/\",\"logo\":{\"@type\":\"ImageObject\",\"inLanguage\":\"en-US\",\"@id\":\"https:\\\/\\\/tcmpartners.com\\\/#\\\/schema\\\/logo\\\/image\\\/\",\"url\":\"https:\\\/\\\/tcmpartners.com\\\/wp-content\\\/uploads\\\/2020\\\/04\\\/Logo-Identidad-Web.png\",\"contentUrl\":\"https:\\\/\\\/tcmpartners.com\\\/wp-content\\\/uploads\\\/2020\\\/04\\\/Logo-Identidad-Web.png\",\"width\":787,\"height\":566,\"caption\":\"TCMpartners.com\"},\"image\":{\"@id\":\"https:\\\/\\\/tcmpartners.com\\\/#\\\/schema\\\/logo\\\/image\\\/\"},\"sameAs\":[\"https:\\\/\\\/www.facebook.com\\\/TCMpartners\\\/\",\"https:\\\/\\\/es.linkedin.com\\\/company\\\/tcmpartners\"]}]}<\/script>\n<!-- \/ Yoast SEO plugin. -->","yoast_head_json":{"title":"Gracias por tu asistencia Webinar ALM - TCMpartners.com - Servicios de consultor\u00eda","robots":{"index":"index","follow":"follow","max-snippet":"max-snippet:-1","max-image-preview":"max-image-preview:large","max-video-preview":"max-video-preview:-1"},"canonical":"https:\/\/tcmpartners.com\/en\/gracias-por-tu-asistencia-webinar-alm\/","og_locale":"en_US","og_type":"article","og_title":"Gracias por tu asistencia Webinar ALM - TCMpartners.com - Servicios de consultor\u00eda","og_description":"Gracias por asistir Optimizaci\u00f3n del Balance Incorporando Inteligencia Artificial en la Nube QUEREMOS CONOCER SU OPINI\u00d3N Nos gustar\u00eda contar con su opini\u00f3n sobre el evento, as\u00ed como conocer los temas que desear\u00eda que tratemos en pr\u00f3ximos eventos y webinar. marketing@tcmpartners.com PATROCINADORES","og_url":"https:\/\/tcmpartners.com\/en\/gracias-por-tu-asistencia-webinar-alm\/","og_site_name":"TCMpartners.com - Servicios de consultor\u00eda","article_publisher":"https:\/\/www.facebook.com\/TCMpartners\/","article_modified_time":"2021-06-03T14:56:06+00:00","og_image":[{"width":1200,"height":800,"url":"https:\/\/tcmpartners.com\/wp-content\/uploads\/2021\/02\/Evento-TCMPartners-2021.jpg","type":"image\/jpeg"}],"twitter_card":"summary_large_image","schema":{"@context":"https:\/\/schema.org","@graph":[{"@type":"WebPage","@id":"https:\/\/tcmpartners.com\/gracias-por-tu-asistencia-webinar-alm\/","url":"https:\/\/tcmpartners.com\/gracias-por-tu-asistencia-webinar-alm\/","name":"Gracias por tu asistencia Webinar ALM - TCMpartners.com - Servicios de consultor\u00eda","isPartOf":{"@id":"https:\/\/tcmpartners.com\/#website"},"primaryImageOfPage":{"@id":"https:\/\/tcmpartners.com\/gracias-por-tu-asistencia-webinar-alm\/#primaryimage"},"image":{"@id":"https:\/\/tcmpartners.com\/gracias-por-tu-asistencia-webinar-alm\/#primaryimage"},"thumbnailUrl":"https:\/\/tcmpartners.com\/wp-content\/uploads\/2021\/02\/Evento-TCMPartners-2021.jpg","datePublished":"2021-05-31T12:50:52+00:00","dateModified":"2021-06-03T14:56:06+00:00","breadcrumb":{"@id":"https:\/\/tcmpartners.com\/gracias-por-tu-asistencia-webinar-alm\/#breadcrumb"},"inLanguage":"en-US","potentialAction":[{"@type":"ReadAction","target":["https:\/\/tcmpartners.com\/gracias-por-tu-asistencia-webinar-alm\/"]}]},{"@type":"ImageObject","inLanguage":"en-US","@id":"https:\/\/tcmpartners.com\/gracias-por-tu-asistencia-webinar-alm\/#primaryimage","url":"https:\/\/tcmpartners.com\/wp-content\/uploads\/2021\/02\/Evento-TCMPartners-2021.jpg","contentUrl":"https:\/\/tcmpartners.com\/wp-content\/uploads\/2021\/02\/Evento-TCMPartners-2021.jpg","width":1200,"height":800,"caption":"The Future of Cloud Managed Services in Capital Markets"},{"@type":"BreadcrumbList","@id":"https:\/\/tcmpartners.com\/gracias-por-tu-asistencia-webinar-alm\/#breadcrumb","itemListElement":[{"@type":"ListItem","position":1,"name":"Portada","item":"https:\/\/tcmpartners.com\/"},{"@type":"ListItem","position":2,"name":"Gracias por tu asistencia Webinar ALM"}]},{"@type":"WebSite","@id":"https:\/\/tcmpartners.com\/#website","url":"https:\/\/tcmpartners.com\/","name":"TCMpartners.com","description":"TCMpartners Ofrece servicios de consultor\u00eda que se centran en proveer a las Instituciones Financieras.","publisher":{"@id":"https:\/\/tcmpartners.com\/#organization"},"potentialAction":[{"@type":"SearchAction","target":{"@type":"EntryPoint","urlTemplate":"https:\/\/tcmpartners.com\/?s={search_term_string}"},"query-input":{"@type":"PropertyValueSpecification","valueRequired":true,"valueName":"search_term_string"}}],"inLanguage":"en-US"},{"@type":"Organization","@id":"https:\/\/tcmpartners.com\/#organization","name":"TCMpartners.com","url":"https:\/\/tcmpartners.com\/","logo":{"@type":"ImageObject","inLanguage":"en-US","@id":"https:\/\/tcmpartners.com\/#\/schema\/logo\/image\/","url":"https:\/\/tcmpartners.com\/wp-content\/uploads\/2020\/04\/Logo-Identidad-Web.png","contentUrl":"https:\/\/tcmpartners.com\/wp-content\/uploads\/2020\/04\/Logo-Identidad-Web.png","width":787,"height":566,"caption":"TCMpartners.com"},"image":{"@id":"https:\/\/tcmpartners.com\/#\/schema\/logo\/image\/"},"sameAs":["https:\/\/www.facebook.com\/TCMpartners\/","https:\/\/es.linkedin.com\/company\/tcmpartners"]}]}},"_links":{"self":[{"href":"https:\/\/tcmpartners.com\/en\/wp-json\/wp\/v2\/pages\/893","targetHints":{"allow":["GET"]}}],"collection":[{"href":"https:\/\/tcmpartners.com\/en\/wp-json\/wp\/v2\/pages"}],"about":[{"href":"https:\/\/tcmpartners.com\/en\/wp-json\/wp\/v2\/types\/page"}],"author":[{"embeddable":true,"href":"https:\/\/tcmpartners.com\/en\/wp-json\/wp\/v2\/users\/6"}],"replies":[{"embeddable":true,"href":"https:\/\/tcmpartners.com\/en\/wp-json\/wp\/v2\/comments?post=893"}],"version-history":[{"count":0,"href":"https:\/\/tcmpartners.com\/en\/wp-json\/wp\/v2\/pages\/893\/revisions"}],"wp:featuredmedia":[{"embeddable":true,"href":"https:\/\/tcmpartners.com\/en\/wp-json\/wp\/v2\/media\/563"}],"wp:attachment":[{"href":"https:\/\/tcmpartners.com\/en\/wp-json\/wp\/v2\/media?parent=893"}],"curies":[{"name":"wp","href":"https:\/\/api.w.org\/{rel}","templated":true}]}}