{"id":3382,"date":"2026-03-18T18:32:00","date_gmt":"2026-03-18T18:32:00","guid":{"rendered":"https:\/\/tcmpartners.com\/?page_id=3382"},"modified":"2026-04-29T11:31:27","modified_gmt":"2026-04-29T11:31:27","slug":"webinar-2026-el-nuevo-estandar-digital-de-la-banca-corporativa","status":"publish","type":"page","link":"https:\/\/tcmpartners.com\/en\/webinar-2026-el-nuevo-estandar-digital-de-la-banca-corporativa\/","title":{"rendered":"Webinar abril 2026 El Nuevo Est\u00e1ndar Digital de la Banca Corporativa"},"content":{"rendered":"<figure itemscope itemtype=\"https:\/\/schema.org\/ImageObject\">\n\t\t\t\t<img decoding=\"async\" src=\"https:\/\/tcmpartners.com\/wp-content\/uploads\/2026\/04\/Logos.png\" alt=\"Logos\" height=\"226\" width=\"1746\" title=\"Logos\" onerror=\"this.style.display='none'\" loading=\"lazy\" \/>\n\t<\/figure>\n<h2>\n\t\t\tEl Nuevo Est\u00e1ndar Digital de la Banca Corporativa\t<\/h2>\n\t<p>La banca corporativa enfrenta hoy un desaf\u00edo estructural: responder a mayores exigencias de clientes, reguladores y eficiencia operativa sobre arquitecturas tecnol\u00f3gicas complejas, fragmentadas y altamente reguladas.<\/p>\n\t<p>\u00a0En este contexto, el canal digital corporativo deja de ser un componente de experiencia para convertirse en una pieza central de la arquitectura bancaria.<\/p>\n<p>En este webinar exploraremos c\u00f3mo los bancos est\u00e1n abordando este desaf\u00edo, a partir de un caso real y un enfoque arquitect\u00f3nico que permite evolucionar sin reemplazar el core.<\/p>\n\t<p>14 MAY 2026- 12:00 PM (GMT-6)<\/p>\n\t\t\t<a href=\"#form\"  target=\"_self\">\n\t\t\t\t\t\t\tReserva mi lugar\n\t\t\t\t\t<\/a>\n\t\t\t\tD\u00eda\n\t\t\t\tHora\n\t\t\t\tMinuto\n\t\t\t\tSegundo\n<figure itemscope itemtype=\"https:\/\/schema.org\/ImageObject\">\n\t\t\t\t<img decoding=\"async\" src=\"https:\/\/tcmpartners.com\/wp-content\/uploads\/2026\/03\/A-este-webinar.png\" alt=\"A este webinar\" height=\"247\" width=\"1370\" title=\"A este webinar\" onerror=\"this.style.display='none'\" loading=\"lazy\" \/>\n\t<\/figure>\n\t<p>La digitalizaci\u00f3n ya no es suficiente. Descubre c\u00f3mo unificar el canal digital corporativo sin reemplazar sistemas legacy.<\/p>\n<p><strong>Un caso aplicable a la banca corporativa latinoamericana.<\/strong><\/p>\n\t<p><strong>El desaf\u00edo actual de la <\/strong><\/p>\n<p><strong>banca corporativa<\/strong><\/p>\n\t\t\t Clientes corporativos con expectativas digitales similares a la banca retail.\t\t\n\t\t\t Arquitecturas fragmentadas que limitan la evoluci\u00f3n del canal digital.\t\t\n\t\t\t M\u00faltiples sistemas (cash management, trade, FX, cr\u00e9dito) sin una experiencia unificada.\t\t\n\t\t\t Dependencia de sistemas legacy que ralentizan la innovaci\u00f3n.\t\t\n\t\t\t Integraciones complejas que incrementan costos y riesgos operativos.\t\t\n\t\t\t Dificultad para escalar sin comprometer seguridad o cumplimiento.\t\t\n\t<p><strong>De la fragmentaci\u00f3n a una <\/strong><\/p>\n<p><strong>experiencia corporativa unificada<\/strong><\/p>\n\t\t\t En este espacio conocer\u00e1s un caso real de transformaci\u00f3n digital en la banca corporativa, que permiti\u00f3 a Union Bank of Colombo PLC:\t\t\n\t\t\t <p>Unificar la experiencia digital para clientes corporativos<\/p>\t\t\n\t\t\t <p>Integrarse con m\u00faltiples sistemas de procesamiento existentes.<\/p>\t\t\n\t\t\t <p>Garantizar una arquitectura modular, escalable y segura.<\/p>\t\t\n\t<p><strong>\u00bfQu\u00e9 aprender\u00e1s <\/strong><\/p>\n<p><strong>en este webinar? <\/strong><\/p>\n\t\t\t C\u00f3mo modernizar la banca corporativa sin disrupciones operativas.\t\t\n\t\t\t C\u00f3mo abordar la fragmentaci\u00f3n sin reemplazar sistemas core.\t\t\n\t\t\t Qu\u00e9 implica dise\u00f1ar un canal digital como capa de orquestaci\u00f3n.\t\t\n\t\t\t Qu\u00e9 decisiones arquitect\u00f3nicas habilitan una escalabilidad real.\t\t\n\t\t\t Lecciones pr\u00e1cticas de un caso real en banca corporativa.\t\t\n\t<h2>\n\t\t\tAgenda\t<\/h2>\n\t<p><strong>Transformaci\u00f3n de la banca corporativa <\/strong><\/p>\n<p><strong>desde la experiencia del cliente\u00a0<\/strong><\/p>\n\t<p>Conoce a nuestros panelistas y descubre c\u00f3mo las instituciones financieras est\u00e1n transformando la banca corporativa para ofrecer experiencias digitales unificadas, seguras y centradas en el cliente empresarial.<\/p>\n\t\t\t<a href=\"#form\"  target=\"_self\">\n\t\t\t\t\t\t\tReserva mi lugar\n\t\t\t\t\t<\/a>\n<figure itemscope itemtype=\"https:\/\/schema.org\/ImageObject\">\n\t\t\t\t<img decoding=\"async\" src=\"https:\/\/tcmpartners.com\/wp-content\/uploads\/2026\/03\/Antonio-Sierra2.jpg\" alt=\"Antonio Sierra2\" height=\"1444\" width=\"1440\" title=\"Antonio Sierra2\" onerror=\"this.style.display='none'\" loading=\"lazy\" \/>\n\t<\/figure>\n\t\t<h3><a href=\"#\" target=\"_self\">Antonio Sierra<\/a><\/h3>Consultor Principal<br \/>\nTCMpartners,\n<figure itemscope itemtype=\"https:\/\/schema.org\/ImageObject\">\n\t\t\t\t<img decoding=\"async\" src=\"https:\/\/tcmpartners.com\/wp-content\/uploads\/2026\/03\/Vikram-profile-photo2.jpg\" alt=\"Vikram profile photo2\" height=\"1420\" width=\"1420\" title=\"Vikram profile photo2\" onerror=\"this.style.display='none'\" loading=\"lazy\" \/>\n\t<\/figure>\n\t\t<h3><a href=\"#\" target=\"_self\">Vikram Paranjpe<\/a><\/h3>Senior VP Transaction Banking<br \/>\nAurionpro\n<figure itemscope itemtype=\"https:\/\/schema.org\/ImageObject\">\n\t\t\t\t<img decoding=\"async\" src=\"https:\/\/tcmpartners.com\/wp-content\/uploads\/2026\/04\/Nitin.png\" alt=\"Nitin\" height=\"734\" width=\"728\" title=\"Nitin\" onerror=\"this.style.display='none'\" loading=\"lazy\" \/>\n\t<\/figure>\n\t\t<h3><a href=\"#\" target=\"_self\">Nisala Kodippili<\/a><\/h3><p>Senior Vice President \/ Chief Technology Officer<\/p>\n<p>Union Bank of Colombo<\/p>\n<h2>\n\t\t\tRecursos relacionados\t<\/h2>\n\t<p><strong>AuroDigi: <\/strong><\/p>\n<p><strong>E brochure<\/strong><\/p>\n<figure itemscope itemtype=\"https:\/\/schema.org\/ImageObject\">\n\t\t\t\t<a href=\"https:\/\/tcmpartners.com\/wp-content\/uploads\/2026\/03\/AuroDigi-E-Brochure_revised-1.pdf\"  target=\"_blank\" rel=\"noopener\"  itemprop=\"url\">\n\t\t\t\t<img decoding=\"async\" src=\"https:\/\/tcmpartners.com\/wp-content\/uploads\/2026\/03\/Ipad-Final-1.webp\" alt=\"Ipad Final 1\" height=\"1420\" width=\"1796\" title=\"Ipad Final 1\" onerror=\"this.style.display='none'\" loading=\"lazy\" \/>\n\t\t\t\t<\/a>\n\t<\/figure>\n\t<p><strong>Whitepaper: Canal Digital Corporativo en Banca Multi-Core<\/strong><\/p>\n<figure id=\"webinar\" itemscope itemtype=\"https:\/\/schema.org\/ImageObject\">\n\t\t\t\t<a href=\"https:\/\/tcmpartners.com\/en\/whitepaper\/\"  target=\"_blank\" rel=\"noopener\"  itemprop=\"url\">\n\t\t\t\t<img decoding=\"async\" src=\"https:\/\/tcmpartners.com\/wp-content\/uploads\/2026\/03\/Oprdenador-Final-1.webp\" alt=\"Oprdenador Final 1\" height=\"1402\" width=\"2300\" title=\"Oprdenador Final 1\" onerror=\"this.style.display='none'\" loading=\"lazy\" \/>\n\t\t\t\t<\/a>\n\t<\/figure>\n<h3>\n\t\t\t\u00a1Reserva tu lugar en el webinar y descarga el whitepaper!\t<\/h3>\n\t<p>Reg\u00edstrate al webinar y obt\u00e9n acceso inmediato al whitepaper elaborado por especialistas de TCMpartners y Aurionpro sobre el Canal Digital Corporativo en Banca Multi-Core.<\/p>\nRedefiniendo la experiencia<br \/>\nDigital en la banca corporativa","protected":false},"excerpt":{"rendered":"<p>El Nuevo Est\u00e1ndar Digital de la Banca Corporativa La banca corporativa enfrenta hoy un desaf\u00edo estructural: responder a mayores exigencias de clientes, reguladores y eficiencia operativa sobre arquitecturas tecnol\u00f3gicas complejas, fragmentadas y altamente reguladas. \u00a0En este contexto, el canal digital corporativo deja de ser un componente de experiencia para convertirse en una pieza central de&hellip;<\/p>","protected":false},"author":192,"featured_media":0,"parent":0,"menu_order":0,"comment_status":"closed","ping_status":"closed","template":"tpl-no-header-footer.php","meta":{"footnotes":""},"class_list":["post-3382","page","type-page","status-publish","hentry"],"yoast_head":"<!-- This site is optimized with the Yoast SEO plugin v27.4 - https:\/\/yoast.com\/product\/yoast-seo-wordpress\/ -->\n<title>Webinar abril 2026 El Nuevo Est\u00e1ndar Digital de la Banca Corporativa - TCMpartners.com - Servicios de consultor\u00eda<\/title>\n<meta name=\"description\" content=\"TCMpartners, en conjunto con Finastra, participar\u00e1 como patrocinador oficial en la 59\u00aa Asamblea Anual de FELABAN, el encuentro m\u00e1s relevante para el sector financiero en Latinoam\u00e9rica.\" \/>\n<meta name=\"robots\" content=\"index, follow, max-snippet:-1, max-image-preview:large, max-video-preview:-1\" \/>\n<link rel=\"canonical\" href=\"https:\/\/tcmpartners.com\/en\/webinar-2026-el-nuevo-estandar-digital-de-la-banca-corporativa\/\" \/>\n<meta property=\"og:locale\" content=\"en_US\" \/>\n<meta property=\"og:type\" content=\"article\" \/>\n<meta property=\"og:title\" content=\"Webinar abril 2026 El Nuevo Est\u00e1ndar Digital de la Banca Corporativa - TCMpartners.com - Servicios de consultor\u00eda\" \/>\n<meta property=\"og:description\" content=\"TCMpartners, en conjunto con Finastra, participar\u00e1 como patrocinador oficial en la 59\u00aa Asamblea Anual de FELABAN, el encuentro m\u00e1s relevante para el sector financiero en Latinoam\u00e9rica.\" \/>\n<meta property=\"og:url\" content=\"https:\/\/tcmpartners.com\/en\/webinar-2026-el-nuevo-estandar-digital-de-la-banca-corporativa\/\" \/>\n<meta property=\"og:site_name\" content=\"TCMpartners.com - Servicios de consultor\u00eda\" \/>\n<meta property=\"article:publisher\" content=\"https:\/\/www.facebook.com\/TCMpartners\/\" \/>\n<meta property=\"article:modified_time\" content=\"2026-04-29T11:31:27+00:00\" \/>\n<meta property=\"og:image\" content=\"https:\/\/tcmpartners.com\/wp-content\/uploads\/2026\/04\/Logos.png\" \/>\n<meta name=\"twitter:card\" content=\"summary_large_image\" \/>\n<meta name=\"twitter:label1\" content=\"Est. reading time\" \/>\n\t<meta name=\"twitter:data1\" content=\"6 minutes\" \/>\n<script type=\"application\/ld+json\" class=\"yoast-schema-graph\">{\"@context\":\"https:\\\/\\\/schema.org\",\"@graph\":[{\"@type\":\"WebPage\",\"@id\":\"https:\\\/\\\/tcmpartners.com\\\/webinar-2026-el-nuevo-estandar-digital-de-la-banca-corporativa\\\/\",\"url\":\"https:\\\/\\\/tcmpartners.com\\\/webinar-2026-el-nuevo-estandar-digital-de-la-banca-corporativa\\\/\",\"name\":\"Webinar abril 2026 El Nuevo Est\u00e1ndar Digital de la Banca Corporativa - TCMpartners.com - Servicios de consultor\u00eda\",\"isPartOf\":{\"@id\":\"https:\\\/\\\/tcmpartners.com\\\/#website\"},\"primaryImageOfPage\":{\"@id\":\"https:\\\/\\\/tcmpartners.com\\\/webinar-2026-el-nuevo-estandar-digital-de-la-banca-corporativa\\\/#primaryimage\"},\"image\":{\"@id\":\"https:\\\/\\\/tcmpartners.com\\\/webinar-2026-el-nuevo-estandar-digital-de-la-banca-corporativa\\\/#primaryimage\"},\"thumbnailUrl\":\"https:\\\/\\\/tcmpartners.com\\\/wp-content\\\/uploads\\\/2026\\\/04\\\/Logos.png\",\"datePublished\":\"2026-03-18T18:32:00+00:00\",\"dateModified\":\"2026-04-29T11:31:27+00:00\",\"description\":\"TCMpartners, en conjunto con Finastra, participar\u00e1 como patrocinador oficial en la 59\u00aa Asamblea Anual de FELABAN, el encuentro m\u00e1s relevante para el sector financiero en Latinoam\u00e9rica.\",\"breadcrumb\":{\"@id\":\"https:\\\/\\\/tcmpartners.com\\\/webinar-2026-el-nuevo-estandar-digital-de-la-banca-corporativa\\\/#breadcrumb\"},\"inLanguage\":\"en-US\",\"potentialAction\":[{\"@type\":\"ReadAction\",\"target\":[\"https:\\\/\\\/tcmpartners.com\\\/webinar-2026-el-nuevo-estandar-digital-de-la-banca-corporativa\\\/\"]}]},{\"@type\":\"ImageObject\",\"inLanguage\":\"en-US\",\"@id\":\"https:\\\/\\\/tcmpartners.com\\\/webinar-2026-el-nuevo-estandar-digital-de-la-banca-corporativa\\\/#primaryimage\",\"url\":\"https:\\\/\\\/tcmpartners.com\\\/wp-content\\\/uploads\\\/2026\\\/04\\\/Logos.png\",\"contentUrl\":\"https:\\\/\\\/tcmpartners.com\\\/wp-content\\\/uploads\\\/2026\\\/04\\\/Logos.png\"},{\"@type\":\"BreadcrumbList\",\"@id\":\"https:\\\/\\\/tcmpartners.com\\\/webinar-2026-el-nuevo-estandar-digital-de-la-banca-corporativa\\\/#breadcrumb\",\"itemListElement\":[{\"@type\":\"ListItem\",\"position\":1,\"name\":\"Portada\",\"item\":\"https:\\\/\\\/tcmpartners.com\\\/\"},{\"@type\":\"ListItem\",\"position\":2,\"name\":\"Webinar abril 2026 El Nuevo Est\u00e1ndar Digital de la Banca Corporativa\"}]},{\"@type\":\"WebSite\",\"@id\":\"https:\\\/\\\/tcmpartners.com\\\/#website\",\"url\":\"https:\\\/\\\/tcmpartners.com\\\/\",\"name\":\"TCMpartners.com\",\"description\":\"TCMpartners Ofrece servicios de consultor\u00eda que se centran en proveer a las Instituciones Financieras.\",\"publisher\":{\"@id\":\"https:\\\/\\\/tcmpartners.com\\\/#organization\"},\"potentialAction\":[{\"@type\":\"SearchAction\",\"target\":{\"@type\":\"EntryPoint\",\"urlTemplate\":\"https:\\\/\\\/tcmpartners.com\\\/?s={search_term_string}\"},\"query-input\":{\"@type\":\"PropertyValueSpecification\",\"valueRequired\":true,\"valueName\":\"search_term_string\"}}],\"inLanguage\":\"en-US\"},{\"@type\":\"Organization\",\"@id\":\"https:\\\/\\\/tcmpartners.com\\\/#organization\",\"name\":\"TCMpartners.com\",\"url\":\"https:\\\/\\\/tcmpartners.com\\\/\",\"logo\":{\"@type\":\"ImageObject\",\"inLanguage\":\"en-US\",\"@id\":\"https:\\\/\\\/tcmpartners.com\\\/#\\\/schema\\\/logo\\\/image\\\/\",\"url\":\"https:\\\/\\\/tcmpartners.com\\\/wp-content\\\/uploads\\\/2020\\\/04\\\/Logo-Identidad-Web.png\",\"contentUrl\":\"https:\\\/\\\/tcmpartners.com\\\/wp-content\\\/uploads\\\/2020\\\/04\\\/Logo-Identidad-Web.png\",\"width\":787,\"height\":566,\"caption\":\"TCMpartners.com\"},\"image\":{\"@id\":\"https:\\\/\\\/tcmpartners.com\\\/#\\\/schema\\\/logo\\\/image\\\/\"},\"sameAs\":[\"https:\\\/\\\/www.facebook.com\\\/TCMpartners\\\/\",\"https:\\\/\\\/es.linkedin.com\\\/company\\\/tcmpartners\"]}]}<\/script>\n<!-- \/ Yoast SEO plugin. -->","yoast_head_json":{"title":"Webinar abril 2026 El Nuevo Est\u00e1ndar Digital de la Banca Corporativa - TCMpartners.com - Servicios de consultor\u00eda","description":"TCMpartners, en conjunto con Finastra, participar\u00e1 como patrocinador oficial en la 59\u00aa Asamblea Anual de FELABAN, el encuentro m\u00e1s relevante para el sector financiero en Latinoam\u00e9rica.","robots":{"index":"index","follow":"follow","max-snippet":"max-snippet:-1","max-image-preview":"max-image-preview:large","max-video-preview":"max-video-preview:-1"},"canonical":"https:\/\/tcmpartners.com\/en\/webinar-2026-el-nuevo-estandar-digital-de-la-banca-corporativa\/","og_locale":"en_US","og_type":"article","og_title":"Webinar abril 2026 El Nuevo Est\u00e1ndar Digital de la Banca Corporativa - TCMpartners.com - Servicios de consultor\u00eda","og_description":"TCMpartners, en conjunto con Finastra, participar\u00e1 como patrocinador oficial en la 59\u00aa Asamblea Anual de FELABAN, el encuentro m\u00e1s relevante para el sector financiero en Latinoam\u00e9rica.","og_url":"https:\/\/tcmpartners.com\/en\/webinar-2026-el-nuevo-estandar-digital-de-la-banca-corporativa\/","og_site_name":"TCMpartners.com - Servicios de consultor\u00eda","article_publisher":"https:\/\/www.facebook.com\/TCMpartners\/","article_modified_time":"2026-04-29T11:31:27+00:00","og_image":[{"url":"https:\/\/tcmpartners.com\/wp-content\/uploads\/2026\/04\/Logos.png","type":"","width":"","height":""}],"twitter_card":"summary_large_image","twitter_misc":{"Est. reading time":"6 minutes"},"schema":{"@context":"https:\/\/schema.org","@graph":[{"@type":"WebPage","@id":"https:\/\/tcmpartners.com\/webinar-2026-el-nuevo-estandar-digital-de-la-banca-corporativa\/","url":"https:\/\/tcmpartners.com\/webinar-2026-el-nuevo-estandar-digital-de-la-banca-corporativa\/","name":"Webinar abril 2026 El Nuevo Est\u00e1ndar Digital de la Banca Corporativa - TCMpartners.com - Servicios de consultor\u00eda","isPartOf":{"@id":"https:\/\/tcmpartners.com\/#website"},"primaryImageOfPage":{"@id":"https:\/\/tcmpartners.com\/webinar-2026-el-nuevo-estandar-digital-de-la-banca-corporativa\/#primaryimage"},"image":{"@id":"https:\/\/tcmpartners.com\/webinar-2026-el-nuevo-estandar-digital-de-la-banca-corporativa\/#primaryimage"},"thumbnailUrl":"https:\/\/tcmpartners.com\/wp-content\/uploads\/2026\/04\/Logos.png","datePublished":"2026-03-18T18:32:00+00:00","dateModified":"2026-04-29T11:31:27+00:00","description":"TCMpartners, en conjunto con Finastra, participar\u00e1 como patrocinador oficial en la 59\u00aa Asamblea Anual de FELABAN, el encuentro m\u00e1s relevante para el sector financiero en Latinoam\u00e9rica.","breadcrumb":{"@id":"https:\/\/tcmpartners.com\/webinar-2026-el-nuevo-estandar-digital-de-la-banca-corporativa\/#breadcrumb"},"inLanguage":"en-US","potentialAction":[{"@type":"ReadAction","target":["https:\/\/tcmpartners.com\/webinar-2026-el-nuevo-estandar-digital-de-la-banca-corporativa\/"]}]},{"@type":"ImageObject","inLanguage":"en-US","@id":"https:\/\/tcmpartners.com\/webinar-2026-el-nuevo-estandar-digital-de-la-banca-corporativa\/#primaryimage","url":"https:\/\/tcmpartners.com\/wp-content\/uploads\/2026\/04\/Logos.png","contentUrl":"https:\/\/tcmpartners.com\/wp-content\/uploads\/2026\/04\/Logos.png"},{"@type":"BreadcrumbList","@id":"https:\/\/tcmpartners.com\/webinar-2026-el-nuevo-estandar-digital-de-la-banca-corporativa\/#breadcrumb","itemListElement":[{"@type":"ListItem","position":1,"name":"Portada","item":"https:\/\/tcmpartners.com\/"},{"@type":"ListItem","position":2,"name":"Webinar abril 2026 El Nuevo Est\u00e1ndar Digital de la Banca Corporativa"}]},{"@type":"WebSite","@id":"https:\/\/tcmpartners.com\/#website","url":"https:\/\/tcmpartners.com\/","name":"TCMpartners.com","description":"TCMpartners Ofrece servicios de consultor\u00eda que se centran en proveer a las Instituciones Financieras.","publisher":{"@id":"https:\/\/tcmpartners.com\/#organization"},"potentialAction":[{"@type":"SearchAction","target":{"@type":"EntryPoint","urlTemplate":"https:\/\/tcmpartners.com\/?s={search_term_string}"},"query-input":{"@type":"PropertyValueSpecification","valueRequired":true,"valueName":"search_term_string"}}],"inLanguage":"en-US"},{"@type":"Organization","@id":"https:\/\/tcmpartners.com\/#organization","name":"TCMpartners.com","url":"https:\/\/tcmpartners.com\/","logo":{"@type":"ImageObject","inLanguage":"en-US","@id":"https:\/\/tcmpartners.com\/#\/schema\/logo\/image\/","url":"https:\/\/tcmpartners.com\/wp-content\/uploads\/2020\/04\/Logo-Identidad-Web.png","contentUrl":"https:\/\/tcmpartners.com\/wp-content\/uploads\/2020\/04\/Logo-Identidad-Web.png","width":787,"height":566,"caption":"TCMpartners.com"},"image":{"@id":"https:\/\/tcmpartners.com\/#\/schema\/logo\/image\/"},"sameAs":["https:\/\/www.facebook.com\/TCMpartners\/","https:\/\/es.linkedin.com\/company\/tcmpartners"]}]}},"_links":{"self":[{"href":"https:\/\/tcmpartners.com\/en\/wp-json\/wp\/v2\/pages\/3382","targetHints":{"allow":["GET"]}}],"collection":[{"href":"https:\/\/tcmpartners.com\/en\/wp-json\/wp\/v2\/pages"}],"about":[{"href":"https:\/\/tcmpartners.com\/en\/wp-json\/wp\/v2\/types\/page"}],"author":[{"embeddable":true,"href":"https:\/\/tcmpartners.com\/en\/wp-json\/wp\/v2\/users\/192"}],"replies":[{"embeddable":true,"href":"https:\/\/tcmpartners.com\/en\/wp-json\/wp\/v2\/comments?post=3382"}],"version-history":[{"count":59,"href":"https:\/\/tcmpartners.com\/en\/wp-json\/wp\/v2\/pages\/3382\/revisions"}],"predecessor-version":[{"id":3573,"href":"https:\/\/tcmpartners.com\/en\/wp-json\/wp\/v2\/pages\/3382\/revisions\/3573"}],"wp:attachment":[{"href":"https:\/\/tcmpartners.com\/en\/wp-json\/wp\/v2\/media?parent=3382"}],"curies":[{"name":"wp","href":"https:\/\/api.w.org\/{rel}","templated":true}]}}