{"id":3321,"date":"2025-09-24T08:59:33","date_gmt":"2025-09-24T08:59:33","guid":{"rendered":"https:\/\/tcmpartners.com\/?page_id=3321"},"modified":"2025-10-10T14:23:51","modified_gmt":"2025-10-10T14:23:51","slug":"felaban-annual-assembly-2025","status":"publish","type":"page","link":"https:\/\/tcmpartners.com\/en\/felaban-annual-assembly-2025\/","title":{"rendered":"felaban annual assembly 2025"},"content":{"rendered":"<img decoding=\"async\" src=\"https:\/\/tcmpartners.com\/wp-content\/uploads\/2025\/10\/TCM-Finastra-png.png\" alt=\"TCM Finastra png\" itemprop=\"image\" height=\"161\" width=\"1655\" title=\"TCM Finastra png\" onerror=\"this.style.display='none'\" loading=\"lazy\" \/>\n<h2>\n\t\t\tDescubre c\u00f3mo transformamos la banca\t<\/h2>\n\t<p>en la 59 Asamblea Anual de FELABAN<\/p>\n\t<p>31 OCT &#8211; 03 NOV 2025<\/p>\n\t<p>TCMpartners, en conjunto con <b>Finastra<\/b>, participar\u00e1 como <b>patrocinador oficial<\/b>\u00a0en la 59\u00aa Asamblea Anual de FELABAN, el encuentro m\u00e1s relevante para el sector financiero en Latinoam\u00e9rica.<\/p>\n\t\t\t<a href=\"https:\/\/calendly.com\/victor-maticorena-tcmpartners\/59-asamblea-felaban\" target=\"_blank\" rel=\"noopener\">\n\t\t\t\t\t\t\tAgenda una reuni\u00f3n\n\t\t\t\t\t<\/a>\n\t\t\t\tD\u00eda\n\t\t\t\tHora\n\t\t\t\tMinuto\n\t\t\t\tSegundo\n\t<p>El 76 % de las instituciones financieras citan las limitaciones de la innovaci\u00f3n como una raz\u00f3n clave para asociarse con proveedores de software. Vis\u00edtenos en nuestro stand o reserve una reuni\u00f3n para descubrir c\u00f3mo podemos ayudarle a mantenerse a la vanguardia de la innovaci\u00f3n en servicios financieros.<\/p>\n\t<p><strong>Desde API hasta Gen AI, empoderamos a m\u00e1s de 8,000 clientes en todo el mundo, incluido el 90% de los 50 bancos m\u00e1s importantes del mundo. Nuestros expertos est\u00e1n listos para colaborar y ayudarlo a desbloquear nuevas posibilidades.<\/strong> <\/p>\n\n\t<p>Asimismo, TCMpartners ofrece los m\u00e1s altos est\u00e1ndares en seguridad de la informaci\u00f3n con sus certificaciones <strong>ISO 27001 e ISO 27017<\/strong>.<\/p>\n\t\t\t\t<img decoding=\"async\" src=\"https:\/\/tcmpartners.com\/wp-content\/uploads\/2025\/10\/BOTON1.png\" alt=\"BOTON1\" itemprop=\"image\" height=\"1388\" width=\"2277\" title=\"BOTON1\" onerror=\"this.style.display='none'\" loading=\"lazy\" \/>\n\t\t\t\t<img decoding=\"async\" src=\"https:\/\/tcmpartners.com\/wp-content\/uploads\/2025\/10\/BOTON2.png\" alt=\"BOTON2\" itemprop=\"image\" height=\"1388\" width=\"2277\" title=\"BOTON2\" onerror=\"this.style.display='none'\" loading=\"lazy\" \/>\n\t\t\t\t<img decoding=\"async\" src=\"https:\/\/tcmpartners.com\/wp-content\/uploads\/2025\/10\/BOTON3.png\" alt=\"BOTON3\" itemprop=\"image\" height=\"1388\" width=\"2277\" title=\"BOTON3\" onerror=\"this.style.display='none'\" loading=\"lazy\" \/>\n<h2>\n\t\t\tDonde la innovaci\u00f3n se encuentra con la banca latinoamericana\t<\/h2>\n\t<p>La 59\u00b0 Asamblea Anual de FELABAN es el escenario ideal para generar conversaciones de negocios estrat\u00e9gicos, intercambio de buenas pr\u00e1cticas, an\u00e1lisis de oportunidades reales y nuevas perspectivas sobre la innovaci\u00f3n en la banca latinoamericana.<\/p>\nTe invitamos a aprovechar esta oportunidad \u00fanica de networking con l\u00edderes y decisores del sector financiero, donde juntos podremos intercambiar ideas, descubrir tendencias y construir alianzas estrat\u00e9gicas que marcar\u00e1n el futuro de la regi\u00f3n.\n\t\t\t<a href=\"https:\/\/calendly.com\/victor-maticorena-tcmpartners\/59-asamblea-felaban\" target=\"_blank\" rel=\"noopener\">\n\t\t\t\t\t\t\tAgenda una reuni\u00f3n\n\t\t\t\t\t<\/a>","protected":false},"excerpt":{"rendered":"<p>Descubre c\u00f3mo transformamos la banca en la 59 Asamblea Anual de FELABAN 31 OCT &#8211; 03 NOV 2025 TCMpartners, en conjunto con Finastra, participar\u00e1 como patrocinador oficial\u00a0en la 59\u00aa Asamblea Anual de FELABAN, el encuentro m\u00e1s relevante para el sector financiero en Latinoam\u00e9rica. Agenda una reuni\u00f3n D\u00eda Hora Minuto Segundo El 76 % de las&hellip;<\/p>","protected":false},"author":7,"featured_media":0,"parent":0,"menu_order":0,"comment_status":"closed","ping_status":"closed","template":"tpl-no-header-footer.php","meta":{"footnotes":""},"class_list":["post-3321","page","type-page","status-publish","hentry"],"yoast_head":"<!-- This site is optimized with the Yoast SEO plugin v27.4 - https:\/\/yoast.com\/product\/yoast-seo-wordpress\/ -->\n<title>felaban annual assembly 2025 - TCMpartners.com - Servicios de consultor\u00eda<\/title>\n<meta name=\"description\" content=\"TCMpartners, en conjunto con Finastra, participar\u00e1 como patrocinador oficial en la 59\u00aa Asamblea Anual de FELABAN, el encuentro m\u00e1s relevante para el sector financiero en Latinoam\u00e9rica.\" \/>\n<meta name=\"robots\" content=\"index, follow, max-snippet:-1, max-image-preview:large, max-video-preview:-1\" \/>\n<link rel=\"canonical\" href=\"https:\/\/tcmpartners.com\/en\/felaban-annual-assembly-2025\/\" \/>\n<meta property=\"og:locale\" content=\"en_US\" \/>\n<meta property=\"og:type\" content=\"article\" \/>\n<meta property=\"og:title\" content=\"felaban annual assembly 2025 - TCMpartners.com - Servicios de consultor\u00eda\" \/>\n<meta property=\"og:description\" content=\"TCMpartners, en conjunto con Finastra, participar\u00e1 como patrocinador oficial en la 59\u00aa Asamblea Anual de FELABAN, el encuentro m\u00e1s relevante para el sector financiero en Latinoam\u00e9rica.\" \/>\n<meta property=\"og:url\" content=\"https:\/\/tcmpartners.com\/en\/felaban-annual-assembly-2025\/\" \/>\n<meta property=\"og:site_name\" content=\"TCMpartners.com - Servicios de consultor\u00eda\" \/>\n<meta property=\"article:publisher\" content=\"https:\/\/www.facebook.com\/TCMpartners\/\" \/>\n<meta property=\"article:modified_time\" content=\"2025-10-10T14:23:51+00:00\" \/>\n<meta property=\"og:image\" content=\"https:\/\/tcmpartners.com\/wp-content\/uploads\/2025\/10\/TCM-Finastra-png.png\" \/>\n<meta name=\"twitter:card\" content=\"summary_large_image\" \/>\n<meta name=\"twitter:label1\" content=\"Est. reading time\" \/>\n\t<meta name=\"twitter:data1\" content=\"1 minute\" \/>\n<script type=\"application\/ld+json\" class=\"yoast-schema-graph\">{\"@context\":\"https:\\\/\\\/schema.org\",\"@graph\":[{\"@type\":\"WebPage\",\"@id\":\"https:\\\/\\\/tcmpartners.com\\\/felaban-annual-assembly-2025\\\/\",\"url\":\"https:\\\/\\\/tcmpartners.com\\\/felaban-annual-assembly-2025\\\/\",\"name\":\"felaban annual assembly 2025 - TCMpartners.com - Servicios de consultor\u00eda\",\"isPartOf\":{\"@id\":\"https:\\\/\\\/tcmpartners.com\\\/#website\"},\"primaryImageOfPage\":{\"@id\":\"https:\\\/\\\/tcmpartners.com\\\/felaban-annual-assembly-2025\\\/#primaryimage\"},\"image\":{\"@id\":\"https:\\\/\\\/tcmpartners.com\\\/felaban-annual-assembly-2025\\\/#primaryimage\"},\"thumbnailUrl\":\"https:\\\/\\\/tcmpartners.com\\\/wp-content\\\/uploads\\\/2025\\\/10\\\/TCM-Finastra-png.png\",\"datePublished\":\"2025-09-24T08:59:33+00:00\",\"dateModified\":\"2025-10-10T14:23:51+00:00\",\"description\":\"TCMpartners, en conjunto con Finastra, participar\u00e1 como patrocinador oficial en la 59\u00aa Asamblea Anual de FELABAN, el encuentro m\u00e1s relevante para el sector financiero en Latinoam\u00e9rica.\",\"breadcrumb\":{\"@id\":\"https:\\\/\\\/tcmpartners.com\\\/felaban-annual-assembly-2025\\\/#breadcrumb\"},\"inLanguage\":\"en-US\",\"potentialAction\":[{\"@type\":\"ReadAction\",\"target\":[\"https:\\\/\\\/tcmpartners.com\\\/felaban-annual-assembly-2025\\\/\"]}]},{\"@type\":\"ImageObject\",\"inLanguage\":\"en-US\",\"@id\":\"https:\\\/\\\/tcmpartners.com\\\/felaban-annual-assembly-2025\\\/#primaryimage\",\"url\":\"https:\\\/\\\/tcmpartners.com\\\/wp-content\\\/uploads\\\/2025\\\/10\\\/TCM-Finastra-png.png\",\"contentUrl\":\"https:\\\/\\\/tcmpartners.com\\\/wp-content\\\/uploads\\\/2025\\\/10\\\/TCM-Finastra-png.png\"},{\"@type\":\"BreadcrumbList\",\"@id\":\"https:\\\/\\\/tcmpartners.com\\\/felaban-annual-assembly-2025\\\/#breadcrumb\",\"itemListElement\":[{\"@type\":\"ListItem\",\"position\":1,\"name\":\"Portada\",\"item\":\"https:\\\/\\\/tcmpartners.com\\\/\"},{\"@type\":\"ListItem\",\"position\":2,\"name\":\"felaban annual assembly 2025\"}]},{\"@type\":\"WebSite\",\"@id\":\"https:\\\/\\\/tcmpartners.com\\\/#website\",\"url\":\"https:\\\/\\\/tcmpartners.com\\\/\",\"name\":\"TCMpartners.com\",\"description\":\"TCMpartners Ofrece servicios de consultor\u00eda que se centran en proveer a las Instituciones Financieras.\",\"publisher\":{\"@id\":\"https:\\\/\\\/tcmpartners.com\\\/#organization\"},\"potentialAction\":[{\"@type\":\"SearchAction\",\"target\":{\"@type\":\"EntryPoint\",\"urlTemplate\":\"https:\\\/\\\/tcmpartners.com\\\/?s={search_term_string}\"},\"query-input\":{\"@type\":\"PropertyValueSpecification\",\"valueRequired\":true,\"valueName\":\"search_term_string\"}}],\"inLanguage\":\"en-US\"},{\"@type\":\"Organization\",\"@id\":\"https:\\\/\\\/tcmpartners.com\\\/#organization\",\"name\":\"TCMpartners.com\",\"url\":\"https:\\\/\\\/tcmpartners.com\\\/\",\"logo\":{\"@type\":\"ImageObject\",\"inLanguage\":\"en-US\",\"@id\":\"https:\\\/\\\/tcmpartners.com\\\/#\\\/schema\\\/logo\\\/image\\\/\",\"url\":\"https:\\\/\\\/tcmpartners.com\\\/wp-content\\\/uploads\\\/2020\\\/04\\\/Logo-Identidad-Web.png\",\"contentUrl\":\"https:\\\/\\\/tcmpartners.com\\\/wp-content\\\/uploads\\\/2020\\\/04\\\/Logo-Identidad-Web.png\",\"width\":787,\"height\":566,\"caption\":\"TCMpartners.com\"},\"image\":{\"@id\":\"https:\\\/\\\/tcmpartners.com\\\/#\\\/schema\\\/logo\\\/image\\\/\"},\"sameAs\":[\"https:\\\/\\\/www.facebook.com\\\/TCMpartners\\\/\",\"https:\\\/\\\/es.linkedin.com\\\/company\\\/tcmpartners\"]}]}<\/script>\n<!-- \/ Yoast SEO plugin. -->","yoast_head_json":{"title":"felaban annual assembly 2025 - TCMpartners.com - Servicios de consultor\u00eda","description":"TCMpartners, en conjunto con Finastra, participar\u00e1 como patrocinador oficial en la 59\u00aa Asamblea Anual de FELABAN, el encuentro m\u00e1s relevante para el sector financiero en Latinoam\u00e9rica.","robots":{"index":"index","follow":"follow","max-snippet":"max-snippet:-1","max-image-preview":"max-image-preview:large","max-video-preview":"max-video-preview:-1"},"canonical":"https:\/\/tcmpartners.com\/en\/felaban-annual-assembly-2025\/","og_locale":"en_US","og_type":"article","og_title":"felaban annual assembly 2025 - TCMpartners.com - Servicios de consultor\u00eda","og_description":"TCMpartners, en conjunto con Finastra, participar\u00e1 como patrocinador oficial en la 59\u00aa Asamblea Anual de FELABAN, el encuentro m\u00e1s relevante para el sector financiero en Latinoam\u00e9rica.","og_url":"https:\/\/tcmpartners.com\/en\/felaban-annual-assembly-2025\/","og_site_name":"TCMpartners.com - Servicios de consultor\u00eda","article_publisher":"https:\/\/www.facebook.com\/TCMpartners\/","article_modified_time":"2025-10-10T14:23:51+00:00","og_image":[{"url":"https:\/\/tcmpartners.com\/wp-content\/uploads\/2025\/10\/TCM-Finastra-png.png","type":"","width":"","height":""}],"twitter_card":"summary_large_image","twitter_misc":{"Est. reading time":"1 minute"},"schema":{"@context":"https:\/\/schema.org","@graph":[{"@type":"WebPage","@id":"https:\/\/tcmpartners.com\/felaban-annual-assembly-2025\/","url":"https:\/\/tcmpartners.com\/felaban-annual-assembly-2025\/","name":"felaban annual assembly 2025 - TCMpartners.com - Servicios de consultor\u00eda","isPartOf":{"@id":"https:\/\/tcmpartners.com\/#website"},"primaryImageOfPage":{"@id":"https:\/\/tcmpartners.com\/felaban-annual-assembly-2025\/#primaryimage"},"image":{"@id":"https:\/\/tcmpartners.com\/felaban-annual-assembly-2025\/#primaryimage"},"thumbnailUrl":"https:\/\/tcmpartners.com\/wp-content\/uploads\/2025\/10\/TCM-Finastra-png.png","datePublished":"2025-09-24T08:59:33+00:00","dateModified":"2025-10-10T14:23:51+00:00","description":"TCMpartners, en conjunto con Finastra, participar\u00e1 como patrocinador oficial en la 59\u00aa Asamblea Anual de FELABAN, el encuentro m\u00e1s relevante para el sector financiero en Latinoam\u00e9rica.","breadcrumb":{"@id":"https:\/\/tcmpartners.com\/felaban-annual-assembly-2025\/#breadcrumb"},"inLanguage":"en-US","potentialAction":[{"@type":"ReadAction","target":["https:\/\/tcmpartners.com\/felaban-annual-assembly-2025\/"]}]},{"@type":"ImageObject","inLanguage":"en-US","@id":"https:\/\/tcmpartners.com\/felaban-annual-assembly-2025\/#primaryimage","url":"https:\/\/tcmpartners.com\/wp-content\/uploads\/2025\/10\/TCM-Finastra-png.png","contentUrl":"https:\/\/tcmpartners.com\/wp-content\/uploads\/2025\/10\/TCM-Finastra-png.png"},{"@type":"BreadcrumbList","@id":"https:\/\/tcmpartners.com\/felaban-annual-assembly-2025\/#breadcrumb","itemListElement":[{"@type":"ListItem","position":1,"name":"Portada","item":"https:\/\/tcmpartners.com\/"},{"@type":"ListItem","position":2,"name":"felaban annual assembly 2025"}]},{"@type":"WebSite","@id":"https:\/\/tcmpartners.com\/#website","url":"https:\/\/tcmpartners.com\/","name":"TCMpartners.com","description":"TCMpartners Ofrece servicios de consultor\u00eda que se centran en proveer a las Instituciones Financieras.","publisher":{"@id":"https:\/\/tcmpartners.com\/#organization"},"potentialAction":[{"@type":"SearchAction","target":{"@type":"EntryPoint","urlTemplate":"https:\/\/tcmpartners.com\/?s={search_term_string}"},"query-input":{"@type":"PropertyValueSpecification","valueRequired":true,"valueName":"search_term_string"}}],"inLanguage":"en-US"},{"@type":"Organization","@id":"https:\/\/tcmpartners.com\/#organization","name":"TCMpartners.com","url":"https:\/\/tcmpartners.com\/","logo":{"@type":"ImageObject","inLanguage":"en-US","@id":"https:\/\/tcmpartners.com\/#\/schema\/logo\/image\/","url":"https:\/\/tcmpartners.com\/wp-content\/uploads\/2020\/04\/Logo-Identidad-Web.png","contentUrl":"https:\/\/tcmpartners.com\/wp-content\/uploads\/2020\/04\/Logo-Identidad-Web.png","width":787,"height":566,"caption":"TCMpartners.com"},"image":{"@id":"https:\/\/tcmpartners.com\/#\/schema\/logo\/image\/"},"sameAs":["https:\/\/www.facebook.com\/TCMpartners\/","https:\/\/es.linkedin.com\/company\/tcmpartners"]}]}},"_links":{"self":[{"href":"https:\/\/tcmpartners.com\/en\/wp-json\/wp\/v2\/pages\/3321","targetHints":{"allow":["GET"]}}],"collection":[{"href":"https:\/\/tcmpartners.com\/en\/wp-json\/wp\/v2\/pages"}],"about":[{"href":"https:\/\/tcmpartners.com\/en\/wp-json\/wp\/v2\/types\/page"}],"author":[{"embeddable":true,"href":"https:\/\/tcmpartners.com\/en\/wp-json\/wp\/v2\/users\/7"}],"replies":[{"embeddable":true,"href":"https:\/\/tcmpartners.com\/en\/wp-json\/wp\/v2\/comments?post=3321"}],"version-history":[{"count":0,"href":"https:\/\/tcmpartners.com\/en\/wp-json\/wp\/v2\/pages\/3321\/revisions"}],"wp:attachment":[{"href":"https:\/\/tcmpartners.com\/en\/wp-json\/wp\/v2\/media?parent=3321"}],"curies":[{"name":"wp","href":"https:\/\/api.w.org\/{rel}","templated":true}]}}