{"id":33,"date":"2020-03-24T08:00:14","date_gmt":"2020-03-24T08:00:14","guid":{"rendered":"https:\/\/tcmpartners.com\/?page_id=33"},"modified":"2024-02-01T12:50:17","modified_gmt":"2024-02-01T12:50:17","slug":"contactanos","status":"publish","type":"page","link":"https:\/\/tcmpartners.com\/en\/contactanos\/","title":{"rendered":"Contact us"},"content":{"rendered":"\n<h2>\n\t\tContacto\n\t<\/h2>\n\t<p>\u00bfEstas interesado en conocer m\u00e1s sobre alguna de nuestras soluciones para el sector financiero o en solicitar alguno de nuestros servicios de consultor\u00eda?<\/p>\n<p>Ingresa tus datos de contacto y uno de nuestros consultores te contactar\u00e1 a la brevedad.<\/p>\n<p>En TCMpartners estamos convencidos que la mejor herramienta para la escalabilidad de tu negocio y el desarrollo profesional, es la colaboraci\u00f3n.<\/p>\n\t<div class=\"wpforms-container wpforms-container-full\" id=\"wpforms-296\"><form id=\"wpforms-form-296\" class=\"wpforms-validate wpforms-form\" data-formid=\"296\" method=\"post\" enctype=\"multipart\/form-data\" action=\"\/en\/wp-json\/wp\/v2\/pages\/33\" data-token=\"937270ccd2d5b6a29d236f60f6059485\" data-token-time=\"1776881891\"><noscript class=\"wpforms-error-noscript\">Please enable JavaScript in your browser to complete this form.<\/noscript><div class=\"wpforms-field-container\"><div id=\"wpforms-296-field_14-container\" class=\"wpforms-field wpforms-field-name\" data-field-id=\"14\"><label class=\"wpforms-field-label wpforms-label-hide\" for=\"wpforms-296-field_14\">Nombre <span class=\"wpforms-required-label\">*<\/span><\/label><div class=\"wpforms-field-row wpforms-field-large\"><div class=\"wpforms-field-row-block wpforms-first wpforms-one-half\"><input type=\"text\" id=\"wpforms-296-field_14\" class=\"wpforms-field-name-first wpforms-field-required\" name=\"wpforms[fields][14][first]\" placeholder=\"Nombre\" required><label for=\"wpforms-296-field_14\" class=\"wpforms-field-sublabel after wpforms-sublabel-hide\">First<\/label><\/div><div class=\"wpforms-field-row-block wpforms-one-half\"><input type=\"text\" id=\"wpforms-296-field_14-last\" class=\"wpforms-field-name-last wpforms-field-required\" name=\"wpforms[fields][14][last]\" placeholder=\"Apellidos\" required><label for=\"wpforms-296-field_14-last\" class=\"wpforms-field-sublabel after wpforms-sublabel-hide\">Last<\/label><\/div><\/div><\/div><div id=\"wpforms-296-field_13-container\" class=\"wpforms-field wpforms-field-layout\" data-field-id=\"13\"><div class=\"wpforms-field-layout-columns wpforms-field-layout-preset-50-50\"><div class=\"wpforms-layout-column wpforms-layout-column-50\" ><div id=\"wpforms-296-field_1-container\" class=\"wpforms-field wpforms-field-email\" data-field-id=\"1\"><label class=\"wpforms-field-label wpforms-label-hide\" for=\"wpforms-296-field_1\">Correo electr\u00f3nico <span class=\"wpforms-required-label\">*<\/span><\/label><input type=\"email\" id=\"wpforms-296-field_1\" class=\"wpforms-field-medium wpforms-field-required\" data-rule-restricted-email=\"1\" name=\"wpforms[fields][1]\" placeholder=\"Correo electr\u00f3nico\" spellcheck=\"false\" required><\/div><div id=\"wpforms-296-field_15-container\" class=\"wpforms-field wpforms-field-text\" data-field-id=\"15\"><label class=\"wpforms-field-label wpforms-label-hide\" for=\"wpforms-296-field_15\">Compa\u00f1\u00eda <span class=\"wpforms-required-label\">*<\/span><\/label><input type=\"text\" id=\"wpforms-296-field_15\" class=\"wpforms-field-medium wpforms-field-required\" name=\"wpforms[fields][15]\" placeholder=\"Compa\u00f1\u00eda\" required><\/div><\/div><div class=\"wpforms-layout-column wpforms-layout-column-50\" ><div id=\"wpforms-296-field_6-container\" class=\"wpforms-field wpforms-field-phone\" data-field-id=\"6\"><label class=\"wpforms-field-label wpforms-label-hide\" for=\"wpforms-296-field_6\">Tel\u00e9fono <span class=\"wpforms-required-label\">*<\/span><\/label><input type=\"tel\" id=\"wpforms-296-field_6\" class=\"wpforms-field-medium wpforms-field-required wpforms-smart-phone-field\" data-rule-smart-phone-field=\"true\" name=\"wpforms[fields][6]\" placeholder=\"Tel\u00e9fono\" aria-label=\"Tel\u00e9fono\" required><\/div><div id=\"wpforms-296-field_16-container\" class=\"wpforms-field wpforms-field-text\" data-field-id=\"16\"><label class=\"wpforms-field-label wpforms-label-hide\" for=\"wpforms-296-field_16\">Cargo <span class=\"wpforms-required-label\">*<\/span><\/label><input type=\"text\" id=\"wpforms-296-field_16\" class=\"wpforms-field-medium wpforms-field-required\" name=\"wpforms[fields][16]\" placeholder=\"Cargo\" required><\/div><\/div><\/div><\/div><div id=\"wpforms-296-field_2-container\" class=\"wpforms-field wpforms-field-textarea\" data-field-id=\"2\"><label class=\"wpforms-field-label wpforms-label-hide\" for=\"wpforms-296-field_2\">Comentario <span class=\"wpforms-required-label\">*<\/span><\/label><textarea id=\"wpforms-296-field_2\" class=\"wpforms-field-medium wpforms-field-required\" name=\"wpforms[fields][2]\" placeholder=\"Escribe tu mensaje aqui\" required><\/textarea><\/div><div id=\"wpforms-296-field_11-container\" class=\"wpforms-field wpforms-field-gdpr-checkbox\" data-field-id=\"11\"><label class=\"wpforms-field-label wpforms-label-hide\">Acuerdo RGPD  <span class=\"wpforms-required-label\">*<\/span><\/label><ul id=\"wpforms-296-field_11\" class=\"wpforms-field-required\"><li class=\"choice-1\"><input type=\"checkbox\" id=\"wpforms-296-field_11_1\" name=\"wpforms[fields][11][]\" value=\"He le\u00eddo y acepto la &lt;a target=&quot;_blank&quot; href=&quot;https:\/\/tcmpartners.com\/privacidad\/&quot;&gt;Pol\u00edtica de Privacidad&lt;\/a&gt;.\" required ><label class=\"wpforms-field-label-inline\" for=\"wpforms-296-field_11_1\">He le\u00eddo y acepto la <a target=\"_blank\" href=\"https:\/\/tcmpartners.com\/privacidad\/\">Pol\u00edtica de Privacidad<\/a>. <span class=\"wpforms-required-label\">*<\/span><\/label><\/li><\/ul><\/div><div id=\"wpforms-296-field_19-container\" class=\"wpforms-field wpforms-field-gdpr-checkbox\" data-field-id=\"19\"><label class=\"wpforms-field-label wpforms-label-hide\">Consentimiento datos de contacto <span class=\"wpforms-required-label\">*<\/span><\/label><ul id=\"wpforms-296-field_19\" class=\"wpforms-field-required\"><li class=\"choice-1\"><input type=\"checkbox\" id=\"wpforms-296-field_19_1\" name=\"wpforms[fields][19][]\" value=\"Doy mi consentimiento a la comunicaci\u00f3n de datos de contacto a las empresas del grupo TCMpartners\" required ><label class=\"wpforms-field-label-inline\" for=\"wpforms-296-field_19_1\">Doy mi consentimiento a la comunicaci\u00f3n de datos de contacto a las empresas del grupo TCMpartners <span class=\"wpforms-required-label\">*<\/span><\/label><\/li><\/ul><\/div><div id=\"wpforms-296-field_20-container\" class=\"wpforms-field wpforms-field-gdpr-checkbox\" data-field-id=\"20\"><label class=\"wpforms-field-label wpforms-label-hide\">Comunicaciones comerciales <span class=\"wpforms-required-label\">*<\/span><\/label><ul id=\"wpforms-296-field_20\" class=\"wpforms-field-required\"><li class=\"choice-1\"><input type=\"checkbox\" id=\"wpforms-296-field_20_1\" name=\"wpforms[fields][20][]\" value=\"Consiento expresamente recibir comunicaciones comerciales de TCMpartners sobre productos y servicios por cualquier medio\" required ><label class=\"wpforms-field-label-inline\" for=\"wpforms-296-field_20_1\">Consiento expresamente recibir comunicaciones comerciales de TCMpartners sobre productos y servicios por cualquier medio <span class=\"wpforms-required-label\">*<\/span><\/label><\/li><\/ul><\/div><div id=\"wpforms-296-field_12-container\" class=\"wpforms-field wpforms-field-captcha\" data-field-id=\"12\"><label class=\"wpforms-field-label\" for=\"wpforms-296-field_12\">Resuelve la operaci\u00f3n <span class=\"wpforms-required-label\">*<\/span><\/label>\t\t\t<div class=\"wpforms-captcha-math\">\n\t\t\t\t<span id=\"wpforms-296-field_12-question\" class=\"wpforms-captcha-equation\">\n\t\t\t\t\t<span class=\"n1\">4<\/span>\n\t\t\t\t\t\t\t<span class=\"cal\">+<\/span>\n\t\t\t\t\t\t\t<span class=\"n2\">14<\/span>\t\t\t\t\t<span class=\"e\">=<\/span>\n\t\t\t\t<\/span>\n\t\t\t\t<input type=\"text\" id=\"wpforms-296-field_12\" class=\"wpforms-field-medium wpforms-field-required a\" data-rule-wpf-captcha=\"math\" data-is-wrapped-field=\"1\" name=\"wpforms[fields][12][a]\" aria-describedby=\"wpforms-296-field_12-question\" required>\t\t\t\t<input type=\"hidden\" name=\"wpforms[fields][12][cal]\" class=\"cal\">\n\t\t\t\t<input type=\"hidden\" name=\"wpforms[fields][12][n2]\" class=\"n2\">\n\t\t\t\t<input type=\"hidden\" name=\"wpforms[fields][12][n1]\" class=\"n1\">\n\t\t\t<\/div>\n\t\t\t<\/div><\/div><!-- .wpforms-field-container -->\r\n\t\t\t<script>\r\n\t\t\tif ( typeof huOptions !== 'undefined' ) {\r\n\t\t\t\tvar huFormData = {\"source\":\"wpforms\",\"id\":296,\"title\":\"Comun\\u00edcate con nosotros\",\"fields\":{\"subject\":{\"first_name\":\"\",\"last_name\":\"\"}}};\r\n\t\t\t\tvar huFormNode = document.querySelector( '[id=\"wpforms-296\"] form' );\r\n\r\n\t\t\t\tvar firstName = huFormNode.querySelector( 'input.wpforms-field-name-first' );\r\n\t\t\t\tvar lastName = huFormNode.querySelector( 'input.wpforms-field-name-last' );\r\n\r\n\t\t\t\tif ( firstName )\r\n\t\t\t\t\thuFormData['fields']['subject']['first_name'] = firstName.getAttribute( 'name' );\r\n\r\n\t\t\t\tif ( lastName )\r\n\t\t\t\t\thuFormData['fields']['subject']['last_name'] = lastName.getAttribute( 'name' );\r\n\r\n\t\t\t\thuFormData['node'] = huFormNode;\r\n\t\t\t\thuOptions['forms'].push( huFormData );\r\n\t\t\t}\r\n\t\t\t<\/script><div class=\"wpforms-recaptcha-container wpforms-is-recaptcha wpforms-is-recaptcha-type-v3\" ><input type=\"hidden\" name=\"wpforms[recaptcha]\" value=\"\"><\/div><div class=\"wpforms-submit-container\" ><input type=\"hidden\" name=\"wpforms[id]\" value=\"296\"><input type=\"hidden\" name=\"page_title\" value=\"\"><input type=\"hidden\" name=\"page_url\" value=\"https:\/\/tcmpartners.com\/en\/wp-json\/wp\/v2\/pages\/33\"><input type=\"hidden\" name=\"url_referer\" value=\"\"><button type=\"submit\" name=\"wpforms[submit]\" id=\"wpforms-submit-296\" class=\"wpforms-submit\" data-alt-text=\"Enviando...\" data-submit-text=\"Enviar\" aria-live=\"assertive\" value=\"wpforms-submit\">Enviar<\/button><\/div><\/form><\/div>  <!-- .wpforms-container -->\n\n","protected":false},"excerpt":{"rendered":"<p>Contacto \u00bfEstas interesado en conocer m\u00e1s sobre alguna de nuestras soluciones para el sector financiero o en solicitar alguno de nuestros servicios de consultor\u00eda? Ingresa tus datos de contacto y uno de nuestros consultores te contactar\u00e1 a la brevedad. En TCMpartners estamos convencidos que la mejor herramienta para la escalabilidad de tu negocio y el&hellip;<\/p>","protected":false},"author":192,"featured_media":0,"parent":0,"menu_order":0,"comment_status":"closed","ping_status":"closed","template":"","meta":{"footnotes":""},"class_list":["post-33","page","type-page","status-publish","hentry"],"yoast_head":"<!-- This site is optimized with the Yoast SEO plugin v27.4 - https:\/\/yoast.com\/product\/yoast-seo-wordpress\/ -->\n<title>Cont\u00e1ctanos - TCMpartners.com - Servicios de consultor\u00eda<\/title>\n<meta name=\"robots\" content=\"index, follow, max-snippet:-1, max-image-preview:large, max-video-preview:-1\" \/>\n<link rel=\"canonical\" href=\"https:\/\/tcmpartners.com\/en\/contactanos\/\" \/>\n<meta property=\"og:locale\" content=\"en_US\" \/>\n<meta property=\"og:type\" content=\"article\" \/>\n<meta property=\"og:title\" content=\"Cont\u00e1ctanos - TCMpartners.com - Servicios de consultor\u00eda\" \/>\n<meta property=\"og:description\" content=\"Contacto \u00bfEstas interesado en conocer m\u00e1s sobre alguna de nuestras soluciones para el sector financiero o en solicitar alguno de nuestros servicios de consultor\u00eda? Ingresa tus datos de contacto y uno de nuestros consultores te contactar\u00e1 a la brevedad. En TCMpartners estamos convencidos que la mejor herramienta para la escalabilidad de tu negocio y el&hellip;\" \/>\n<meta property=\"og:url\" content=\"https:\/\/tcmpartners.com\/en\/contactanos\/\" \/>\n<meta property=\"og:site_name\" content=\"TCMpartners.com - Servicios de consultor\u00eda\" \/>\n<meta property=\"article:publisher\" content=\"https:\/\/www.facebook.com\/TCMpartners\/\" \/>\n<meta property=\"article:modified_time\" content=\"2024-02-01T12:50:17+00:00\" \/>\n<meta name=\"twitter:card\" content=\"summary_large_image\" \/>\n<meta name=\"twitter:label1\" content=\"Est. reading time\" \/>\n\t<meta name=\"twitter:data1\" content=\"2 minutes\" \/>\n<script type=\"application\/ld+json\" class=\"yoast-schema-graph\">{\"@context\":\"https:\\\/\\\/schema.org\",\"@graph\":[{\"@type\":\"WebPage\",\"@id\":\"https:\\\/\\\/tcmpartners.com\\\/contactanos\\\/\",\"url\":\"https:\\\/\\\/tcmpartners.com\\\/contactanos\\\/\",\"name\":\"Cont\u00e1ctanos - TCMpartners.com - Servicios de consultor\u00eda\",\"isPartOf\":{\"@id\":\"https:\\\/\\\/tcmpartners.com\\\/#website\"},\"datePublished\":\"2020-03-24T08:00:14+00:00\",\"dateModified\":\"2024-02-01T12:50:17+00:00\",\"breadcrumb\":{\"@id\":\"https:\\\/\\\/tcmpartners.com\\\/contactanos\\\/#breadcrumb\"},\"inLanguage\":\"en-US\",\"potentialAction\":[{\"@type\":\"ReadAction\",\"target\":[\"https:\\\/\\\/tcmpartners.com\\\/contactanos\\\/\"]}]},{\"@type\":\"BreadcrumbList\",\"@id\":\"https:\\\/\\\/tcmpartners.com\\\/contactanos\\\/#breadcrumb\",\"itemListElement\":[{\"@type\":\"ListItem\",\"position\":1,\"name\":\"Portada\",\"item\":\"https:\\\/\\\/tcmpartners.com\\\/\"},{\"@type\":\"ListItem\",\"position\":2,\"name\":\"Cont\u00e1ctanos\"}]},{\"@type\":\"WebSite\",\"@id\":\"https:\\\/\\\/tcmpartners.com\\\/#website\",\"url\":\"https:\\\/\\\/tcmpartners.com\\\/\",\"name\":\"TCMpartners.com\",\"description\":\"TCMpartners Ofrece servicios de consultor\u00eda que se centran en proveer a las Instituciones Financieras.\",\"publisher\":{\"@id\":\"https:\\\/\\\/tcmpartners.com\\\/#organization\"},\"potentialAction\":[{\"@type\":\"SearchAction\",\"target\":{\"@type\":\"EntryPoint\",\"urlTemplate\":\"https:\\\/\\\/tcmpartners.com\\\/?s={search_term_string}\"},\"query-input\":{\"@type\":\"PropertyValueSpecification\",\"valueRequired\":true,\"valueName\":\"search_term_string\"}}],\"inLanguage\":\"en-US\"},{\"@type\":\"Organization\",\"@id\":\"https:\\\/\\\/tcmpartners.com\\\/#organization\",\"name\":\"TCMpartners.com\",\"url\":\"https:\\\/\\\/tcmpartners.com\\\/\",\"logo\":{\"@type\":\"ImageObject\",\"inLanguage\":\"en-US\",\"@id\":\"https:\\\/\\\/tcmpartners.com\\\/#\\\/schema\\\/logo\\\/image\\\/\",\"url\":\"https:\\\/\\\/tcmpartners.com\\\/wp-content\\\/uploads\\\/2020\\\/04\\\/Logo-Identidad-Web.png\",\"contentUrl\":\"https:\\\/\\\/tcmpartners.com\\\/wp-content\\\/uploads\\\/2020\\\/04\\\/Logo-Identidad-Web.png\",\"width\":787,\"height\":566,\"caption\":\"TCMpartners.com\"},\"image\":{\"@id\":\"https:\\\/\\\/tcmpartners.com\\\/#\\\/schema\\\/logo\\\/image\\\/\"},\"sameAs\":[\"https:\\\/\\\/www.facebook.com\\\/TCMpartners\\\/\",\"https:\\\/\\\/es.linkedin.com\\\/company\\\/tcmpartners\"]}]}<\/script>\n<!-- \/ Yoast SEO plugin. -->","yoast_head_json":{"title":"Cont\u00e1ctanos - TCMpartners.com - Servicios de consultor\u00eda","robots":{"index":"index","follow":"follow","max-snippet":"max-snippet:-1","max-image-preview":"max-image-preview:large","max-video-preview":"max-video-preview:-1"},"canonical":"https:\/\/tcmpartners.com\/en\/contactanos\/","og_locale":"en_US","og_type":"article","og_title":"Cont\u00e1ctanos - TCMpartners.com - Servicios de consultor\u00eda","og_description":"Contacto \u00bfEstas interesado en conocer m\u00e1s sobre alguna de nuestras soluciones para el sector financiero o en solicitar alguno de nuestros servicios de consultor\u00eda? Ingresa tus datos de contacto y uno de nuestros consultores te contactar\u00e1 a la brevedad. En TCMpartners estamos convencidos que la mejor herramienta para la escalabilidad de tu negocio y el&hellip;","og_url":"https:\/\/tcmpartners.com\/en\/contactanos\/","og_site_name":"TCMpartners.com - Servicios de consultor\u00eda","article_publisher":"https:\/\/www.facebook.com\/TCMpartners\/","article_modified_time":"2024-02-01T12:50:17+00:00","twitter_card":"summary_large_image","twitter_misc":{"Est. reading time":"2 minutes"},"schema":{"@context":"https:\/\/schema.org","@graph":[{"@type":"WebPage","@id":"https:\/\/tcmpartners.com\/contactanos\/","url":"https:\/\/tcmpartners.com\/contactanos\/","name":"Cont\u00e1ctanos - TCMpartners.com - Servicios de consultor\u00eda","isPartOf":{"@id":"https:\/\/tcmpartners.com\/#website"},"datePublished":"2020-03-24T08:00:14+00:00","dateModified":"2024-02-01T12:50:17+00:00","breadcrumb":{"@id":"https:\/\/tcmpartners.com\/contactanos\/#breadcrumb"},"inLanguage":"en-US","potentialAction":[{"@type":"ReadAction","target":["https:\/\/tcmpartners.com\/contactanos\/"]}]},{"@type":"BreadcrumbList","@id":"https:\/\/tcmpartners.com\/contactanos\/#breadcrumb","itemListElement":[{"@type":"ListItem","position":1,"name":"Portada","item":"https:\/\/tcmpartners.com\/"},{"@type":"ListItem","position":2,"name":"Cont\u00e1ctanos"}]},{"@type":"WebSite","@id":"https:\/\/tcmpartners.com\/#website","url":"https:\/\/tcmpartners.com\/","name":"TCMpartners.com","description":"TCMpartners Ofrece servicios de consultor\u00eda que se centran en proveer a las Instituciones Financieras.","publisher":{"@id":"https:\/\/tcmpartners.com\/#organization"},"potentialAction":[{"@type":"SearchAction","target":{"@type":"EntryPoint","urlTemplate":"https:\/\/tcmpartners.com\/?s={search_term_string}"},"query-input":{"@type":"PropertyValueSpecification","valueRequired":true,"valueName":"search_term_string"}}],"inLanguage":"en-US"},{"@type":"Organization","@id":"https:\/\/tcmpartners.com\/#organization","name":"TCMpartners.com","url":"https:\/\/tcmpartners.com\/","logo":{"@type":"ImageObject","inLanguage":"en-US","@id":"https:\/\/tcmpartners.com\/#\/schema\/logo\/image\/","url":"https:\/\/tcmpartners.com\/wp-content\/uploads\/2020\/04\/Logo-Identidad-Web.png","contentUrl":"https:\/\/tcmpartners.com\/wp-content\/uploads\/2020\/04\/Logo-Identidad-Web.png","width":787,"height":566,"caption":"TCMpartners.com"},"image":{"@id":"https:\/\/tcmpartners.com\/#\/schema\/logo\/image\/"},"sameAs":["https:\/\/www.facebook.com\/TCMpartners\/","https:\/\/es.linkedin.com\/company\/tcmpartners"]}]}},"_links":{"self":[{"href":"https:\/\/tcmpartners.com\/en\/wp-json\/wp\/v2\/pages\/33","targetHints":{"allow":["GET"]}}],"collection":[{"href":"https:\/\/tcmpartners.com\/en\/wp-json\/wp\/v2\/pages"}],"about":[{"href":"https:\/\/tcmpartners.com\/en\/wp-json\/wp\/v2\/types\/page"}],"author":[{"embeddable":true,"href":"https:\/\/tcmpartners.com\/en\/wp-json\/wp\/v2\/users\/192"}],"replies":[{"embeddable":true,"href":"https:\/\/tcmpartners.com\/en\/wp-json\/wp\/v2\/comments?post=33"}],"version-history":[{"count":0,"href":"https:\/\/tcmpartners.com\/en\/wp-json\/wp\/v2\/pages\/33\/revisions"}],"wp:attachment":[{"href":"https:\/\/tcmpartners.com\/en\/wp-json\/wp\/v2\/media?parent=33"}],"curies":[{"name":"wp","href":"https:\/\/api.w.org\/{rel}","templated":true}]}}