{"id":230,"date":"2020-03-27T07:59:08","date_gmt":"2020-03-27T07:59:08","guid":{"rendered":"https:\/\/tcmpartners.com\/?page_id=230"},"modified":"2021-07-08T16:41:13","modified_gmt":"2021-07-08T16:41:13","slug":"managed-servcies","status":"publish","type":"page","link":"https:\/\/tcmpartners.com\/en\/managed-servcies\/","title":{"rendered":"Managed Services"},"content":{"rendered":"<h2>\n\t\tManaged Services\n\t<\/h2>\n\t<p>Esta nueva experiencia de software gestionado (SaaS) permite a las instituciones financieras beneficiarse de los servicios gestionados de mercado de capitales. Las soluciones de Tesorer\u00eda y Mercados de Capitales de \u00e1mbito mundial, y los servicios gestionados de TCMpartners elevan la eficiencia de los procesos de negocio, y ofrecen ahorros notables. No hace falta comprar, instalar ni mantener equipos f\u00edsicos, por lo que el coste total para el cliente se reduce .<\/p>\n\t<p>In&nbsp;<strong>tcmpartners<\/strong>&nbsp;trabajamos, en asociaci\u00f3n con los proveedores tecnol\u00f3gicos lideres del sector, para proporcionar una soluci\u00f3n externalizada y compartida. Ello permitir\u00e1 a la mayor\u00eda de entidades financieras, sin ser su tama\u00f1o determinante, obtener econom\u00edas de escala y en consecuencia las mismas ventajas que est\u00e1n obteniendo los bancos m\u00e1s grandes en sus inversiones tecnol\u00f3gicas.<\/p>\n\t\t\t\t<a href=\"https:\/\/tcmpartners.com\/wp-content\/uploads\/2020\/03\/TCM-Partners-img1.jpg\" target=\"_self\" itemprop=\"url\" rel=\"noopener noreferrer\">\n\t\t\t\t<img decoding=\"async\" src=\"https:\/\/tcmpartners.com\/wp-content\/uploads\/2020\/03\/TCM-Partners-img1.jpg\" alt=\"Hands of businessman giving document with website visiting activity chart to coworker\" itemprop=\"image\" height=\"800\" width=\"1200\" title=\"Business people analyzing website visiting activity\" onerror=\"this.style.display='none'\">\n\t\t\t\t<\/a>\n\t\t<h3>\u00bfTiene alguna pregunta, petici\u00f3n o sugerencia acerca de nuestra gama de servicios?<\/h3>\n\t\t<p>P\u00f3ngase en contacto con nosotros y le contestaremos lo antes posible<\/p>\n\t\t\t<a href=\"https:\/\/tcmpartners.com\/en\/contacta\/\" target=\"_self\" role=\"button\" rel=\"noopener noreferrer\">\n\t\t\t\t\t\t\t\u00a1Pulsa Aqu\u00ed!\n\t\t\t\t\t<\/a>\n<h3>\n\t\tOtros servicios\n\t<\/h3>\n\t<h4><a href=\"https:\/\/tcmpartners.com\/en\/implantacion-de-soluciones-tecnologicas-para-el-sector-financiero-fintech\/\">Implantaci\u00f3n de Soluciones Tecnol\u00f3gicas para el Sector Financiero (FinTech)<\/a><\/h4>\n\t<h4><a href=\"https:\/\/tcmpartners.com\/en\/soluciones-para-nuevos-requerimientos-regulatorios-y-de-la-funcion-de-riesgos\/\">Soluciones para nuevos Requerimientos Regulatorios y de la Funci\u00f3n de Riesgos<\/a><\/h4>","protected":false},"excerpt":{"rendered":"<p>Managed Services Esta nueva experiencia de software gestionado (SaaS) permite a las instituciones financieras beneficiarse de los servicios gestionados de mercado de capitales. Las soluciones de Tesorer\u00eda y Mercados de Capitales de \u00e1mbito mundial, y los servicios gestionados de TCMpartners elevan la eficiencia de los procesos de negocio, y ofrecen ahorros notables. No hace falta&hellip;<\/p>","protected":false},"author":4,"featured_media":0,"parent":0,"menu_order":0,"comment_status":"closed","ping_status":"closed","template":"","meta":{"footnotes":""},"class_list":["post-230","page","type-page","status-publish","hentry"],"yoast_head":"<!-- This site is optimized with the Yoast SEO plugin v27.4 - https:\/\/yoast.com\/product\/yoast-seo-wordpress\/ -->\n<title>Managed Services - TCMpartners.com - Servicios de consultor\u00eda<\/title>\n<meta name=\"robots\" content=\"index, follow, max-snippet:-1, max-image-preview:large, max-video-preview:-1\" \/>\n<link rel=\"canonical\" href=\"https:\/\/tcmpartners.com\/en\/managed-servcies\/\" \/>\n<meta property=\"og:locale\" content=\"en_US\" \/>\n<meta property=\"og:type\" content=\"article\" \/>\n<meta property=\"og:title\" content=\"Managed Services - TCMpartners.com - Servicios de consultor\u00eda\" \/>\n<meta property=\"og:description\" content=\"Managed Services Esta nueva experiencia de software gestionado (SaaS) permite a las instituciones financieras beneficiarse de los servicios gestionados de mercado de capitales. Las soluciones de Tesorer\u00eda y Mercados de Capitales de \u00e1mbito mundial, y los servicios gestionados de TCMpartners elevan la eficiencia de los procesos de negocio, y ofrecen ahorros notables. No hace falta&hellip;\" \/>\n<meta property=\"og:url\" content=\"https:\/\/tcmpartners.com\/en\/managed-servcies\/\" \/>\n<meta property=\"og:site_name\" content=\"TCMpartners.com - Servicios de consultor\u00eda\" \/>\n<meta property=\"article:publisher\" content=\"https:\/\/www.facebook.com\/TCMpartners\/\" \/>\n<meta property=\"article:modified_time\" content=\"2021-07-08T16:41:13+00:00\" \/>\n<meta property=\"og:image\" content=\"https:\/\/tcmpartners.com\/wp-content\/uploads\/2020\/03\/TCM-Partners-img1.jpg\" \/>\n<meta name=\"twitter:card\" content=\"summary_large_image\" \/>\n<meta name=\"twitter:label1\" content=\"Est. reading time\" \/>\n\t<meta name=\"twitter:data1\" content=\"1 minute\" \/>\n<script type=\"application\/ld+json\" class=\"yoast-schema-graph\">{\"@context\":\"https:\\\/\\\/schema.org\",\"@graph\":[{\"@type\":\"WebPage\",\"@id\":\"https:\\\/\\\/tcmpartners.com\\\/managed-servcies\\\/\",\"url\":\"https:\\\/\\\/tcmpartners.com\\\/managed-servcies\\\/\",\"name\":\"Managed Services - TCMpartners.com - Servicios de consultor\u00eda\",\"isPartOf\":{\"@id\":\"https:\\\/\\\/tcmpartners.com\\\/#website\"},\"primaryImageOfPage\":{\"@id\":\"https:\\\/\\\/tcmpartners.com\\\/managed-servcies\\\/#primaryimage\"},\"image\":{\"@id\":\"https:\\\/\\\/tcmpartners.com\\\/managed-servcies\\\/#primaryimage\"},\"thumbnailUrl\":\"https:\\\/\\\/tcmpartners.com\\\/wp-content\\\/uploads\\\/2020\\\/03\\\/TCM-Partners-img1.jpg\",\"datePublished\":\"2020-03-27T07:59:08+00:00\",\"dateModified\":\"2021-07-08T16:41:13+00:00\",\"breadcrumb\":{\"@id\":\"https:\\\/\\\/tcmpartners.com\\\/managed-servcies\\\/#breadcrumb\"},\"inLanguage\":\"en-US\",\"potentialAction\":[{\"@type\":\"ReadAction\",\"target\":[\"https:\\\/\\\/tcmpartners.com\\\/managed-servcies\\\/\"]}]},{\"@type\":\"ImageObject\",\"inLanguage\":\"en-US\",\"@id\":\"https:\\\/\\\/tcmpartners.com\\\/managed-servcies\\\/#primaryimage\",\"url\":\"https:\\\/\\\/tcmpartners.com\\\/wp-content\\\/uploads\\\/2020\\\/03\\\/TCM-Partners-img1.jpg\",\"contentUrl\":\"https:\\\/\\\/tcmpartners.com\\\/wp-content\\\/uploads\\\/2020\\\/03\\\/TCM-Partners-img1.jpg\"},{\"@type\":\"BreadcrumbList\",\"@id\":\"https:\\\/\\\/tcmpartners.com\\\/managed-servcies\\\/#breadcrumb\",\"itemListElement\":[{\"@type\":\"ListItem\",\"position\":1,\"name\":\"Portada\",\"item\":\"https:\\\/\\\/tcmpartners.com\\\/\"},{\"@type\":\"ListItem\",\"position\":2,\"name\":\"Managed Services\"}]},{\"@type\":\"WebSite\",\"@id\":\"https:\\\/\\\/tcmpartners.com\\\/#website\",\"url\":\"https:\\\/\\\/tcmpartners.com\\\/\",\"name\":\"TCMpartners.com\",\"description\":\"TCMpartners Ofrece servicios de consultor\u00eda que se centran en proveer a las Instituciones Financieras.\",\"publisher\":{\"@id\":\"https:\\\/\\\/tcmpartners.com\\\/#organization\"},\"potentialAction\":[{\"@type\":\"SearchAction\",\"target\":{\"@type\":\"EntryPoint\",\"urlTemplate\":\"https:\\\/\\\/tcmpartners.com\\\/?s={search_term_string}\"},\"query-input\":{\"@type\":\"PropertyValueSpecification\",\"valueRequired\":true,\"valueName\":\"search_term_string\"}}],\"inLanguage\":\"en-US\"},{\"@type\":\"Organization\",\"@id\":\"https:\\\/\\\/tcmpartners.com\\\/#organization\",\"name\":\"TCMpartners.com\",\"url\":\"https:\\\/\\\/tcmpartners.com\\\/\",\"logo\":{\"@type\":\"ImageObject\",\"inLanguage\":\"en-US\",\"@id\":\"https:\\\/\\\/tcmpartners.com\\\/#\\\/schema\\\/logo\\\/image\\\/\",\"url\":\"https:\\\/\\\/tcmpartners.com\\\/wp-content\\\/uploads\\\/2020\\\/04\\\/Logo-Identidad-Web.png\",\"contentUrl\":\"https:\\\/\\\/tcmpartners.com\\\/wp-content\\\/uploads\\\/2020\\\/04\\\/Logo-Identidad-Web.png\",\"width\":787,\"height\":566,\"caption\":\"TCMpartners.com\"},\"image\":{\"@id\":\"https:\\\/\\\/tcmpartners.com\\\/#\\\/schema\\\/logo\\\/image\\\/\"},\"sameAs\":[\"https:\\\/\\\/www.facebook.com\\\/TCMpartners\\\/\",\"https:\\\/\\\/es.linkedin.com\\\/company\\\/tcmpartners\"]}]}<\/script>\n<!-- \/ Yoast SEO plugin. -->","yoast_head_json":{"title":"Managed Services - TCMpartners.com - Servicios de consultor\u00eda","robots":{"index":"index","follow":"follow","max-snippet":"max-snippet:-1","max-image-preview":"max-image-preview:large","max-video-preview":"max-video-preview:-1"},"canonical":"https:\/\/tcmpartners.com\/en\/managed-servcies\/","og_locale":"en_US","og_type":"article","og_title":"Managed Services - TCMpartners.com - Servicios de consultor\u00eda","og_description":"Managed Services Esta nueva experiencia de software gestionado (SaaS) permite a las instituciones financieras beneficiarse de los servicios gestionados de mercado de capitales. Las soluciones de Tesorer\u00eda y Mercados de Capitales de \u00e1mbito mundial, y los servicios gestionados de TCMpartners elevan la eficiencia de los procesos de negocio, y ofrecen ahorros notables. No hace falta&hellip;","og_url":"https:\/\/tcmpartners.com\/en\/managed-servcies\/","og_site_name":"TCMpartners.com - Servicios de consultor\u00eda","article_publisher":"https:\/\/www.facebook.com\/TCMpartners\/","article_modified_time":"2021-07-08T16:41:13+00:00","og_image":[{"url":"https:\/\/tcmpartners.com\/wp-content\/uploads\/2020\/03\/TCM-Partners-img1.jpg","type":"","width":"","height":""}],"twitter_card":"summary_large_image","twitter_misc":{"Est. reading time":"1 minute"},"schema":{"@context":"https:\/\/schema.org","@graph":[{"@type":"WebPage","@id":"https:\/\/tcmpartners.com\/managed-servcies\/","url":"https:\/\/tcmpartners.com\/managed-servcies\/","name":"Managed Services - TCMpartners.com - Servicios de consultor\u00eda","isPartOf":{"@id":"https:\/\/tcmpartners.com\/#website"},"primaryImageOfPage":{"@id":"https:\/\/tcmpartners.com\/managed-servcies\/#primaryimage"},"image":{"@id":"https:\/\/tcmpartners.com\/managed-servcies\/#primaryimage"},"thumbnailUrl":"https:\/\/tcmpartners.com\/wp-content\/uploads\/2020\/03\/TCM-Partners-img1.jpg","datePublished":"2020-03-27T07:59:08+00:00","dateModified":"2021-07-08T16:41:13+00:00","breadcrumb":{"@id":"https:\/\/tcmpartners.com\/managed-servcies\/#breadcrumb"},"inLanguage":"en-US","potentialAction":[{"@type":"ReadAction","target":["https:\/\/tcmpartners.com\/managed-servcies\/"]}]},{"@type":"ImageObject","inLanguage":"en-US","@id":"https:\/\/tcmpartners.com\/managed-servcies\/#primaryimage","url":"https:\/\/tcmpartners.com\/wp-content\/uploads\/2020\/03\/TCM-Partners-img1.jpg","contentUrl":"https:\/\/tcmpartners.com\/wp-content\/uploads\/2020\/03\/TCM-Partners-img1.jpg"},{"@type":"BreadcrumbList","@id":"https:\/\/tcmpartners.com\/managed-servcies\/#breadcrumb","itemListElement":[{"@type":"ListItem","position":1,"name":"Portada","item":"https:\/\/tcmpartners.com\/"},{"@type":"ListItem","position":2,"name":"Managed Services"}]},{"@type":"WebSite","@id":"https:\/\/tcmpartners.com\/#website","url":"https:\/\/tcmpartners.com\/","name":"TCMpartners.com","description":"TCMpartners Ofrece servicios de consultor\u00eda que se centran en proveer a las Instituciones Financieras.","publisher":{"@id":"https:\/\/tcmpartners.com\/#organization"},"potentialAction":[{"@type":"SearchAction","target":{"@type":"EntryPoint","urlTemplate":"https:\/\/tcmpartners.com\/?s={search_term_string}"},"query-input":{"@type":"PropertyValueSpecification","valueRequired":true,"valueName":"search_term_string"}}],"inLanguage":"en-US"},{"@type":"Organization","@id":"https:\/\/tcmpartners.com\/#organization","name":"TCMpartners.com","url":"https:\/\/tcmpartners.com\/","logo":{"@type":"ImageObject","inLanguage":"en-US","@id":"https:\/\/tcmpartners.com\/#\/schema\/logo\/image\/","url":"https:\/\/tcmpartners.com\/wp-content\/uploads\/2020\/04\/Logo-Identidad-Web.png","contentUrl":"https:\/\/tcmpartners.com\/wp-content\/uploads\/2020\/04\/Logo-Identidad-Web.png","width":787,"height":566,"caption":"TCMpartners.com"},"image":{"@id":"https:\/\/tcmpartners.com\/#\/schema\/logo\/image\/"},"sameAs":["https:\/\/www.facebook.com\/TCMpartners\/","https:\/\/es.linkedin.com\/company\/tcmpartners"]}]}},"_links":{"self":[{"href":"https:\/\/tcmpartners.com\/en\/wp-json\/wp\/v2\/pages\/230","targetHints":{"allow":["GET"]}}],"collection":[{"href":"https:\/\/tcmpartners.com\/en\/wp-json\/wp\/v2\/pages"}],"about":[{"href":"https:\/\/tcmpartners.com\/en\/wp-json\/wp\/v2\/types\/page"}],"author":[{"embeddable":true,"href":"https:\/\/tcmpartners.com\/en\/wp-json\/wp\/v2\/users\/4"}],"replies":[{"embeddable":true,"href":"https:\/\/tcmpartners.com\/en\/wp-json\/wp\/v2\/comments?post=230"}],"version-history":[{"count":0,"href":"https:\/\/tcmpartners.com\/en\/wp-json\/wp\/v2\/pages\/230\/revisions"}],"wp:attachment":[{"href":"https:\/\/tcmpartners.com\/en\/wp-json\/wp\/v2\/media?parent=230"}],"curies":[{"name":"wp","href":"https:\/\/api.w.org\/{rel}","templated":true}]}}