{"id":228,"date":"2020-03-27T07:58:25","date_gmt":"2020-03-27T07:58:25","guid":{"rendered":"https:\/\/tcmpartners.com\/?page_id=228"},"modified":"2020-11-30T18:29:18","modified_gmt":"2020-11-30T18:29:18","slug":"soluciones-para-nuevos-requerimientos-regulatorios-y-de-la-funcion-de-riesgos","status":"publish","type":"page","link":"https:\/\/tcmpartners.com\/en\/soluciones-para-nuevos-requerimientos-regulatorios-y-de-la-funcion-de-riesgos\/","title":{"rendered":"Soluciones para nuevos Requerimientos Regulatorios y de la Funci\u00f3n de Riesgos"},"content":{"rendered":"<h2>\n\t\tSoluciones para nuevos Requerimientos Regulatorios y de la Funci\u00f3n de Riesgos\n\t<\/h2>\n\t<p><strong>tcmpartners<\/strong>\u00a0pone al alcance de las entidades financieras consultores con la experiencia y conocimiento necesarios para completar la implementaci\u00f3n exitosa de proyectos ligados a los nuevos requerimientos regulatorios y de la funci\u00f3n de riesgos:<\/p>\n\t\t\t<a href=\"#\" id=\"fl-accordion--label-0\" tabindex=\"0\" aria-controls=\"fl-accordion--panel-0\">1. Aparici\u00f3n de nuevos factores de riesgos<\/a>\n<p>Ej: Ajuste de cr\u00e9dito en derivados (CVA\/DVA), Coste de financiaci\u00f3n de los derivados (FVA). Repercusi\u00f3n en el computo de capital regulatorio.<\/p>\n\t\t\t<a href=\"#\" id=\"fl-accordion--label-1\" tabindex=\"0\" aria-controls=\"fl-accordion--panel-1\">2. Tratamiento especifico de las contrapartidas \u00fanicas centralizadas.<\/a>\n<p>Debido a su relevancia, el riesgo que se adquiere con las c\u00e1maras se empieza a contemplar en el computo del capital regulatorio.<\/p>\n\t\t\t<a href=\"#\" id=\"fl-accordion--label-2\" tabindex=\"0\" aria-controls=\"fl-accordion--panel-2\">3. La tendencia a desaparecer de la financiaci\u00f3n bancaria sin colateral<\/a>\n<p>Activa la necesidad de optimizar el uso de los colaterales y obliga a una gesti\u00f3n muy activa de las l\u00edneas de contrapartida.<\/p>\n\t\t\t<a href=\"#\" id=\"fl-accordion--label-3\" tabindex=\"0\" aria-controls=\"fl-accordion--panel-3\">4. Requerimientos de capital<\/a>\n<p>Para grandes concentraciones de riesgo.<\/p>\n\t\t\t<a href=\"#\" id=\"fl-accordion--label-4\" tabindex=\"0\" aria-controls=\"fl-accordion--panel-4\">5. Directiva espec\u00edfica<\/a>\n<p>Para la agregaci\u00f3n de datos.<\/p>\n\t\t\t<a href=\"#\" id=\"fl-accordion--label-5\" tabindex=\"0\" aria-controls=\"fl-accordion--panel-5\">6. C\u00e1lculo de ratios de apalancamiento<\/a>\n<p>Ratios de liquidez (LCR) y estabilidad financiera (NFSR).<\/p>\n\t\t\t<a href=\"#\" id=\"fl-accordion--label-6\" tabindex=\"0\" aria-controls=\"fl-accordion--panel-6\">7. Nueva metodolog\u00eda<\/a>\n<p>En el calculo de la exposici\u00f3n de derivados (non internal model).<\/p>\n\t\t\t<a href=\"#\" id=\"fl-accordion--label-7\" tabindex=\"0\" aria-controls=\"fl-accordion--panel-7\">8. Normativa<\/a>\n<p>Emir y Dodd-Frank.<\/p>\n\t\t\t\t<a href=\"https:\/\/tcmpartners.com\/wp-content\/uploads\/2020\/03\/Report3.png\" target=\"_self\" itemprop=\"url\" rel=\"noopener noreferrer\">\n\t\t\t\t<img decoding=\"async\" src=\"https:\/\/tcmpartners.com\/wp-content\/uploads\/2020\/03\/Report3.png\" alt=\"Report3\" itemprop=\"image\" height=\"757\" width=\"1440\" title=\"Report3\" onerror=\"this.style.display='none'\"  \/>\n\t\t\t\t<\/a>\n\t\t<h3>\u00bfTiene alguna pregunta, petici\u00f3n o sugerencia acerca de nuestra gama de servicios?<\/h3>\n\t\t<p>P\u00f3ngase en contacto con nosotros y le contestaremos lo antes posible<\/p>\n\t\t\t<a href=\"https:\/\/tcmpartners.com\/en\/contacta\/\" target=\"_self\" role=\"button\" rel=\"noopener noreferrer\">\n\t\t\t\t\t\t\t\u00a1Pulsa Aqu\u00ed!\n\t\t\t\t\t<\/a>\n<h3>\n\t\tOtros servicios\n\t<\/h3>\n\t<h4><a href=\"https:\/\/tcmpartners.com\/en\/implantacion-de-soluciones-tecnologicas-para-el-sector-financiero-fintech\/\">Implantaci\u00f3n de Soluciones Tecnol\u00f3gicas para el Sector Financiero (FinTech)<\/a><\/h4>\n\t<h4><a href=\"https:\/\/tcmpartners.com\/en\/outsourcing-middle-back-office\/\">Outsourcing Middle &amp; Back Office<\/a><\/h4>","protected":false},"excerpt":{"rendered":"<p>Soluciones para nuevos Requerimientos Regulatorios y de la Funci\u00f3n de Riesgos tcmpartners\u00a0pone al alcance de las entidades financieras consultores con la experiencia y conocimiento necesarios para completar la implementaci\u00f3n exitosa de proyectos ligados a los nuevos requerimientos regulatorios y de la funci\u00f3n de riesgos: 1. Aparici\u00f3n de nuevos factores de riesgos Ej: Ajuste de cr\u00e9dito&hellip;<\/p>","protected":false},"author":4,"featured_media":0,"parent":0,"menu_order":0,"comment_status":"closed","ping_status":"closed","template":"","meta":{"footnotes":""},"class_list":["post-228","page","type-page","status-publish","hentry"],"yoast_head":"<!-- This site is optimized with the Yoast SEO plugin v27.2 - https:\/\/yoast.com\/product\/yoast-seo-wordpress\/ -->\n<title>Soluciones para nuevos Requerimientos Regulatorios y de la Funci\u00f3n de Riesgos - TCMpartners.com - Servicios de consultor\u00eda<\/title>\n<meta name=\"robots\" content=\"index, follow, max-snippet:-1, max-image-preview:large, max-video-preview:-1\" \/>\n<link rel=\"canonical\" href=\"https:\/\/tcmpartners.com\/en\/soluciones-para-nuevos-requerimientos-regulatorios-y-de-la-funcion-de-riesgos\/\" \/>\n<meta property=\"og:locale\" content=\"en_US\" \/>\n<meta property=\"og:type\" content=\"article\" \/>\n<meta property=\"og:title\" content=\"Soluciones para nuevos Requerimientos Regulatorios y de la Funci\u00f3n de Riesgos - TCMpartners.com - Servicios de consultor\u00eda\" \/>\n<meta property=\"og:description\" content=\"Soluciones para nuevos Requerimientos Regulatorios y de la Funci\u00f3n de Riesgos tcmpartners\u00a0pone al alcance de las entidades financieras consultores con la experiencia y conocimiento necesarios para completar la implementaci\u00f3n exitosa de proyectos ligados a los nuevos requerimientos regulatorios y de la funci\u00f3n de riesgos: 1. Aparici\u00f3n de nuevos factores de riesgos Ej: Ajuste de cr\u00e9dito&hellip;\" \/>\n<meta property=\"og:url\" content=\"https:\/\/tcmpartners.com\/en\/soluciones-para-nuevos-requerimientos-regulatorios-y-de-la-funcion-de-riesgos\/\" \/>\n<meta property=\"og:site_name\" content=\"TCMpartners.com - Servicios de consultor\u00eda\" \/>\n<meta property=\"article:publisher\" content=\"https:\/\/www.facebook.com\/TCMpartners\/\" \/>\n<meta property=\"article:modified_time\" content=\"2020-11-30T18:29:18+00:00\" \/>\n<meta property=\"og:image\" content=\"https:\/\/tcmpartners.com\/wp-content\/uploads\/2020\/03\/Report3.png\" \/>\n<meta name=\"twitter:card\" content=\"summary_large_image\" \/>\n<meta name=\"twitter:label1\" content=\"Est. reading time\" \/>\n\t<meta name=\"twitter:data1\" content=\"1 minute\" \/>\n<script type=\"application\/ld+json\" class=\"yoast-schema-graph\">{\"@context\":\"https:\/\/schema.org\",\"@graph\":[{\"@type\":\"WebPage\",\"@id\":\"https:\/\/tcmpartners.com\/soluciones-para-nuevos-requerimientos-regulatorios-y-de-la-funcion-de-riesgos\/\",\"url\":\"https:\/\/tcmpartners.com\/soluciones-para-nuevos-requerimientos-regulatorios-y-de-la-funcion-de-riesgos\/\",\"name\":\"Soluciones para nuevos Requerimientos Regulatorios y de la Funci\u00f3n de Riesgos - TCMpartners.com - Servicios de consultor\u00eda\",\"isPartOf\":{\"@id\":\"https:\/\/tcmpartners.com\/#website\"},\"primaryImageOfPage\":{\"@id\":\"https:\/\/tcmpartners.com\/soluciones-para-nuevos-requerimientos-regulatorios-y-de-la-funcion-de-riesgos\/#primaryimage\"},\"image\":{\"@id\":\"https:\/\/tcmpartners.com\/soluciones-para-nuevos-requerimientos-regulatorios-y-de-la-funcion-de-riesgos\/#primaryimage\"},\"thumbnailUrl\":\"https:\/\/tcmpartners.com\/wp-content\/uploads\/2020\/03\/Report3.png\",\"datePublished\":\"2020-03-27T07:58:25+00:00\",\"dateModified\":\"2020-11-30T18:29:18+00:00\",\"breadcrumb\":{\"@id\":\"https:\/\/tcmpartners.com\/soluciones-para-nuevos-requerimientos-regulatorios-y-de-la-funcion-de-riesgos\/#breadcrumb\"},\"inLanguage\":\"en-US\",\"potentialAction\":[{\"@type\":\"ReadAction\",\"target\":[\"https:\/\/tcmpartners.com\/soluciones-para-nuevos-requerimientos-regulatorios-y-de-la-funcion-de-riesgos\/\"]}]},{\"@type\":\"ImageObject\",\"inLanguage\":\"en-US\",\"@id\":\"https:\/\/tcmpartners.com\/soluciones-para-nuevos-requerimientos-regulatorios-y-de-la-funcion-de-riesgos\/#primaryimage\",\"url\":\"https:\/\/tcmpartners.com\/wp-content\/uploads\/2020\/03\/Report3.png\",\"contentUrl\":\"https:\/\/tcmpartners.com\/wp-content\/uploads\/2020\/03\/Report3.png\"},{\"@type\":\"BreadcrumbList\",\"@id\":\"https:\/\/tcmpartners.com\/soluciones-para-nuevos-requerimientos-regulatorios-y-de-la-funcion-de-riesgos\/#breadcrumb\",\"itemListElement\":[{\"@type\":\"ListItem\",\"position\":1,\"name\":\"Portada\",\"item\":\"https:\/\/tcmpartners.com\/\"},{\"@type\":\"ListItem\",\"position\":2,\"name\":\"Soluciones para nuevos Requerimientos Regulatorios y de la Funci\u00f3n de Riesgos\"}]},{\"@type\":\"WebSite\",\"@id\":\"https:\/\/tcmpartners.com\/#website\",\"url\":\"https:\/\/tcmpartners.com\/\",\"name\":\"TCMpartners.com\",\"description\":\"TCMpartners Ofrece servicios de consultor\u00eda que se centran en proveer a las Instituciones Financieras.\",\"publisher\":{\"@id\":\"https:\/\/tcmpartners.com\/#organization\"},\"potentialAction\":[{\"@type\":\"SearchAction\",\"target\":{\"@type\":\"EntryPoint\",\"urlTemplate\":\"https:\/\/tcmpartners.com\/?s={search_term_string}\"},\"query-input\":{\"@type\":\"PropertyValueSpecification\",\"valueRequired\":true,\"valueName\":\"search_term_string\"}}],\"inLanguage\":\"en-US\"},{\"@type\":\"Organization\",\"@id\":\"https:\/\/tcmpartners.com\/#organization\",\"name\":\"TCMpartners.com\",\"url\":\"https:\/\/tcmpartners.com\/\",\"logo\":{\"@type\":\"ImageObject\",\"inLanguage\":\"en-US\",\"@id\":\"https:\/\/tcmpartners.com\/#\/schema\/logo\/image\/\",\"url\":\"https:\/\/tcmpartners.com\/wp-content\/uploads\/2020\/04\/Logo-Identidad-Web.png\",\"contentUrl\":\"https:\/\/tcmpartners.com\/wp-content\/uploads\/2020\/04\/Logo-Identidad-Web.png\",\"width\":787,\"height\":566,\"caption\":\"TCMpartners.com\"},\"image\":{\"@id\":\"https:\/\/tcmpartners.com\/#\/schema\/logo\/image\/\"},\"sameAs\":[\"https:\/\/www.facebook.com\/TCMpartners\/\",\"https:\/\/es.linkedin.com\/company\/tcmpartners\"]}]}<\/script>\n<!-- \/ Yoast SEO plugin. -->","yoast_head_json":{"title":"Soluciones para nuevos Requerimientos Regulatorios y de la Funci\u00f3n de Riesgos - TCMpartners.com - Servicios de consultor\u00eda","robots":{"index":"index","follow":"follow","max-snippet":"max-snippet:-1","max-image-preview":"max-image-preview:large","max-video-preview":"max-video-preview:-1"},"canonical":"https:\/\/tcmpartners.com\/en\/soluciones-para-nuevos-requerimientos-regulatorios-y-de-la-funcion-de-riesgos\/","og_locale":"en_US","og_type":"article","og_title":"Soluciones para nuevos Requerimientos Regulatorios y de la Funci\u00f3n de Riesgos - TCMpartners.com - Servicios de consultor\u00eda","og_description":"Soluciones para nuevos Requerimientos Regulatorios y de la Funci\u00f3n de Riesgos tcmpartners\u00a0pone al alcance de las entidades financieras consultores con la experiencia y conocimiento necesarios para completar la implementaci\u00f3n exitosa de proyectos ligados a los nuevos requerimientos regulatorios y de la funci\u00f3n de riesgos: 1. Aparici\u00f3n de nuevos factores de riesgos Ej: Ajuste de cr\u00e9dito&hellip;","og_url":"https:\/\/tcmpartners.com\/en\/soluciones-para-nuevos-requerimientos-regulatorios-y-de-la-funcion-de-riesgos\/","og_site_name":"TCMpartners.com - Servicios de consultor\u00eda","article_publisher":"https:\/\/www.facebook.com\/TCMpartners\/","article_modified_time":"2020-11-30T18:29:18+00:00","og_image":[{"url":"https:\/\/tcmpartners.com\/wp-content\/uploads\/2020\/03\/Report3.png","type":"","width":"","height":""}],"twitter_card":"summary_large_image","twitter_misc":{"Est. reading time":"1 minute"},"schema":{"@context":"https:\/\/schema.org","@graph":[{"@type":"WebPage","@id":"https:\/\/tcmpartners.com\/soluciones-para-nuevos-requerimientos-regulatorios-y-de-la-funcion-de-riesgos\/","url":"https:\/\/tcmpartners.com\/soluciones-para-nuevos-requerimientos-regulatorios-y-de-la-funcion-de-riesgos\/","name":"Soluciones para nuevos Requerimientos Regulatorios y de la Funci\u00f3n de Riesgos - TCMpartners.com - Servicios de consultor\u00eda","isPartOf":{"@id":"https:\/\/tcmpartners.com\/#website"},"primaryImageOfPage":{"@id":"https:\/\/tcmpartners.com\/soluciones-para-nuevos-requerimientos-regulatorios-y-de-la-funcion-de-riesgos\/#primaryimage"},"image":{"@id":"https:\/\/tcmpartners.com\/soluciones-para-nuevos-requerimientos-regulatorios-y-de-la-funcion-de-riesgos\/#primaryimage"},"thumbnailUrl":"https:\/\/tcmpartners.com\/wp-content\/uploads\/2020\/03\/Report3.png","datePublished":"2020-03-27T07:58:25+00:00","dateModified":"2020-11-30T18:29:18+00:00","breadcrumb":{"@id":"https:\/\/tcmpartners.com\/soluciones-para-nuevos-requerimientos-regulatorios-y-de-la-funcion-de-riesgos\/#breadcrumb"},"inLanguage":"en-US","potentialAction":[{"@type":"ReadAction","target":["https:\/\/tcmpartners.com\/soluciones-para-nuevos-requerimientos-regulatorios-y-de-la-funcion-de-riesgos\/"]}]},{"@type":"ImageObject","inLanguage":"en-US","@id":"https:\/\/tcmpartners.com\/soluciones-para-nuevos-requerimientos-regulatorios-y-de-la-funcion-de-riesgos\/#primaryimage","url":"https:\/\/tcmpartners.com\/wp-content\/uploads\/2020\/03\/Report3.png","contentUrl":"https:\/\/tcmpartners.com\/wp-content\/uploads\/2020\/03\/Report3.png"},{"@type":"BreadcrumbList","@id":"https:\/\/tcmpartners.com\/soluciones-para-nuevos-requerimientos-regulatorios-y-de-la-funcion-de-riesgos\/#breadcrumb","itemListElement":[{"@type":"ListItem","position":1,"name":"Portada","item":"https:\/\/tcmpartners.com\/"},{"@type":"ListItem","position":2,"name":"Soluciones para nuevos Requerimientos Regulatorios y de la Funci\u00f3n de Riesgos"}]},{"@type":"WebSite","@id":"https:\/\/tcmpartners.com\/#website","url":"https:\/\/tcmpartners.com\/","name":"TCMpartners.com","description":"TCMpartners Ofrece servicios de consultor\u00eda que se centran en proveer a las Instituciones Financieras.","publisher":{"@id":"https:\/\/tcmpartners.com\/#organization"},"potentialAction":[{"@type":"SearchAction","target":{"@type":"EntryPoint","urlTemplate":"https:\/\/tcmpartners.com\/?s={search_term_string}"},"query-input":{"@type":"PropertyValueSpecification","valueRequired":true,"valueName":"search_term_string"}}],"inLanguage":"en-US"},{"@type":"Organization","@id":"https:\/\/tcmpartners.com\/#organization","name":"TCMpartners.com","url":"https:\/\/tcmpartners.com\/","logo":{"@type":"ImageObject","inLanguage":"en-US","@id":"https:\/\/tcmpartners.com\/#\/schema\/logo\/image\/","url":"https:\/\/tcmpartners.com\/wp-content\/uploads\/2020\/04\/Logo-Identidad-Web.png","contentUrl":"https:\/\/tcmpartners.com\/wp-content\/uploads\/2020\/04\/Logo-Identidad-Web.png","width":787,"height":566,"caption":"TCMpartners.com"},"image":{"@id":"https:\/\/tcmpartners.com\/#\/schema\/logo\/image\/"},"sameAs":["https:\/\/www.facebook.com\/TCMpartners\/","https:\/\/es.linkedin.com\/company\/tcmpartners"]}]}},"_links":{"self":[{"href":"https:\/\/tcmpartners.com\/en\/wp-json\/wp\/v2\/pages\/228","targetHints":{"allow":["GET"]}}],"collection":[{"href":"https:\/\/tcmpartners.com\/en\/wp-json\/wp\/v2\/pages"}],"about":[{"href":"https:\/\/tcmpartners.com\/en\/wp-json\/wp\/v2\/types\/page"}],"author":[{"embeddable":true,"href":"https:\/\/tcmpartners.com\/en\/wp-json\/wp\/v2\/users\/4"}],"replies":[{"embeddable":true,"href":"https:\/\/tcmpartners.com\/en\/wp-json\/wp\/v2\/comments?post=228"}],"version-history":[{"count":0,"href":"https:\/\/tcmpartners.com\/en\/wp-json\/wp\/v2\/pages\/228\/revisions"}],"wp:attachment":[{"href":"https:\/\/tcmpartners.com\/en\/wp-json\/wp\/v2\/media?parent=228"}],"curies":[{"name":"wp","href":"https:\/\/api.w.org\/{rel}","templated":true}]}}