{"id":225,"date":"2020-03-27T07:54:06","date_gmt":"2020-03-27T07:54:06","guid":{"rendered":"https:\/\/tcmpartners.com\/?page_id=225"},"modified":"2021-03-17T15:07:52","modified_gmt":"2021-03-17T15:07:52","slug":"implantacion-de-soluciones-tecnologicas-para-el-sector-financiero-fintech","status":"publish","type":"page","link":"https:\/\/tcmpartners.com\/en\/implantacion-de-soluciones-tecnologicas-para-el-sector-financiero-fintech\/","title":{"rendered":"Implantaci\u00f3n de Soluciones Tecnol\u00f3gicas para el Sector Financiero (FinTech)"},"content":{"rendered":"<h2>\n\t\tImplantaci\u00f3n de Soluciones Tecnol\u00f3gicas para el Sector Financiero (FinTech)\n\t<\/h2>\n\t<p><strong>tcmpartners<\/strong>&nbsp;acumula experiencia y ofrece servicios en las tres funciones claves de la implantaci\u00f3n de soluciones tecnol\u00f3gicas para el sector financiero en las \u00e1reas de Tesorer\u00eda, Mercado de Capitales y Gesti\u00f3n de Riesgos:<\/p>\n\t\t\t\t<a href=\"https:\/\/tcmpartners.com\/wp-content\/uploads\/2020\/03\/TCMPartners-Nosotros.jpg\" target=\"_self\" itemprop=\"url\" rel=\"noopener noreferrer\">\n\t\t\t\t<img decoding=\"async\" src=\"https:\/\/tcmpartners.com\/wp-content\/uploads\/2020\/03\/TCMPartners-Nosotros.jpg\" alt=\"Group of business people analyzing financial documents and discussing strategy of company development at meeting\" itemprop=\"image\" height=\"1000\" width=\"1500\" title=\"Business people analyzing financial documents\" onerror=\"this.style.display='none'\">\n\t\t\t\t<\/a>\n\t\t<h3>\u00bfTiene alguna pregunta, petici\u00f3n o sugerencia acerca de nuestra gama de servicios?<\/h3>\n\t\t<p>P\u00f3ngase en contacto con nosotros y le contestaremos lo antes posible<\/p>\n\t\t\t<a href=\"https:\/\/tcmpartners.com\/en\/contacta\/\" target=\"_self\" role=\"button\" rel=\"noopener noreferrer\">\n\t\t\t\t\t\t\t\u00a1Pulsa Aqu\u00ed!\n\t\t\t\t\t<\/a>\n<h3>\n\t\tOtros servicios\n\t<\/h3>\n\t<h4><a href=\"https:\/\/tcmpartners.com\/en\/soluciones-para-nuevos-requerimientos-regulatorios-y-de-la-funcion-de-riesgos\/\">Soluciones para nuevos Requerimientos Regulatorios y de la Funci\u00f3n de Riesgos<\/a><\/h4>\n\t<h4><a href=\"https:\/\/tcmpartners.com\/en\/outsourcing-middle-back-office\/\">Outsourcing Middle &amp; Back Office<\/a><\/h4>","protected":false},"excerpt":{"rendered":"<p>Implantaci\u00f3n de Soluciones Tecnol\u00f3gicas para el Sector Financiero (FinTech) tcmpartners&nbsp;acumula experiencia y ofrece servicios en las tres funciones claves de la implantaci\u00f3n de soluciones tecnol\u00f3gicas para el sector financiero en las \u00e1reas de Tesorer\u00eda, Mercado de Capitales y Gesti\u00f3n de Riesgos: \u00bfTiene alguna pregunta, petici\u00f3n o sugerencia acerca de nuestra gama de servicios? P\u00f3ngase en&hellip;<\/p>","protected":false},"author":4,"featured_media":0,"parent":0,"menu_order":0,"comment_status":"closed","ping_status":"closed","template":"","meta":{"footnotes":""},"class_list":["post-225","page","type-page","status-publish","hentry"],"yoast_head":"<!-- This site is optimized with the Yoast SEO plugin v27.2 - https:\/\/yoast.com\/product\/yoast-seo-wordpress\/ -->\n<title>Implantaci\u00f3n de Soluciones Tecnol\u00f3gicas para el Sector Financiero (FinTech) - TCMpartners.com - Servicios de consultor\u00eda<\/title>\n<meta name=\"robots\" content=\"index, follow, max-snippet:-1, max-image-preview:large, max-video-preview:-1\" \/>\n<link rel=\"canonical\" href=\"https:\/\/tcmpartners.com\/en\/implantacion-de-soluciones-tecnologicas-para-el-sector-financiero-fintech\/\" \/>\n<meta property=\"og:locale\" content=\"en_US\" \/>\n<meta property=\"og:type\" content=\"article\" \/>\n<meta property=\"og:title\" content=\"Implantaci\u00f3n de Soluciones Tecnol\u00f3gicas para el Sector Financiero (FinTech) - TCMpartners.com - Servicios de consultor\u00eda\" \/>\n<meta property=\"og:description\" content=\"Implantaci\u00f3n de Soluciones Tecnol\u00f3gicas para el Sector Financiero (FinTech) tcmpartners&nbsp;acumula experiencia y ofrece servicios en las tres funciones claves de la implantaci\u00f3n de soluciones tecnol\u00f3gicas para el sector financiero en las \u00e1reas de Tesorer\u00eda, Mercado de Capitales y Gesti\u00f3n de Riesgos: \u00bfTiene alguna pregunta, petici\u00f3n o sugerencia acerca de nuestra gama de servicios? P\u00f3ngase en&hellip;\" \/>\n<meta property=\"og:url\" content=\"https:\/\/tcmpartners.com\/en\/implantacion-de-soluciones-tecnologicas-para-el-sector-financiero-fintech\/\" \/>\n<meta property=\"og:site_name\" content=\"TCMpartners.com - Servicios de consultor\u00eda\" \/>\n<meta property=\"article:publisher\" content=\"https:\/\/www.facebook.com\/TCMpartners\/\" \/>\n<meta property=\"article:modified_time\" content=\"2021-03-17T15:07:52+00:00\" \/>\n<meta property=\"og:image\" content=\"https:\/\/tcmpartners.com\/wp-content\/uploads\/2020\/03\/TCMPartners-Nosotros.jpg\" \/>\n<meta name=\"twitter:card\" content=\"summary_large_image\" \/>\n<script type=\"application\/ld+json\" class=\"yoast-schema-graph\">{\"@context\":\"https:\/\/schema.org\",\"@graph\":[{\"@type\":\"WebPage\",\"@id\":\"https:\/\/tcmpartners.com\/implantacion-de-soluciones-tecnologicas-para-el-sector-financiero-fintech\/\",\"url\":\"https:\/\/tcmpartners.com\/implantacion-de-soluciones-tecnologicas-para-el-sector-financiero-fintech\/\",\"name\":\"Implantaci\u00f3n de Soluciones Tecnol\u00f3gicas para el Sector Financiero (FinTech) - TCMpartners.com - Servicios de consultor\u00eda\",\"isPartOf\":{\"@id\":\"https:\/\/tcmpartners.com\/#website\"},\"primaryImageOfPage\":{\"@id\":\"https:\/\/tcmpartners.com\/implantacion-de-soluciones-tecnologicas-para-el-sector-financiero-fintech\/#primaryimage\"},\"image\":{\"@id\":\"https:\/\/tcmpartners.com\/implantacion-de-soluciones-tecnologicas-para-el-sector-financiero-fintech\/#primaryimage\"},\"thumbnailUrl\":\"https:\/\/tcmpartners.com\/wp-content\/uploads\/2020\/03\/TCMPartners-Nosotros.jpg\",\"datePublished\":\"2020-03-27T07:54:06+00:00\",\"dateModified\":\"2021-03-17T15:07:52+00:00\",\"breadcrumb\":{\"@id\":\"https:\/\/tcmpartners.com\/implantacion-de-soluciones-tecnologicas-para-el-sector-financiero-fintech\/#breadcrumb\"},\"inLanguage\":\"en-US\",\"potentialAction\":[{\"@type\":\"ReadAction\",\"target\":[\"https:\/\/tcmpartners.com\/implantacion-de-soluciones-tecnologicas-para-el-sector-financiero-fintech\/\"]}]},{\"@type\":\"ImageObject\",\"inLanguage\":\"en-US\",\"@id\":\"https:\/\/tcmpartners.com\/implantacion-de-soluciones-tecnologicas-para-el-sector-financiero-fintech\/#primaryimage\",\"url\":\"https:\/\/tcmpartners.com\/wp-content\/uploads\/2020\/03\/TCMPartners-Nosotros.jpg\",\"contentUrl\":\"https:\/\/tcmpartners.com\/wp-content\/uploads\/2020\/03\/TCMPartners-Nosotros.jpg\"},{\"@type\":\"BreadcrumbList\",\"@id\":\"https:\/\/tcmpartners.com\/implantacion-de-soluciones-tecnologicas-para-el-sector-financiero-fintech\/#breadcrumb\",\"itemListElement\":[{\"@type\":\"ListItem\",\"position\":1,\"name\":\"Portada\",\"item\":\"https:\/\/tcmpartners.com\/\"},{\"@type\":\"ListItem\",\"position\":2,\"name\":\"Implantaci\u00f3n de Soluciones Tecnol\u00f3gicas para el Sector Financiero (FinTech)\"}]},{\"@type\":\"WebSite\",\"@id\":\"https:\/\/tcmpartners.com\/#website\",\"url\":\"https:\/\/tcmpartners.com\/\",\"name\":\"TCMpartners.com\",\"description\":\"TCMpartners Ofrece servicios de consultor\u00eda que se centran en proveer a las Instituciones Financieras.\",\"publisher\":{\"@id\":\"https:\/\/tcmpartners.com\/#organization\"},\"potentialAction\":[{\"@type\":\"SearchAction\",\"target\":{\"@type\":\"EntryPoint\",\"urlTemplate\":\"https:\/\/tcmpartners.com\/?s={search_term_string}\"},\"query-input\":{\"@type\":\"PropertyValueSpecification\",\"valueRequired\":true,\"valueName\":\"search_term_string\"}}],\"inLanguage\":\"en-US\"},{\"@type\":\"Organization\",\"@id\":\"https:\/\/tcmpartners.com\/#organization\",\"name\":\"TCMpartners.com\",\"url\":\"https:\/\/tcmpartners.com\/\",\"logo\":{\"@type\":\"ImageObject\",\"inLanguage\":\"en-US\",\"@id\":\"https:\/\/tcmpartners.com\/#\/schema\/logo\/image\/\",\"url\":\"https:\/\/tcmpartners.com\/wp-content\/uploads\/2020\/04\/Logo-Identidad-Web.png\",\"contentUrl\":\"https:\/\/tcmpartners.com\/wp-content\/uploads\/2020\/04\/Logo-Identidad-Web.png\",\"width\":787,\"height\":566,\"caption\":\"TCMpartners.com\"},\"image\":{\"@id\":\"https:\/\/tcmpartners.com\/#\/schema\/logo\/image\/\"},\"sameAs\":[\"https:\/\/www.facebook.com\/TCMpartners\/\",\"https:\/\/es.linkedin.com\/company\/tcmpartners\"]}]}<\/script>\n<!-- \/ Yoast SEO plugin. -->","yoast_head_json":{"title":"Implantaci\u00f3n de Soluciones Tecnol\u00f3gicas para el Sector Financiero (FinTech) - TCMpartners.com - Servicios de consultor\u00eda","robots":{"index":"index","follow":"follow","max-snippet":"max-snippet:-1","max-image-preview":"max-image-preview:large","max-video-preview":"max-video-preview:-1"},"canonical":"https:\/\/tcmpartners.com\/en\/implantacion-de-soluciones-tecnologicas-para-el-sector-financiero-fintech\/","og_locale":"en_US","og_type":"article","og_title":"Implantaci\u00f3n de Soluciones Tecnol\u00f3gicas para el Sector Financiero (FinTech) - TCMpartners.com - Servicios de consultor\u00eda","og_description":"Implantaci\u00f3n de Soluciones Tecnol\u00f3gicas para el Sector Financiero (FinTech) tcmpartners&nbsp;acumula experiencia y ofrece servicios en las tres funciones claves de la implantaci\u00f3n de soluciones tecnol\u00f3gicas para el sector financiero en las \u00e1reas de Tesorer\u00eda, Mercado de Capitales y Gesti\u00f3n de Riesgos: \u00bfTiene alguna pregunta, petici\u00f3n o sugerencia acerca de nuestra gama de servicios? P\u00f3ngase en&hellip;","og_url":"https:\/\/tcmpartners.com\/en\/implantacion-de-soluciones-tecnologicas-para-el-sector-financiero-fintech\/","og_site_name":"TCMpartners.com - Servicios de consultor\u00eda","article_publisher":"https:\/\/www.facebook.com\/TCMpartners\/","article_modified_time":"2021-03-17T15:07:52+00:00","og_image":[{"url":"https:\/\/tcmpartners.com\/wp-content\/uploads\/2020\/03\/TCMPartners-Nosotros.jpg","type":"","width":"","height":""}],"twitter_card":"summary_large_image","schema":{"@context":"https:\/\/schema.org","@graph":[{"@type":"WebPage","@id":"https:\/\/tcmpartners.com\/implantacion-de-soluciones-tecnologicas-para-el-sector-financiero-fintech\/","url":"https:\/\/tcmpartners.com\/implantacion-de-soluciones-tecnologicas-para-el-sector-financiero-fintech\/","name":"Implantaci\u00f3n de Soluciones Tecnol\u00f3gicas para el Sector Financiero (FinTech) - TCMpartners.com - Servicios de consultor\u00eda","isPartOf":{"@id":"https:\/\/tcmpartners.com\/#website"},"primaryImageOfPage":{"@id":"https:\/\/tcmpartners.com\/implantacion-de-soluciones-tecnologicas-para-el-sector-financiero-fintech\/#primaryimage"},"image":{"@id":"https:\/\/tcmpartners.com\/implantacion-de-soluciones-tecnologicas-para-el-sector-financiero-fintech\/#primaryimage"},"thumbnailUrl":"https:\/\/tcmpartners.com\/wp-content\/uploads\/2020\/03\/TCMPartners-Nosotros.jpg","datePublished":"2020-03-27T07:54:06+00:00","dateModified":"2021-03-17T15:07:52+00:00","breadcrumb":{"@id":"https:\/\/tcmpartners.com\/implantacion-de-soluciones-tecnologicas-para-el-sector-financiero-fintech\/#breadcrumb"},"inLanguage":"en-US","potentialAction":[{"@type":"ReadAction","target":["https:\/\/tcmpartners.com\/implantacion-de-soluciones-tecnologicas-para-el-sector-financiero-fintech\/"]}]},{"@type":"ImageObject","inLanguage":"en-US","@id":"https:\/\/tcmpartners.com\/implantacion-de-soluciones-tecnologicas-para-el-sector-financiero-fintech\/#primaryimage","url":"https:\/\/tcmpartners.com\/wp-content\/uploads\/2020\/03\/TCMPartners-Nosotros.jpg","contentUrl":"https:\/\/tcmpartners.com\/wp-content\/uploads\/2020\/03\/TCMPartners-Nosotros.jpg"},{"@type":"BreadcrumbList","@id":"https:\/\/tcmpartners.com\/implantacion-de-soluciones-tecnologicas-para-el-sector-financiero-fintech\/#breadcrumb","itemListElement":[{"@type":"ListItem","position":1,"name":"Portada","item":"https:\/\/tcmpartners.com\/"},{"@type":"ListItem","position":2,"name":"Implantaci\u00f3n de Soluciones Tecnol\u00f3gicas para el Sector Financiero (FinTech)"}]},{"@type":"WebSite","@id":"https:\/\/tcmpartners.com\/#website","url":"https:\/\/tcmpartners.com\/","name":"TCMpartners.com","description":"TCMpartners Ofrece servicios de consultor\u00eda que se centran en proveer a las Instituciones Financieras.","publisher":{"@id":"https:\/\/tcmpartners.com\/#organization"},"potentialAction":[{"@type":"SearchAction","target":{"@type":"EntryPoint","urlTemplate":"https:\/\/tcmpartners.com\/?s={search_term_string}"},"query-input":{"@type":"PropertyValueSpecification","valueRequired":true,"valueName":"search_term_string"}}],"inLanguage":"en-US"},{"@type":"Organization","@id":"https:\/\/tcmpartners.com\/#organization","name":"TCMpartners.com","url":"https:\/\/tcmpartners.com\/","logo":{"@type":"ImageObject","inLanguage":"en-US","@id":"https:\/\/tcmpartners.com\/#\/schema\/logo\/image\/","url":"https:\/\/tcmpartners.com\/wp-content\/uploads\/2020\/04\/Logo-Identidad-Web.png","contentUrl":"https:\/\/tcmpartners.com\/wp-content\/uploads\/2020\/04\/Logo-Identidad-Web.png","width":787,"height":566,"caption":"TCMpartners.com"},"image":{"@id":"https:\/\/tcmpartners.com\/#\/schema\/logo\/image\/"},"sameAs":["https:\/\/www.facebook.com\/TCMpartners\/","https:\/\/es.linkedin.com\/company\/tcmpartners"]}]}},"_links":{"self":[{"href":"https:\/\/tcmpartners.com\/en\/wp-json\/wp\/v2\/pages\/225","targetHints":{"allow":["GET"]}}],"collection":[{"href":"https:\/\/tcmpartners.com\/en\/wp-json\/wp\/v2\/pages"}],"about":[{"href":"https:\/\/tcmpartners.com\/en\/wp-json\/wp\/v2\/types\/page"}],"author":[{"embeddable":true,"href":"https:\/\/tcmpartners.com\/en\/wp-json\/wp\/v2\/users\/4"}],"replies":[{"embeddable":true,"href":"https:\/\/tcmpartners.com\/en\/wp-json\/wp\/v2\/comments?post=225"}],"version-history":[{"count":0,"href":"https:\/\/tcmpartners.com\/en\/wp-json\/wp\/v2\/pages\/225\/revisions"}],"wp:attachment":[{"href":"https:\/\/tcmpartners.com\/en\/wp-json\/wp\/v2\/media?parent=225"}],"curies":[{"name":"wp","href":"https:\/\/api.w.org\/{rel}","templated":true}]}}