{"id":1731,"date":"2023-01-24T18:10:24","date_gmt":"2023-01-24T18:10:24","guid":{"rendered":"https:\/\/tcmpartners.com\/?page_id=1731"},"modified":"2025-11-28T13:00:25","modified_gmt":"2025-11-28T13:00:25","slug":"webinars","status":"publish","type":"page","link":"https:\/\/tcmpartners.com\/en\/webinars\/","title":{"rendered":"Webinars"},"content":{"rendered":"<h2>\n\t\t\tWebinars\t<\/h2>\n\t<p>We organise virtual seminars which allow us to share the knowledge produced by our organization with the rest of the world. Stay informed about upcoming events or access our archive of recordings and find the material that interests you.<\/p>\n<p>Stay tuned for the following events or access our recording gallery and find the content you are looking for.<\/p>\n<h3>\n\t\t\tWere you not able to attend one of our webinars?\t<\/h3>\n\t<p>Not a problem. Access our recording gallery and view our webinars' highlights. Stay updated with the latest tendencies, news and technology for the financial sector.<\/p>\n<p>Filter by date or area and find what you are looking for.<\/p>\n\t\t\t\t<img decoding=\"async\" src=\"https:\/\/tcmpartners.com\/wp-content\/uploads\/2022\/08\/Biblioteca-TCMpartners-V1.png\" alt=\"TCM\" itemprop=\"image\" height=\"857\" width=\"997\" title=\"Biblioteca TCMpartners V1\" onerror=\"this.style.display='none'\" loading=\"lazy\" \/>\n\t \n<section class=\"cl-webinars\" style=\"display: flex;\">\n  <div class=\"cl-col-izq\"> \n \n  \n  \t<h3>Year<\/h3>\n\t<div id=\"filter_buttons\">\n\t\t<button data-toggle=\"portfilter\" class=\"active\" data-target=\"all\">All<\/button>\n\t\n\t\t<button data-toggle=\"portfilter\" data-target=\"2021\">2021<\/button>\n\t\t\t\t<button data-toggle=\"portfilter\" data-target=\"2022\">2022<\/button>\n\t\t\t\t<button data-toggle=\"portfilter\" data-target=\"2023\">2023<\/button>\n\t\t\t\t<button data-toggle=\"portfilter\" data-target=\"2024\">2024<\/button>\n\t\t    <\/div>\n \n\t  \n\n   <\/div>\t  \n<!-- ************************************************************************************************** -->\n<!-- Start Services  ============================================= -->\n  <div class=\"cl-col-der cl-webinars\">\t \n\t  \n   <!-- Webinar -->\n\t<div  id=\"post-1764\" class=\"cl-cont\" data-tag=\"2023\" >\n\t <div class=\"item-servicios service-item col-md-4\">\n\t  <div class=\"course_container project-item info-box\">\n\t\t<figure class=\"imag-pot\">\t\t\t\t\n\t\t   <img decoding=\"async\" src=\"https:\/\/img.youtube.com\/vi\/BkPpc7BW-7c\/0.jpg\"\/>\t\t<\/figure>\n\t\t<div class=\"overlay\">\n          <div class=\"box\">\n           <div class=\"content\">\n            <div class=\"overlay-content\">\n             <a href=\"https:\/\/www.youtube.com\/watch?v=BkPpc7BW-7c\" class=\"popup-youtube cl-btn-video\"> <i class=\"fa fa-play\" style=\"content: <i class=&quot;fa fa-play&quot;><\/i>;\"><\/i>    <\/a>\n                <\/div>\n              <\/div>\n            <\/div>\n          <\/div>\n\t <\/div>\n\t\t \n\t<div class=\"cl-info-title\">\n\t\t<h4>Dashboard: Margin insight, multidimensionality of products, customers and asset types<\/h4>\n        <p>\n<p>360 vision which enables you to determine the best long and short term strategies, provide adequate follow-up and offer the best proposals to your customers, according to their characteristics and requirements.<\/p>\n<\/p>\n\t<\/div>\n\t\t \n\t<\/div>\n\t<\/div> <!-- End box course_container -->\n\n \t  \n   <!-- Webinar -->\n\t<div  id=\"post-1721\" class=\"cl-cont\" data-tag=\"2023\" >\n\t <div class=\"item-servicios service-item col-md-4\">\n\t  <div class=\"course_container project-item info-box\">\n\t\t<figure class=\"imag-pot\">\t\t\t\t\n\t\t   <img decoding=\"async\" src=\"https:\/\/img.youtube.com\/vi\/vyBOQ3R_wBs\/0.jpg\"\/>\t\t<\/figure>\n\t\t<div class=\"overlay\">\n          <div class=\"box\">\n           <div class=\"content\">\n            <div class=\"overlay-content\">\n             <a href=\"https:\/\/www.youtube.com\/watch?v=vyBOQ3R_wBs\" class=\"popup-youtube cl-btn-video\"> <i class=\"fa fa-play\" style=\"content: <i class=&quot;fa fa-play&quot;><\/i>;\"><\/i>    <\/a>\n                <\/div>\n              <\/div>\n            <\/div>\n          <\/div>\n\t <\/div>\n\t\t \n\t<div class=\"cl-info-title\">\n\t\t<h4>Why are cloud applications so affordable?<\/h4>\n        <p>\n<p>A solution that allows you to optimize costs without having to install or maintain hardware, customized for each particular institution, under a continuous upgrade model<\/p>\n<\/p>\n\t<\/div>\n\t\t \n\t<\/div>\n\t<\/div> <!-- End box course_container -->\n\n \t  \n   <!-- Webinar -->\n\t<div  id=\"post-1746\" class=\"cl-cont\" data-tag=\"2023\" >\n\t <div class=\"item-servicios service-item col-md-4\">\n\t  <div class=\"course_container project-item info-box\">\n\t\t<figure class=\"imag-pot\">\t\t\t\t\n\t\t   <img decoding=\"async\" src=\"https:\/\/img.youtube.com\/vi\/uSOGxgWm8Xc\/0.jpg\"\/>\t\t<\/figure>\n\t\t<div class=\"overlay\">\n          <div class=\"box\">\n           <div class=\"content\">\n            <div class=\"overlay-content\">\n             <a href=\"https:\/\/www.youtube.com\/watch?v=uSOGxgWm8Xc\" class=\"popup-youtube cl-btn-video\"> <i class=\"fa fa-play\" style=\"content: <i class=&quot;fa fa-play&quot;><\/i>;\"><\/i>    <\/a>\n                <\/div>\n              <\/div>\n            <\/div>\n          <\/div>\n\t <\/div>\n\t\t \n\t<div class=\"cl-info-title\">\n\t\t<h4>How do we ensure confidentiality and data protection?<\/h4>\n        <p>\n<p>Robust framework which protects institutions against internal and external threats as well as having rigorous access controls, in conjunction with other security processes that guarantee the protection and safeguarding of your data.<\/p>\n<\/p>\n\t<\/div>\n\t\t \n\t<\/div>\n\t<\/div> <!-- End box course_container -->\n\n \t  \n   <!-- Webinar -->\n\t<div  id=\"post-1725\" class=\"cl-cont\" data-tag=\"2021\" >\n\t <div class=\"item-servicios service-item col-md-4\">\n\t  <div class=\"course_container project-item info-box\">\n\t\t<figure class=\"imag-pot\">\t\t\t\t\n\t\t   <img decoding=\"async\" src=\"https:\/\/img.youtube.com\/vi\/tgrXdT6z6cc\/0.jpg\"\/>\t\t<\/figure>\n\t\t<div class=\"overlay\">\n          <div class=\"box\">\n           <div class=\"content\">\n            <div class=\"overlay-content\">\n             <a href=\"https:\/\/www.youtube.com\/watch?v=tgrXdT6z6cc\" class=\"popup-youtube cl-btn-video\"> <i class=\"fa fa-play\" style=\"content: <i class=&quot;fa fa-play&quot;><\/i>;\"><\/i>    <\/a>\n                <\/div>\n              <\/div>\n            <\/div>\n          <\/div>\n\t <\/div>\n\t\t \n\t<div class=\"cl-info-title\">\n\t\t<h4>Introduction<\/h4>\n        <p>\n<p>Join TCMpartners and Finastra in the webinar: Cloud services for Treasury and Capital Markets, Dominican Republic Chapter. A brief introduction from Hiddekel Morrison, CEO of HM Consulting.<\/p>\n<\/p>\n\t<\/div>\n\t\t \n\t<\/div>\n\t<\/div> <!-- End box course_container -->\n\n \t  \n   <!-- Webinar -->\n\t<div  id=\"post-1766\" class=\"cl-cont\" data-tag=\"2023\" >\n\t <div class=\"item-servicios service-item col-md-4\">\n\t  <div class=\"course_container project-item info-box\">\n\t\t<figure class=\"imag-pot\">\t\t\t\t\n\t\t   <img decoding=\"async\" src=\"https:\/\/img.youtube.com\/vi\/NH0XlcYzkW0\/0.jpg\"\/>\t\t<\/figure>\n\t\t<div class=\"overlay\">\n          <div class=\"box\">\n           <div class=\"content\">\n            <div class=\"overlay-content\">\n             <a href=\"https:\/\/www.youtube.com\/watch?v=NH0XlcYzkW0\" class=\"popup-youtube cl-btn-video\"> <i class=\"fa fa-play\" style=\"content: <i class=&quot;fa fa-play&quot;><\/i>;\"><\/i>    <\/a>\n                <\/div>\n              <\/div>\n            <\/div>\n          <\/div>\n\t <\/div>\n\t\t \n\t<div class=\"cl-info-title\">\n\t\t<h4>Anticipate customer needs<\/h4>\n        <p>\n<p>Staying a step ahead of your customers has never been so crucial. A solution that will enable you to offer the best proposals and investment alternatives, maximizing the benefits for your customers.<\/p>\n<\/p>\n\t<\/div>\n\t\t \n\t<\/div>\n\t<\/div> <!-- End box course_container -->\n\n \t  \n   <!-- Webinar -->\n\t<div  id=\"post-1727\" class=\"cl-cont\" data-tag=\"2022\" >\n\t <div class=\"item-servicios service-item col-md-4\">\n\t  <div class=\"course_container project-item info-box\">\n\t\t<figure class=\"imag-pot\">\t\t\t\t\n\t\t   <img decoding=\"async\" src=\"https:\/\/img.youtube.com\/vi\/7GCLODdnvbs\/0.jpg\"\/>\t\t<\/figure>\n\t\t<div class=\"overlay\">\n          <div class=\"box\">\n           <div class=\"content\">\n            <div class=\"overlay-content\">\n             <a href=\"https:\/\/www.youtube.com\/watch?v=7GCLODdnvbs\" class=\"popup-youtube cl-btn-video\"> <i class=\"fa fa-play\" style=\"content: <i class=&quot;fa fa-play&quot;><\/i>;\"><\/i>    <\/a>\n                <\/div>\n              <\/div>\n            <\/div>\n          <\/div>\n\t <\/div>\n\t\t \n\t<div class=\"cl-info-title\">\n\t\t<h4>Long term benefits for decision making<\/h4>\n        <p>\n<p>A solution that allows institutions to adapt their business model to demand by making costs adjustable and budgets adaptable, corresponding to greater control in decision-making.<\/p>\n<\/p>\n\t<\/div>\n\t\t \n\t<\/div>\n\t<\/div> <!-- End box course_container -->\n\n     <\/div>\n<\/section> <!--End services area-->\n\n\n\t\t\t\t<img decoding=\"async\" src=\"https:\/\/tcmpartners.com\/wp-content\/plugins\/bb-plugin\/img\/pixel.png\" alt=\"\" itemprop=\"image\" onerror=\"this.style.display='none'\" loading=\"lazy\" \/>","protected":false},"excerpt":{"rendered":"<p>A solution that allows institutions to adapt their business model to demand by making costs adjustable and budgets adaptable, corresponding to greater control in decision-making.<\/p>","protected":false},"author":192,"featured_media":1957,"parent":0,"menu_order":0,"comment_status":"closed","ping_status":"closed","template":"","meta":{"footnotes":""},"class_list":["post-1731","page","type-page","status-publish","has-post-thumbnail","hentry"],"yoast_head":"<!-- This site is optimized with the Yoast SEO plugin v27.4 - https:\/\/yoast.com\/product\/yoast-seo-wordpress\/ -->\n<title>Webinars - TCMpartners.com - Servicios de consultor\u00eda<\/title>\n<meta name=\"robots\" content=\"index, follow, max-snippet:-1, max-image-preview:large, max-video-preview:-1\" \/>\n<link rel=\"canonical\" href=\"https:\/\/tcmpartners.com\/en\/webinars\/\" \/>\n<meta property=\"og:locale\" content=\"en_US\" \/>\n<meta property=\"og:type\" content=\"article\" \/>\n<meta property=\"og:title\" content=\"Webinars - TCMpartners.com - Servicios de consultor\u00eda\" \/>\n<meta property=\"og:description\" content=\"Webinars Los seminarios virtuales que organizamos nos permiten compartir el conocimiento generado al interior de nuestra organizaci\u00f3n con el resto del mundo. Mantente enterado de los siguientes eventos o accede a nuestra galer\u00eda de grabaciones y encuentra el material que sea de tu inter\u00e9s. \u00bfNo tuviste oportunidad de asistir a uno de nuestros webinars? No&hellip;\" \/>\n<meta property=\"og:url\" content=\"https:\/\/tcmpartners.com\/en\/webinars\/\" \/>\n<meta property=\"og:site_name\" content=\"TCMpartners.com - Servicios de consultor\u00eda\" \/>\n<meta property=\"article:publisher\" content=\"https:\/\/www.facebook.com\/TCMpartners\/\" \/>\n<meta property=\"article:modified_time\" content=\"2025-11-28T13:00:25+00:00\" \/>\n<meta property=\"og:image\" content=\"https:\/\/tcmpartners.com\/wp-content\/uploads\/2023\/02\/working-online-with-headphones.webp\" \/>\n\t<meta property=\"og:image:width\" content=\"1500\" \/>\n\t<meta property=\"og:image:height\" content=\"1001\" \/>\n\t<meta property=\"og:image:type\" content=\"image\/webp\" \/>\n<meta name=\"twitter:card\" content=\"summary_large_image\" \/>\n<meta name=\"twitter:label1\" content=\"Est. reading time\" \/>\n\t<meta name=\"twitter:data1\" content=\"1 minute\" \/>\n<script type=\"application\/ld+json\" class=\"yoast-schema-graph\">{\"@context\":\"https:\\\/\\\/schema.org\",\"@graph\":[{\"@type\":\"WebPage\",\"@id\":\"https:\\\/\\\/tcmpartners.com\\\/webinars\\\/\",\"url\":\"https:\\\/\\\/tcmpartners.com\\\/webinars\\\/\",\"name\":\"Webinars - TCMpartners.com - Servicios de consultor\u00eda\",\"isPartOf\":{\"@id\":\"https:\\\/\\\/tcmpartners.com\\\/#website\"},\"primaryImageOfPage\":{\"@id\":\"https:\\\/\\\/tcmpartners.com\\\/webinars\\\/#primaryimage\"},\"image\":{\"@id\":\"https:\\\/\\\/tcmpartners.com\\\/webinars\\\/#primaryimage\"},\"thumbnailUrl\":\"https:\\\/\\\/tcmpartners.com\\\/wp-content\\\/uploads\\\/2023\\\/02\\\/working-online-with-headphones.webp\",\"datePublished\":\"2023-01-24T18:10:24+00:00\",\"dateModified\":\"2025-11-28T13:00:25+00:00\",\"breadcrumb\":{\"@id\":\"https:\\\/\\\/tcmpartners.com\\\/webinars\\\/#breadcrumb\"},\"inLanguage\":\"en-US\",\"potentialAction\":[{\"@type\":\"ReadAction\",\"target\":[\"https:\\\/\\\/tcmpartners.com\\\/webinars\\\/\"]}]},{\"@type\":\"ImageObject\",\"inLanguage\":\"en-US\",\"@id\":\"https:\\\/\\\/tcmpartners.com\\\/webinars\\\/#primaryimage\",\"url\":\"https:\\\/\\\/tcmpartners.com\\\/wp-content\\\/uploads\\\/2023\\\/02\\\/working-online-with-headphones.webp\",\"contentUrl\":\"https:\\\/\\\/tcmpartners.com\\\/wp-content\\\/uploads\\\/2023\\\/02\\\/working-online-with-headphones.webp\",\"width\":1500,\"height\":1001},{\"@type\":\"BreadcrumbList\",\"@id\":\"https:\\\/\\\/tcmpartners.com\\\/webinars\\\/#breadcrumb\",\"itemListElement\":[{\"@type\":\"ListItem\",\"position\":1,\"name\":\"Portada\",\"item\":\"https:\\\/\\\/tcmpartners.com\\\/\"},{\"@type\":\"ListItem\",\"position\":2,\"name\":\"Webinars\"}]},{\"@type\":\"WebSite\",\"@id\":\"https:\\\/\\\/tcmpartners.com\\\/#website\",\"url\":\"https:\\\/\\\/tcmpartners.com\\\/\",\"name\":\"TCMpartners.com\",\"description\":\"TCMpartners Ofrece servicios de consultor\u00eda que se centran en proveer a las Instituciones Financieras.\",\"publisher\":{\"@id\":\"https:\\\/\\\/tcmpartners.com\\\/#organization\"},\"potentialAction\":[{\"@type\":\"SearchAction\",\"target\":{\"@type\":\"EntryPoint\",\"urlTemplate\":\"https:\\\/\\\/tcmpartners.com\\\/?s={search_term_string}\"},\"query-input\":{\"@type\":\"PropertyValueSpecification\",\"valueRequired\":true,\"valueName\":\"search_term_string\"}}],\"inLanguage\":\"en-US\"},{\"@type\":\"Organization\",\"@id\":\"https:\\\/\\\/tcmpartners.com\\\/#organization\",\"name\":\"TCMpartners.com\",\"url\":\"https:\\\/\\\/tcmpartners.com\\\/\",\"logo\":{\"@type\":\"ImageObject\",\"inLanguage\":\"en-US\",\"@id\":\"https:\\\/\\\/tcmpartners.com\\\/#\\\/schema\\\/logo\\\/image\\\/\",\"url\":\"https:\\\/\\\/tcmpartners.com\\\/wp-content\\\/uploads\\\/2020\\\/04\\\/Logo-Identidad-Web.png\",\"contentUrl\":\"https:\\\/\\\/tcmpartners.com\\\/wp-content\\\/uploads\\\/2020\\\/04\\\/Logo-Identidad-Web.png\",\"width\":787,\"height\":566,\"caption\":\"TCMpartners.com\"},\"image\":{\"@id\":\"https:\\\/\\\/tcmpartners.com\\\/#\\\/schema\\\/logo\\\/image\\\/\"},\"sameAs\":[\"https:\\\/\\\/www.facebook.com\\\/TCMpartners\\\/\",\"https:\\\/\\\/es.linkedin.com\\\/company\\\/tcmpartners\"]}]}<\/script>\n<!-- \/ Yoast SEO plugin. -->","yoast_head_json":{"title":"Webinars - TCMpartners.com - Servicios de consultor\u00eda","robots":{"index":"index","follow":"follow","max-snippet":"max-snippet:-1","max-image-preview":"max-image-preview:large","max-video-preview":"max-video-preview:-1"},"canonical":"https:\/\/tcmpartners.com\/en\/webinars\/","og_locale":"en_US","og_type":"article","og_title":"Webinars - TCMpartners.com - Servicios de consultor\u00eda","og_description":"Webinars Los seminarios virtuales que organizamos nos permiten compartir el conocimiento generado al interior de nuestra organizaci\u00f3n con el resto del mundo. Mantente enterado de los siguientes eventos o accede a nuestra galer\u00eda de grabaciones y encuentra el material que sea de tu inter\u00e9s. \u00bfNo tuviste oportunidad de asistir a uno de nuestros webinars? No&hellip;","og_url":"https:\/\/tcmpartners.com\/en\/webinars\/","og_site_name":"TCMpartners.com - Servicios de consultor\u00eda","article_publisher":"https:\/\/www.facebook.com\/TCMpartners\/","article_modified_time":"2025-11-28T13:00:25+00:00","og_image":[{"width":1500,"height":1001,"url":"https:\/\/tcmpartners.com\/wp-content\/uploads\/2023\/02\/working-online-with-headphones.webp","type":"image\/webp"}],"twitter_card":"summary_large_image","twitter_misc":{"Est. reading time":"1 minute"},"schema":{"@context":"https:\/\/schema.org","@graph":[{"@type":"WebPage","@id":"https:\/\/tcmpartners.com\/webinars\/","url":"https:\/\/tcmpartners.com\/webinars\/","name":"Webinars - TCMpartners.com - Servicios de consultor\u00eda","isPartOf":{"@id":"https:\/\/tcmpartners.com\/#website"},"primaryImageOfPage":{"@id":"https:\/\/tcmpartners.com\/webinars\/#primaryimage"},"image":{"@id":"https:\/\/tcmpartners.com\/webinars\/#primaryimage"},"thumbnailUrl":"https:\/\/tcmpartners.com\/wp-content\/uploads\/2023\/02\/working-online-with-headphones.webp","datePublished":"2023-01-24T18:10:24+00:00","dateModified":"2025-11-28T13:00:25+00:00","breadcrumb":{"@id":"https:\/\/tcmpartners.com\/webinars\/#breadcrumb"},"inLanguage":"en-US","potentialAction":[{"@type":"ReadAction","target":["https:\/\/tcmpartners.com\/webinars\/"]}]},{"@type":"ImageObject","inLanguage":"en-US","@id":"https:\/\/tcmpartners.com\/webinars\/#primaryimage","url":"https:\/\/tcmpartners.com\/wp-content\/uploads\/2023\/02\/working-online-with-headphones.webp","contentUrl":"https:\/\/tcmpartners.com\/wp-content\/uploads\/2023\/02\/working-online-with-headphones.webp","width":1500,"height":1001},{"@type":"BreadcrumbList","@id":"https:\/\/tcmpartners.com\/webinars\/#breadcrumb","itemListElement":[{"@type":"ListItem","position":1,"name":"Portada","item":"https:\/\/tcmpartners.com\/"},{"@type":"ListItem","position":2,"name":"Webinars"}]},{"@type":"WebSite","@id":"https:\/\/tcmpartners.com\/#website","url":"https:\/\/tcmpartners.com\/","name":"TCMpartners.com","description":"TCMpartners Ofrece servicios de consultor\u00eda que se centran en proveer a las Instituciones Financieras.","publisher":{"@id":"https:\/\/tcmpartners.com\/#organization"},"potentialAction":[{"@type":"SearchAction","target":{"@type":"EntryPoint","urlTemplate":"https:\/\/tcmpartners.com\/?s={search_term_string}"},"query-input":{"@type":"PropertyValueSpecification","valueRequired":true,"valueName":"search_term_string"}}],"inLanguage":"en-US"},{"@type":"Organization","@id":"https:\/\/tcmpartners.com\/#organization","name":"TCMpartners.com","url":"https:\/\/tcmpartners.com\/","logo":{"@type":"ImageObject","inLanguage":"en-US","@id":"https:\/\/tcmpartners.com\/#\/schema\/logo\/image\/","url":"https:\/\/tcmpartners.com\/wp-content\/uploads\/2020\/04\/Logo-Identidad-Web.png","contentUrl":"https:\/\/tcmpartners.com\/wp-content\/uploads\/2020\/04\/Logo-Identidad-Web.png","width":787,"height":566,"caption":"TCMpartners.com"},"image":{"@id":"https:\/\/tcmpartners.com\/#\/schema\/logo\/image\/"},"sameAs":["https:\/\/www.facebook.com\/TCMpartners\/","https:\/\/es.linkedin.com\/company\/tcmpartners"]}]}},"_links":{"self":[{"href":"https:\/\/tcmpartners.com\/en\/wp-json\/wp\/v2\/pages\/1731","targetHints":{"allow":["GET"]}}],"collection":[{"href":"https:\/\/tcmpartners.com\/en\/wp-json\/wp\/v2\/pages"}],"about":[{"href":"https:\/\/tcmpartners.com\/en\/wp-json\/wp\/v2\/types\/page"}],"author":[{"embeddable":true,"href":"https:\/\/tcmpartners.com\/en\/wp-json\/wp\/v2\/users\/192"}],"replies":[{"embeddable":true,"href":"https:\/\/tcmpartners.com\/en\/wp-json\/wp\/v2\/comments?post=1731"}],"version-history":[{"count":0,"href":"https:\/\/tcmpartners.com\/en\/wp-json\/wp\/v2\/pages\/1731\/revisions"}],"wp:featuredmedia":[{"embeddable":true,"href":"https:\/\/tcmpartners.com\/en\/wp-json\/wp\/v2\/media\/1957"}],"wp:attachment":[{"href":"https:\/\/tcmpartners.com\/en\/wp-json\/wp\/v2\/media?parent=1731"}],"curies":[{"name":"wp","href":"https:\/\/api.w.org\/{rel}","templated":true}]}}