{"id":1133,"date":"2022-05-26T14:00:01","date_gmt":"2022-05-26T14:00:01","guid":{"rendered":"https:\/\/tcmpartners.com\/?page_id=1133"},"modified":"2022-05-30T13:58:19","modified_gmt":"2022-05-30T13:58:19","slug":"gracias-transformacion-banca-corporativa-costa-rica-14-junio","status":"publish","type":"page","link":"https:\/\/tcmpartners.com\/en\/gracias-transformacion-banca-corporativa-costa-rica-14-junio\/","title":{"rendered":"Gracias Transformaci\u00f3n Banca Corporativa Costa Rica 14 Junio"},"content":{"rendered":"\n<h1>\n\t\tGracias por asistir\n\t<\/h1>\n\t\n<p>\u00a0<\/p>\n<h1>Transformaci\u00f3n Digital en la Banca Corporativa de Costa Rica <\/h1>\n<h1>COMEX y Cash Management<\/h1>\n<p>\u00a0<\/p>\n<h1>\n\t\tQUEREMOS CONOCER SU OPINI\u00d3N\n\t<\/h1>\n\tEn nombre del todo el equipo de TCMpartners, agradecemos tu participaci\u00f3n.<br \/>\nQueremos escucharte. Tus comentarios y opiniones nos permiten crear contenido relevante y de inter\u00e9s sobre el contexto financiero actual.\n\t\n<html>\n\n<head>\n  <meta charset=\"UTF-8\">\n  <title>Webinar: El SIAR y el RTILB en Colombia<\/title>\n  <link href=\"css\/form.css\" rel=\"stylesheet\" type=\"text\/css\">\n  <script src=\"js\/validation.js\"><\/script>\n<\/head>\n\n<body class=\"zf-backgroundBg\">\n  <!-- Change or deletion of the name attributes in the input tag will lead to empty values on record submission-->\n  <div class=\"zf-templateWidth\">\n    <form action='https:\/\/forms.zohopublic.com\/rodrigofrigolet\/form\/WebinarElSIARyelRTILBenColombia\/formperma\/kZwRmGG6aEb-h3C3RxMNnb6sOeE2UiRkkqJZltjh3Jw\/htmlRecords\/submit' name='form' method='POST'\n      onSubmit='javascript:document.charset=\"UTF-8\"; return zf_ValidateAndSubmit();' accept-charset='UTF-8' enctype='multipart\/form-data' id='form'><input type=\"hidden\" name=\"zf_referrer_name\" value=\"\">\n      <!-- To Track referrals , place the referrer name within the \" \" in the above hidden input field -->\n      <input type=\"hidden\" name=\"zf_redirect_url\" value=\"\"><!-- To redirect to a specific page after record submission , place the respective url within the \" \" in the above hidden input field -->\n      <input type=\"hidden\" name=\"zc_gad\" value=\"\"><!-- If GCLID is enabled in Zoho CRM Integration, click details of AdWords Ads will be pushed to Zoho CRM -->\n\n      <!---------template Container Starts Here---------->\n      <div class=\"zf-subContWrap zf-topAlign\">\n        <ul>\n          <!---------Checkbox Starts Here---------->\n\t\t\t\t\t<li class=\"zf-checkbox zf-tempFrmWrapper zf-oneColumns\"><label class=\"zf-labelName\">\u00bfActualmente, cu\u00e1l es el principal reto al que se enfrenta su organizaci\u00f3n para llevar a cabo una adecuada gesti\u00f3n del riesgo de tasa de inter\u00e9s del libro\n\t\t\t\t\t\t\tbancario?\n\t\t\t\t\t\t<\/label>\n\t\t\t\t\t\t<div class=\"zf-tempContDiv\">\n\t\t\t\t\t\t\t<div class=\"zf-overflow\">\n\t\t\t\t\t\t\t\t<span class=\"zf-multiAttType\">\n\t\t\t\t\t\t\t\t\t<input class=\"zf-checkBoxType\" type=\"checkbox\" id=\"Checkbox_1\" name=\"Checkbox\" checktype=\"c1\" value=\"TCO&#x20;&#x28;Costo&#x20;Total&#x20;de&#x20;Propiedad&#x29;&#x20;en&#x20;soluciones&#x20;actuales.\" \/>\n\t\t\t\t\t\t\t\t\t<label for=\"Checkbox_1\" class=\"zf-checkChoice\">TCO&#x20;&#x28;Costo&#x20;Total&#x20;de&#x20;Propiedad&#x29;&#x20;en&#x20;soluciones&#x20;actuales.<\/label> <\/span>\n\t\t\t\t\t\t\t\t<span class=\"zf-multiAttType\">\n\t\t\t\t\t\t\t\t\t<input class=\"zf-checkBoxType\" type=\"checkbox\" id=\"Checkbox_2\" name=\"Checkbox\" checktype=\"c1\" value=\"Cumplir&#x20;con&#x20;la&#x20;normatividad&#x20;establecida&#x20;en&#x20;tiempo&#x20;y&#x20;forma.\" \/>\n\t\t\t\t\t\t\t\t\t<label for=\"Checkbox_2\" class=\"zf-checkChoice\">Cumplir&#x20;con&#x20;la&#x20;normatividad&#x20;establecida&#x20;en&#x20;tiempo&#x20;y&#x20;forma.<\/label> <\/span>\n\t\t\t\t\t\t\t\t<span class=\"zf-multiAttType\">\n\t\t\t\t\t\t\t\t\t<input class=\"zf-checkBoxType\" type=\"checkbox\" id=\"Checkbox_3\" name=\"Checkbox\" checktype=\"c1\" value=\"Administraci&oacute;n&#x20;de&#x20;la&#x20;plataforma&#x20;por&#x20;el&#x20;equipo&#x20;interno.\" \/>\n\t\t\t\t\t\t\t\t\t<label for=\"Checkbox_3\" class=\"zf-checkChoice\">Administraci&oacute;n&#x20;de&#x20;la&#x20;plataforma&#x20;por&#x20;el&#x20;equipo&#x20;interno.<\/label> <\/span>\n\t\t\t\t\t\t\t\t<span class=\"zf-multiAttType\">\n\t\t\t\t\t\t\t\t\t<input class=\"zf-checkBoxType\" type=\"checkbox\" id=\"Checkbox_4\" name=\"Checkbox\" checktype=\"c1\" value=\"Integraci&oacute;n&#x20;con&#x20;otros&#x20;sistemas.\" \/>\n\t\t\t\t\t\t\t\t\t<label for=\"Checkbox_4\" class=\"zf-checkChoice\">Integraci&oacute;n&#x20;con&#x20;otros&#x20;sistemas.<\/label> <\/span>\n\t\t\t\t\t\t\t\t<div class=\"zf-clearBoth\"><\/div>\n\t\t\t\t\t\t\t<\/div>\n              <p id=\"Checkbox_error\" class=\"zf-errorMessage\" style=\"display:none;\">Invalid value<\/p>\n            <\/div>\n            <div class=\"zf-clearBoth\"><\/div>\n          <\/li>\n          <!---------Checkbox Ends Here---------->\n          <!---------Radio Starts Here---------->\n\t\t\t\t\t<li class=\"zf-radio zf-tempFrmWrapper zf-oneColumns\"><label class=\"zf-labelName\">\u00bfQu\u00e9 le gustar\u00eda ver en un siguiente webinar?\n\t\t\t\t\t\t<\/label>\n\t\t\t\t\t\t<div class=\"zf-tempContDiv\">\n\t\t\t\t\t\t\t<div class=\"zf-overflow\">\n\t\t\t\t\t\t\t\t<span class=\"zf-multiAttType\">\n\t\t\t\t\t\t\t\t\t<input class=\"zf-radioBtnType\" type=\"radio\" id=\"Radio3_1\" name=\"Radio3\" checktype=\"c1\" value=\"Presentaci&oacute;n&#x20;demo&#x20;de&#x20;la&#x20;soluci&oacute;n.\">\n\t\t\t\t\t\t\t\t\t<label for=\"Radio3_1\" class=\"zf-radioChoice\">Presentaci&oacute;n&#x20;demo&#x20;de&#x20;la&#x20;soluci&oacute;n.<\/label> <\/span>\n\t\t\t\t\t\t\t\t<span class=\"zf-multiAttType\">\n\t\t\t\t\t\t\t\t\t<input class=\"zf-radioBtnType\" type=\"radio\" id=\"Radio3_2\" name=\"Radio3\" checktype=\"c1\" value=\"Ampliar&#x20;el&#x20;cumplimiento&#x20;normativo&#x20;local.\">\n\t\t\t\t\t\t\t\t\t<label for=\"Radio3_2\" class=\"zf-radioChoice\">Ampliar&#x20;el&#x20;cumplimiento&#x20;normativo&#x20;local.<\/label> <\/span>\n\t\t\t\t\t\t\t\t<span class=\"zf-multiAttType\">\n\t\t\t\t\t\t\t\t\t<input class=\"zf-radioBtnType\" type=\"radio\" id=\"Radio3_3\" name=\"Radio3\" checktype=\"c1\" value=\"Conocer&#x20;otros&#x20;proyectos&#x20;o&#x20;referencias&#x20;en&#x20;otros&#x20;pa&iacute;ses\">\n\t\t\t\t\t\t\t\t\t<label for=\"Radio3_3\" class=\"zf-radioChoice\">Conocer&#x20;otros&#x20;proyectos&#x20;o&#x20;referencias&#x20;en&#x20;otros&#x20;pa&iacute;ses<\/label> <\/span>\n\t\t\t\t\t\t\t\t<span class=\"zf-multiAttType\"> <input class=\"zf-radioBtnType\" id=\"Radio3_others\" type=\"radio\" value=\"zfs-others-zfs\" name=\"Radio3\"><label for=\"Radio3_others\" class=\"zf-radioChoice\">Otro<\/label>\n\t\t\t\t\t\t\t\t\t<input name=\"Radio3_allow_others_text\" type=\"text\" maxlength=\"150\"><\/span>\n\t\t\t\t\t\t\t\t<div class=\"zf-clearBoth\"><\/div>\n\t\t\t\t\t\t\t<\/div>\n\t\t\t\t\t\t\t<p id=\"Radio3_error\" class=\"zf-errorMessage\" style=\"display:none;\">Invalid value<\/p>\n\t\t\t\t\t\t<\/div>\n\t\t\t\t\t\t<div class=\"zf-clearBoth\"><\/div>\n          <\/li>\n          <!---------Radio Ends Here---------->\n          <!---------Single Line Starts Here---------->\n\n          <li class=\"zf-tempFrmWrapper zf-small\"><label class=\"zf-labelName\">Su opini\u00f3n es muy importante para nosotros, escriba sus sugerencias sobre como podemos seguir mejorando.\n            <\/label>\n            <div class=\"zf-tempContDiv\"><span> <input type=\"text\" name=\"SingleLine1\" checktype=\"c1\" value=\"\" maxlength=\"255\" fieldType=1 \/><\/span>\n              <p id=\"SingleLine1_error\" class=\"zf-errorMessage\" style=\"display:none;\">Invalid value<\/p>\n            <\/div>\n            <div class=\"zf-clearBoth\"><\/div>\n          <\/li>\n          <!---------Single Line Ends Here---------->\n          <!--Terms and conditions-->\n          <li class=\"zf-tempFrmWrapper\">\n            <label class=\"zf-labelName\">T\u00e9rminos y condiciones\n            <\/label>\n            <div class=\"zf-tempContDiv\">\n              <div class=\"zf-termsContainer\">\n                <div class=\"zf-termsMsg zf-descFld\">\n                  <div>\n                    <span class=\"highlight\" style=\"background-color: rgb(255, 255, 255)\">\n                      <span class=\"colour\" style=\"color: rgb(55, 71, 125)\">\n                        <span class=\"font\" style=\"font-family: Helvetica, Verdana, Arial, sans-serif\">\n                          <span class=\"size\" style=\"font-size: 14px; font-style: normal; font-weight: 400; letter-spacing: normal; orphans: 2; text-indent: 0px; text-transform: none; white-space: normal; widows: 2; word-spacing: 0px; float: none\">\n\t\t\t\t\t\t\t\t\t\t\t\t\t\tEl responsable del tratamiento de sus datos personales es TREASURY AND CAPITAL MARKETS M\u00c9XICO, S. DE R.L.DE C.V. (\"TCMpartners\"), con domicilio social ubicado en Camino a Las Minas 6,\n\t\t\t\t\t\t\t\t\t\t\t\t\t\t-1503, Colonia Ampliaci\u00f3n Palo Solo, Huixquilucan, Estado de M\u00e9xico, C.P. 52778; R.F.C. TCM180912JC5; correo electr\u00f3nico: <a href=\"mailto:privacidad@tcmpartners.com\" target=\"_blank\" rel=\"noopener noreferrer\">privacidad@tcmpartners.com<\/a>.\n\t\t\t\t\t\t\t\t\t\t\t\t\t\tLos datos personales se recaban con\tla finalidad de conocer el grado de satisfacci\u00f3n de nuestros clientes con los productos, servicios y contenido que TCMpartners ofrece. Por otra parte, le informamos que no se llevar\u00e1 a\n\t\t\t\t\t\t\t\t\t\t\t\t\t\tcabo la toma de decisiones automatizadas en funci\u00f3n de los datos personales proporcionados. TCMpartners le informa que, en cualquier momento, puede ejercitar los derechos ARCO (acceso,\n\t\t\t\t\t\t\t\t\t\t\t\t\t\tratificaci\u00f3n, cancelaci\u00f3n y\/u oposici\u00f3n), mediante solicitud de los modelos pertinentes en la direcci\u00f3n o a trav\u00e9s de correo electr\u00f3nico indicado anteriormente. Cada solicitud de\n\t\t\t\t\t\t\t\t\t\t\t\t\t\tejercicio de derechos que presente deber\u00e1 contener en el asunto la referencia \"Ejercicio derechos RGPD\" e incluir los siguientes datos: nombre y apellido, domicilio a efectos de\n\t\t\t\t\t\t\t\t\t\t\t\t\t\tnotificaci\u00f3n, fotocopia del documento nacional de identidad o pasaporte, y petici\u00f3n concreta que se solicita. En el caso de ejercitarse en nombre de otra persona, se deber\u00e1 adjuntar el\n\t\t\t\t\t\t\t\t\t\t\t\t\t\tdocumento que acredite fehacientemente la representaci\u00f3n ostentada.\n                          <\/span><\/span><\/span><\/span>\n                  <\/div>\n                <\/div>\n\n                <div class=\"zf-termsAccept\"><input class=\"zf-checkBoxType zf-flLeft\" name=\"TermsConditions\" type=\"checkbox\"><label class=\"zf-descFld\">Acepto los t\u00e9rminos y condiciones.<\/label><\/div>\n              <\/div>\n            <\/div>\n            <p class=\"zf-errorMessage\" elname=\"error\" id=\"TermsConditions_error\" style=\"display:none;\">Invalid value<\/p>\n            <div class=\"clearBoth\"><\/div>\n          <\/li>\n        <\/ul>\n      <\/div>\n      <!---------template Container Starts Here---------->\n      <ul>\n        <li class=\"zf-fmFooter\"><button class=\"zf-submitColor\">Enviar<\/button><\/li>\n      <\/ul>\n  <\/form>\n  <\/div><!-- 'zf-templateWidth' ends -->\n  <script type=\"text\/javascript\">\n    var zf_DateRegex = new RegExp(\"^(([0][1-9])|([1-2][0-9])|([3][0-1]))[-](Jan|Feb|Mar|Apr|May|Jun|Jul|Aug|Sep|Oct|Nov|Dec|JAN|FEB|MAR|APR|MAY|JUN|JUL|AUG|SEP|OCT|NOV|DEC)[-](?:(?:19|20)[0-9]{2})$\");\n    var zf_MandArray = [];\n    var zf_FieldArray = [\"Checkbox\", \"Radio2\", \"Radio3\", \"SingleLine1\", \"TermsConditions\"];\n    var isSalesIQIntegrationEnabled = false;\n    var salesIQFieldsArray = [];\n  <\/script>\n<\/body>\n\n<\/html>\n\n\n\t\t\t<a href=\"mailto:\" target=\"_self\" role=\"button\" rel=\"noopener\">\n\t\t\t\t\t\tmarketing@tcmpartners.com\n\t\t\t\t\t<\/a>\n<h1>\n\t\tPatrocinadores\n\t<\/h1>\n\n","protected":false},"excerpt":{"rendered":"<p>Gracias por asistir \u00a0 Transformaci\u00f3n Digital en la Banca Corporativa de Costa Rica COMEX y Cash Management \u00a0 QUEREMOS CONOCER SU OPINI\u00d3N En nombre del todo el equipo de TCMpartners, agradecemos tu participaci\u00f3n. Queremos escucharte. Tus comentarios y opiniones nos permiten crear contenido relevante y de inter\u00e9s sobre el contexto financiero actual. marketing@tcmpartners.com Patrocinadores<\/p>","protected":false},"author":7,"featured_media":0,"parent":0,"menu_order":0,"comment_status":"closed","ping_status":"closed","template":"","meta":{"footnotes":""},"class_list":["post-1133","page","type-page","status-publish","hentry"],"yoast_head":"<!-- This site is optimized with the Yoast SEO plugin v27.4 - https:\/\/yoast.com\/product\/yoast-seo-wordpress\/ -->\n<title>Gracias Transformaci\u00f3n Banca Corporativa Costa Rica 14 Junio - TCMpartners.com - Servicios de consultor\u00eda<\/title>\n<meta name=\"robots\" content=\"index, follow, max-snippet:-1, max-image-preview:large, max-video-preview:-1\" \/>\n<link rel=\"canonical\" href=\"https:\/\/tcmpartners.com\/en\/gracias-transformacion-banca-corporativa-costa-rica-14-junio\/\" \/>\n<meta property=\"og:locale\" content=\"en_US\" \/>\n<meta property=\"og:type\" content=\"article\" \/>\n<meta property=\"og:title\" content=\"Gracias Transformaci\u00f3n Banca Corporativa Costa Rica 14 Junio - TCMpartners.com - Servicios de consultor\u00eda\" \/>\n<meta property=\"og:description\" content=\"Gracias por asistir \u00a0 Transformaci\u00f3n Digital en la Banca Corporativa de Costa Rica COMEX y Cash Management \u00a0 QUEREMOS CONOCER SU OPINI\u00d3N En nombre del todo el equipo de TCMpartners, agradecemos tu participaci\u00f3n. Queremos escucharte. Tus comentarios y opiniones nos permiten crear contenido relevante y de inter\u00e9s sobre el contexto financiero actual. marketing@tcmpartners.com Patrocinadores\" \/>\n<meta property=\"og:url\" content=\"https:\/\/tcmpartners.com\/en\/gracias-transformacion-banca-corporativa-costa-rica-14-junio\/\" \/>\n<meta property=\"og:site_name\" content=\"TCMpartners.com - Servicios de consultor\u00eda\" \/>\n<meta property=\"article:publisher\" content=\"https:\/\/www.facebook.com\/TCMpartners\/\" \/>\n<meta property=\"article:modified_time\" content=\"2022-05-30T13:58:19+00:00\" \/>\n<meta name=\"twitter:card\" content=\"summary_large_image\" \/>\n<script type=\"application\/ld+json\" class=\"yoast-schema-graph\">{\"@context\":\"https:\\\/\\\/schema.org\",\"@graph\":[{\"@type\":\"WebPage\",\"@id\":\"https:\\\/\\\/tcmpartners.com\\\/gracias-transformacion-banca-corporativa-costa-rica-14-junio\\\/\",\"url\":\"https:\\\/\\\/tcmpartners.com\\\/gracias-transformacion-banca-corporativa-costa-rica-14-junio\\\/\",\"name\":\"Gracias Transformaci\u00f3n Banca Corporativa Costa Rica 14 Junio - TCMpartners.com - Servicios de consultor\u00eda\",\"isPartOf\":{\"@id\":\"https:\\\/\\\/tcmpartners.com\\\/#website\"},\"datePublished\":\"2022-05-26T14:00:01+00:00\",\"dateModified\":\"2022-05-30T13:58:19+00:00\",\"breadcrumb\":{\"@id\":\"https:\\\/\\\/tcmpartners.com\\\/gracias-transformacion-banca-corporativa-costa-rica-14-junio\\\/#breadcrumb\"},\"inLanguage\":\"en-US\",\"potentialAction\":[{\"@type\":\"ReadAction\",\"target\":[\"https:\\\/\\\/tcmpartners.com\\\/gracias-transformacion-banca-corporativa-costa-rica-14-junio\\\/\"]}]},{\"@type\":\"BreadcrumbList\",\"@id\":\"https:\\\/\\\/tcmpartners.com\\\/gracias-transformacion-banca-corporativa-costa-rica-14-junio\\\/#breadcrumb\",\"itemListElement\":[{\"@type\":\"ListItem\",\"position\":1,\"name\":\"Portada\",\"item\":\"https:\\\/\\\/tcmpartners.com\\\/\"},{\"@type\":\"ListItem\",\"position\":2,\"name\":\"Gracias Transformaci\u00f3n Banca Corporativa Costa Rica 14 Junio\"}]},{\"@type\":\"WebSite\",\"@id\":\"https:\\\/\\\/tcmpartners.com\\\/#website\",\"url\":\"https:\\\/\\\/tcmpartners.com\\\/\",\"name\":\"TCMpartners.com\",\"description\":\"TCMpartners Ofrece servicios de consultor\u00eda que se centran en proveer a las Instituciones Financieras.\",\"publisher\":{\"@id\":\"https:\\\/\\\/tcmpartners.com\\\/#organization\"},\"potentialAction\":[{\"@type\":\"SearchAction\",\"target\":{\"@type\":\"EntryPoint\",\"urlTemplate\":\"https:\\\/\\\/tcmpartners.com\\\/?s={search_term_string}\"},\"query-input\":{\"@type\":\"PropertyValueSpecification\",\"valueRequired\":true,\"valueName\":\"search_term_string\"}}],\"inLanguage\":\"en-US\"},{\"@type\":\"Organization\",\"@id\":\"https:\\\/\\\/tcmpartners.com\\\/#organization\",\"name\":\"TCMpartners.com\",\"url\":\"https:\\\/\\\/tcmpartners.com\\\/\",\"logo\":{\"@type\":\"ImageObject\",\"inLanguage\":\"en-US\",\"@id\":\"https:\\\/\\\/tcmpartners.com\\\/#\\\/schema\\\/logo\\\/image\\\/\",\"url\":\"https:\\\/\\\/tcmpartners.com\\\/wp-content\\\/uploads\\\/2020\\\/04\\\/Logo-Identidad-Web.png\",\"contentUrl\":\"https:\\\/\\\/tcmpartners.com\\\/wp-content\\\/uploads\\\/2020\\\/04\\\/Logo-Identidad-Web.png\",\"width\":787,\"height\":566,\"caption\":\"TCMpartners.com\"},\"image\":{\"@id\":\"https:\\\/\\\/tcmpartners.com\\\/#\\\/schema\\\/logo\\\/image\\\/\"},\"sameAs\":[\"https:\\\/\\\/www.facebook.com\\\/TCMpartners\\\/\",\"https:\\\/\\\/es.linkedin.com\\\/company\\\/tcmpartners\"]}]}<\/script>\n<!-- \/ Yoast SEO plugin. -->","yoast_head_json":{"title":"Gracias Transformaci\u00f3n Banca Corporativa Costa Rica 14 Junio - TCMpartners.com - Servicios de consultor\u00eda","robots":{"index":"index","follow":"follow","max-snippet":"max-snippet:-1","max-image-preview":"max-image-preview:large","max-video-preview":"max-video-preview:-1"},"canonical":"https:\/\/tcmpartners.com\/en\/gracias-transformacion-banca-corporativa-costa-rica-14-junio\/","og_locale":"en_US","og_type":"article","og_title":"Gracias Transformaci\u00f3n Banca Corporativa Costa Rica 14 Junio - TCMpartners.com - Servicios de consultor\u00eda","og_description":"Gracias por asistir \u00a0 Transformaci\u00f3n Digital en la Banca Corporativa de Costa Rica COMEX y Cash Management \u00a0 QUEREMOS CONOCER SU OPINI\u00d3N En nombre del todo el equipo de TCMpartners, agradecemos tu participaci\u00f3n. Queremos escucharte. Tus comentarios y opiniones nos permiten crear contenido relevante y de inter\u00e9s sobre el contexto financiero actual. marketing@tcmpartners.com Patrocinadores","og_url":"https:\/\/tcmpartners.com\/en\/gracias-transformacion-banca-corporativa-costa-rica-14-junio\/","og_site_name":"TCMpartners.com - Servicios de consultor\u00eda","article_publisher":"https:\/\/www.facebook.com\/TCMpartners\/","article_modified_time":"2022-05-30T13:58:19+00:00","twitter_card":"summary_large_image","schema":{"@context":"https:\/\/schema.org","@graph":[{"@type":"WebPage","@id":"https:\/\/tcmpartners.com\/gracias-transformacion-banca-corporativa-costa-rica-14-junio\/","url":"https:\/\/tcmpartners.com\/gracias-transformacion-banca-corporativa-costa-rica-14-junio\/","name":"Gracias Transformaci\u00f3n Banca Corporativa Costa Rica 14 Junio - TCMpartners.com - Servicios de consultor\u00eda","isPartOf":{"@id":"https:\/\/tcmpartners.com\/#website"},"datePublished":"2022-05-26T14:00:01+00:00","dateModified":"2022-05-30T13:58:19+00:00","breadcrumb":{"@id":"https:\/\/tcmpartners.com\/gracias-transformacion-banca-corporativa-costa-rica-14-junio\/#breadcrumb"},"inLanguage":"en-US","potentialAction":[{"@type":"ReadAction","target":["https:\/\/tcmpartners.com\/gracias-transformacion-banca-corporativa-costa-rica-14-junio\/"]}]},{"@type":"BreadcrumbList","@id":"https:\/\/tcmpartners.com\/gracias-transformacion-banca-corporativa-costa-rica-14-junio\/#breadcrumb","itemListElement":[{"@type":"ListItem","position":1,"name":"Portada","item":"https:\/\/tcmpartners.com\/"},{"@type":"ListItem","position":2,"name":"Gracias Transformaci\u00f3n Banca Corporativa Costa Rica 14 Junio"}]},{"@type":"WebSite","@id":"https:\/\/tcmpartners.com\/#website","url":"https:\/\/tcmpartners.com\/","name":"TCMpartners.com","description":"TCMpartners Ofrece servicios de consultor\u00eda que se centran en proveer a las Instituciones Financieras.","publisher":{"@id":"https:\/\/tcmpartners.com\/#organization"},"potentialAction":[{"@type":"SearchAction","target":{"@type":"EntryPoint","urlTemplate":"https:\/\/tcmpartners.com\/?s={search_term_string}"},"query-input":{"@type":"PropertyValueSpecification","valueRequired":true,"valueName":"search_term_string"}}],"inLanguage":"en-US"},{"@type":"Organization","@id":"https:\/\/tcmpartners.com\/#organization","name":"TCMpartners.com","url":"https:\/\/tcmpartners.com\/","logo":{"@type":"ImageObject","inLanguage":"en-US","@id":"https:\/\/tcmpartners.com\/#\/schema\/logo\/image\/","url":"https:\/\/tcmpartners.com\/wp-content\/uploads\/2020\/04\/Logo-Identidad-Web.png","contentUrl":"https:\/\/tcmpartners.com\/wp-content\/uploads\/2020\/04\/Logo-Identidad-Web.png","width":787,"height":566,"caption":"TCMpartners.com"},"image":{"@id":"https:\/\/tcmpartners.com\/#\/schema\/logo\/image\/"},"sameAs":["https:\/\/www.facebook.com\/TCMpartners\/","https:\/\/es.linkedin.com\/company\/tcmpartners"]}]}},"_links":{"self":[{"href":"https:\/\/tcmpartners.com\/en\/wp-json\/wp\/v2\/pages\/1133","targetHints":{"allow":["GET"]}}],"collection":[{"href":"https:\/\/tcmpartners.com\/en\/wp-json\/wp\/v2\/pages"}],"about":[{"href":"https:\/\/tcmpartners.com\/en\/wp-json\/wp\/v2\/types\/page"}],"author":[{"embeddable":true,"href":"https:\/\/tcmpartners.com\/en\/wp-json\/wp\/v2\/users\/7"}],"replies":[{"embeddable":true,"href":"https:\/\/tcmpartners.com\/en\/wp-json\/wp\/v2\/comments?post=1133"}],"version-history":[{"count":0,"href":"https:\/\/tcmpartners.com\/en\/wp-json\/wp\/v2\/pages\/1133\/revisions"}],"wp:attachment":[{"href":"https:\/\/tcmpartners.com\/en\/wp-json\/wp\/v2\/media?parent=1133"}],"curies":[{"name":"wp","href":"https:\/\/api.w.org\/{rel}","templated":true}]}}