{"id":1045,"date":"2022-04-18T23:04:52","date_gmt":"2022-04-18T23:04:52","guid":{"rendered":"https:\/\/tcmpartners.com\/?page_id=1045"},"modified":"2023-01-13T19:14:44","modified_gmt":"2023-01-13T19:14:44","slug":"webinar-liquidez-intradia","status":"publish","type":"page","link":"https:\/\/tcmpartners.com\/en\/webinar-liquidez-intradia\/","title":{"rendered":"Webinar: Liquidez Intrad\u00eda"},"content":{"rendered":"<h1>\n\t\tLiquidez Intrad\u00eda\n\t<\/h1>\n\t<p>Mi\u00e9rcoles 11 de mayo de 2022<\/p>\n\n\t\t\t\tD\u00eda\n\t\t\t\tHora\n\t\t\t\tMinuto\n\t\t\t\tSegundo\n\t<p>Duraci\u00f3n 45 minutos<\/p>\n\t\t\t<a href=\"#registro\" target=\"_self\" role=\"button\" rel=\"noopener\">\n\t\t\t\t\t\t\tREGISTRO\n\t\t\t\t\t<\/a>\n<h1>\n\t\tSobre el evento\n\t<\/h1>\n<h1>\n\t<\/h1>\n\t<p>El mi\u00e9rcoles 04 de mayo, \u00fanete a TCMpartners y Planixs en un webinar sobre:<\/p>\n<h1>\n\t\tLiquidez Intrad\u00eda\n\t<\/h1>\n\t<p>El 15 de septiembre de 2018, Lehman Brother solicito la protecci\u00f3n Chapter 11 en Estados Unidos. Incapaz de hacer frente a sus compromisos en pagos y liquidaciones durante ese d\u00eda, su bancarrota sent\u00f3 un precedente a nivel mundial, poniendo de manifiesto la relevancia de fortalecer el balance de las instituciones financieras, marcando un antes y un despu\u00e9s en la gesti\u00f3n de la liquidez del sector financiero, incluyendo la liquidez Intrad\u00eda. La crisis financiera se extendi\u00f3 r\u00e1pidamente a causa de la desconfianza generada por la crisis de liquidez.<\/p>\n<p>Los escenarios de tensi\u00f3n de liquidez han provocado, en Latinoam\u00e9rica y el mundo, una mayor supervisi\u00f3n bancaria. En abril de 2013, el comit\u00e9 de Basilea introduce una serie de herramientas bajo la recomendaci\u00f3n BCBS 248 por medio de la cual los reguladores bancarios est\u00e1n trasponiendo en pa\u00edses de todo el mundo, especialmente en aquellos pa\u00edses donde los sistemas de pago han reducido el riesgo de &#8220;Settlement&#8221;, al establecer mecanismos de pago contra entrega, contribuyendo as\u00ed a un aumento de la liquidez intrad\u00eda.<\/p>\n<p>El objetivo de este evento de liquidez intrad\u00eda organizado por TCMpartners y Planixs, y con la participaci\u00f3n de invitados honor\u00edficos como Abraham Izquierdo, Executive Director&nbsp;Risk Management de Grupo Financiero Banorte y Tahnee Eliseth Franco, Tesorera de Banco Azteca, Pete McIntyre experto en gesti\u00f3n de liquidez intrad\u00eda, y Javier Artieda, experimentado consultor de riesgos, consiste en exponer los retos, regulaci\u00f3n, y herramientas para el manejo de la Liquidez Intrad\u00eda en el contexto actual, as\u00ed como la tecnolog\u00eda y medios necesarios para implementar una gesti\u00f3n de liquidez intrad\u00eda en Tiempo Real.<\/p>\n\n<h1>\n\t<\/h1>\n\t\t\t<a href=\"#registro\" target=\"_self\" role=\"button\" rel=\"noopener\">\n\t\t\t\t\t\t\tREGISTRO\n\t\t\t\t\t<\/a>\n<h1>\n\t\tPonentes\n\t<\/h1>\n\t\t\t\t<img decoding=\"async\" src=\"https:\/\/tcmpartners.com\/wp-content\/uploads\/2021\/05\/Elisa-BN.jpg\" alt=\"Elisa-BN\" itemprop=\"image\" title=\"Elisa-BN\" onerror=\"this.style.display='none'\" width=\"377\" height=\"377\">\n\t<p>Elisa Amores<\/p>\n\t\n\n\t<p>Elisa Amores, consultora Senior de TCMpartners M\u00e9xico, cuenta con un BA en Financial Management por el ITESM, y actualmente realiza funciones enfocadas en las \u00e1reas de Front Office y Riesgos. Cuenta con experiencia en implementaciones en productos de forex, derivados y renta fija en el mercado de Latino Am\u00e9rica.<\/p>\n\t\t\t\t<img decoding=\"async\" src=\"https:\/\/tcmpartners.com\/wp-content\/uploads\/2022\/04\/Pete1@4x.png\" alt=\"Pete1@4x\" itemprop=\"image\" title=\"Pete1@4x\" onerror=\"this.style.display='none'\" width=\"838\" height=\"856\">\n\t<p>Pete McIntyre<\/p>\n\t\n\n\n\t<p>Fundador de Planixs, financial services business, es un especialista en soluciones de Liquidez Intrad\u00eda y Tesorer\u00eda en tiempo real. Ha colaborado con bancos alrededor de todo el mundo ayud\u00e1ndolos a resolver sus retos en cuestiones de Liquidez Intrad\u00eda, utilizando Planixs Realiti Software Solution. Antes de fundar Planixs, Pete fue Partner en PwC en Reino Unido. <\/p>\n\t\t\t\t<img decoding=\"async\" src=\"https:\/\/tcmpartners.com\/wp-content\/uploads\/2022\/04\/Abraham3.png\" alt=\"TCMpartners\" itemprop=\"image\" title=\"Abraham3\" onerror=\"this.style.display='none'\" width=\"835\" height=\"835\">\n\t<p>Abraham Izquierdo<\/p>\n\t<p>Director Ejecutivo Riesgos Financieros<\/p>\n<p>Grupo Financiero Banorte<\/p>\n\n\t<p>Abraham M. Izquierdo es: &#8220;Financial Risk Manager: Certified by the Global Association of Risk Professionals&#8221;.&nbsp;En la actualidad es Director Ejecutivo de Riesgos Financieros en Grupo Financiero Banorte, tiene a su cargo el riesgo de tasa de inter\u00e9s y la supervisi\u00f3n del balance, incluyendo m\u00e9tricas de sensibilidad y los modelos de comportamiento del balance. Tiene a su cargo la implementaci\u00f3n y supervisi\u00f3n del marco de gesti\u00f3n del riesgo de liquidez, y en particular las directrices de Basilea III. En adici\u00f3n, su \u00e1mbito de competencia abarca una participaci\u00f3n activa en la gesti\u00f3n y optimizaci\u00f3n del capital, as\u00ed como en la asignaci\u00f3n de capital por l\u00ednea de negocio y el seguimiento puntual a la solvencia.<\/p>\n\t\t\t\t<img decoding=\"async\" src=\"https:\/\/tcmpartners.com\/wp-content\/uploads\/2022\/04\/Tahnee.png\" alt=\"Tahnee\" itemprop=\"image\" title=\"Tahnee\" onerror=\"this.style.display='none'\" width=\"834\" height=\"833\">\n\t<p>Tahnee Eliseth Franco<\/p>\n\t<p>Directora Gesti\u00f3n de Balance Banco Azteca. M\u00e9xico<\/p>\n\n\n\t<p>Tahnee Franco cuenta con un BA en Financial Management por el ITESM, una especializaci\u00f3n en Econom\u00eda Monetaria y Financiera por la UNAM y un MSc. en Money and Finance por la Goethe Universit\u00e4t. Actualmente se enfoca en el desarrollo y ejecuci\u00f3n de la estrategia de liquidez de la Tesorer\u00eda de Banco Azteca y gestionar los riesgos estructurales del Balance.<\/p>\n\t\t\t\t<img decoding=\"async\" src=\"https:\/\/tcmpartners.com\/wp-content\/uploads\/2021\/05\/Javier-BN-copia.jpg\" alt=\"Javier-BN copia\" itemprop=\"image\" title=\"Javier-BN copia\" onerror=\"this.style.display='none'\" width=\"377\" height=\"377\">\n\t\n\t<em>Principal Consultant<\/em><em><br>\n<\/em>\n<p>TCMpartners,<\/p>\n<p>Ponente<\/p>\n\t<p>Javier es miembro del consejo de TCMpartners. Ha desarrollado su carrera en el \u00e1mbito de los riesgos y mercados financieros durante mas de 20 a\u00f1os, como Director de Riesgo de Mercado y Estructural en una entidad financiera con mas de 300b en activos, y est\u00e1 liderando el \u00e1rea de riesgos en TCMpartners.<\/p>\n<h1>\n\t\tAgenda del evento\n\t<\/h1>\n\t\t\t<a href=\"#\" id=\"fl-accordion--label-0\" tabindex=\"0\" aria-controls=\"fl-accordion--panel-0\">Los beneficios de la buena gesti\u00f3n de la Liquidez Intrad\u00eda y la tecnolog\u00eda en tiempo real para atender sus necesidades. <\/a>\n\t\t\t\t\t\t\t<a href=\"#\" id=\"fl-accordion--icon-0\" tabindex=\"0\" aria-controls=\"fl-accordion--panel-0\"><i>Expand<\/i><\/a>\n\t\t<p>\u00bfQu\u00e9 es la Liquidez Intrad\u00eda y por qu\u00e9 ha cobrado tanta relevancia en los \u00faltimos a\u00f1os? El monitoreo en tiempo real de la Liquidez es fundamental para las Instituciones Financieras en un contexto donde podemos apreciar un mayor intercambio de pagos en efectivo y con una creciente rapidez. Eso significa que necesitan de una tecnolog\u00eda e infraestructura operacional que les permita visualizar la actividad de todas sus cuentas en tiempo real y desarrollar algunas habilidades como mover liquidez cuando lo necesiten para eficientizar sus l\u00edneas de negocio.<\/p>\n\t\t\t<a href=\"#\" id=\"fl-accordion--label-1\" tabindex=\"0\" aria-controls=\"fl-accordion--panel-1\">La optimizaci\u00f3n en el monitoreo y medici\u00f3n de la Liquidez Intrad\u00eda: retos, regulaci\u00f3n y factores clave. <\/a>\n\t\t\t\t\t\t\t<a href=\"#\" id=\"fl-accordion--icon-1\" tabindex=\"0\" aria-controls=\"fl-accordion--panel-1\"><i>Expand<\/i><\/a>\n\t\t<p>Las directrices de Basilea y las trasposiciones locales han sentado las recomendaciones y mejores pr\u00e1cticas para la gesti\u00f3n de la Liquidez Intrad\u00eda. Por una parte, esto representa retos para las Entidades Financieras en cuestiones de contar con la adecuada infraestructura y tecnolog\u00eda que d\u00e9 cumplimiento a la normatividad local e internacional, pero a su vez representa la oportunidad de expandir sus actividades de negocio al contar con el respaldo de empresas especializadas que contribuyan al monitoreo en l\u00ednea y aumento de su liquidez.<\/p>\n\t\t\t<a href=\"#\" id=\"fl-accordion--label-2\" tabindex=\"0\" aria-controls=\"fl-accordion--panel-2\">Mesa Redonda: Liquidez Intrad\u00eda <\/a>\n\t\t\t\t\t\t\t<a href=\"#\" id=\"fl-accordion--icon-2\" tabindex=\"0\" aria-controls=\"fl-accordion--panel-2\"><i>Expand<\/i><\/a>\n\t\t<p>Con la participaci\u00f3n de Pete McIntyre, Abraham Izquierdo, Tahnee Franco y Javier Artieda.<\/p>\n\t\t\t<a href=\"#registro\" target=\"_self\" role=\"button\" rel=\"noopener\">\n\t\t\t\t\t\t\tREGISTRO\n\t\t\t\t\t<\/a>\n<h1>\n\t\tPATROCINADORES\n\t<\/h1>\n\t\t\t\t<img decoding=\"async\" src=\"https:\/\/tcmpartners.com\/wp-content\/uploads\/2022\/04\/logo-PLANIXS.png\" alt=\"logo PLANIXS\" itemprop=\"image\" title=\"logo PLANIXS\" onerror=\"this.style.display='none'\" width=\"182\" height=\"128\">\n<h1>\n\t\tREGISTRO\n\t<\/h1>\n\t\n<p>Complete el siguiente formulario de registro para acceder al webinar que tendr\u00e1 lugar el pr\u00f3ximo mi\u00e9rcoles 11 de mayo de 2022.<\/p>\n\n<h1>\n\t\tPROCESO DE REGISTRO FINALIZADO\n\t<\/h1>\n\t\t\t<a href=\"mailto:marketing@tcmpartners.com\" target=\"_self\" role=\"button\" rel=\"noopener\">\n\t\t\t\t\t\tmarketing@tcmpartners.com\n\t\t\t\t\t<\/a>\n\t\t\t\tD\u00eda\n\t\t\t\tHora\n\t\t\t\tMinuto\n\t\t\t\tSegundo","protected":false},"excerpt":{"rendered":"<p>Liquidez Intrad\u00eda Mi\u00e9rcoles 11 de mayo de 2022 D\u00eda Hora Minuto Segundo Duraci\u00f3n 45 minutos REGISTRO Sobre el evento El mi\u00e9rcoles 04 de mayo, \u00fanete a TCMpartners y Planixs en un webinar sobre: Liquidez Intrad\u00eda El 15 de septiembre de 2018, Lehman Brother solicito la protecci\u00f3n Chapter 11 en Estados Unidos. Incapaz de hacer frente&hellip;<\/p>","protected":false},"author":7,"featured_media":978,"parent":0,"menu_order":0,"comment_status":"closed","ping_status":"closed","template":"","meta":{"footnotes":""},"class_list":["post-1045","page","type-page","status-publish","has-post-thumbnail","hentry"],"yoast_head":"<!-- This site is optimized with the Yoast SEO plugin v27.4 - https:\/\/yoast.com\/product\/yoast-seo-wordpress\/ -->\n<title>Webinar: Liquidez Intrad\u00eda - TCMpartners.com - Servicios de consultor\u00eda<\/title>\n<meta name=\"robots\" content=\"index, follow, max-snippet:-1, max-image-preview:large, max-video-preview:-1\" \/>\n<link rel=\"canonical\" href=\"https:\/\/tcmpartners.com\/en\/webinar-liquidez-intradia\/\" \/>\n<meta property=\"og:locale\" content=\"en_US\" \/>\n<meta property=\"og:type\" content=\"article\" \/>\n<meta property=\"og:title\" content=\"Webinar: Liquidez Intrad\u00eda - TCMpartners.com - Servicios de consultor\u00eda\" \/>\n<meta property=\"og:description\" content=\"Liquidez Intrad\u00eda Mi\u00e9rcoles 11 de mayo de 2022 D\u00eda Hora Minuto Segundo Duraci\u00f3n 45 minutos REGISTRO Sobre el evento El mi\u00e9rcoles 04 de mayo, \u00fanete a TCMpartners y Planixs en un webinar sobre: Liquidez Intrad\u00eda El 15 de septiembre de 2018, Lehman Brother solicito la protecci\u00f3n Chapter 11 en Estados Unidos. Incapaz de hacer frente&hellip;\" \/>\n<meta property=\"og:url\" content=\"https:\/\/tcmpartners.com\/en\/webinar-liquidez-intradia\/\" \/>\n<meta property=\"og:site_name\" content=\"TCMpartners.com - Servicios de consultor\u00eda\" \/>\n<meta property=\"article:publisher\" content=\"https:\/\/www.facebook.com\/TCMpartners\/\" \/>\n<meta property=\"article:modified_time\" content=\"2023-01-13T19:14:44+00:00\" \/>\n<meta property=\"og:image\" content=\"https:\/\/tcmpartners.com\/wp-content\/uploads\/2021\/10\/LinkWebNOV1.jpg\" \/>\n\t<meta property=\"og:image:width\" content=\"1500\" \/>\n\t<meta property=\"og:image:height\" content=\"924\" \/>\n\t<meta property=\"og:image:type\" content=\"image\/jpeg\" \/>\n<meta name=\"twitter:card\" content=\"summary_large_image\" \/>\n<meta name=\"twitter:label1\" content=\"Est. reading time\" \/>\n\t<meta name=\"twitter:data1\" content=\"5 minutes\" \/>\n<script type=\"application\/ld+json\" class=\"yoast-schema-graph\">{\"@context\":\"https:\\\/\\\/schema.org\",\"@graph\":[{\"@type\":\"WebPage\",\"@id\":\"https:\\\/\\\/tcmpartners.com\\\/webinar-liquidez-intradia\\\/\",\"url\":\"https:\\\/\\\/tcmpartners.com\\\/webinar-liquidez-intradia\\\/\",\"name\":\"Webinar: Liquidez Intrad\u00eda - TCMpartners.com - Servicios de consultor\u00eda\",\"isPartOf\":{\"@id\":\"https:\\\/\\\/tcmpartners.com\\\/#website\"},\"primaryImageOfPage\":{\"@id\":\"https:\\\/\\\/tcmpartners.com\\\/webinar-liquidez-intradia\\\/#primaryimage\"},\"image\":{\"@id\":\"https:\\\/\\\/tcmpartners.com\\\/webinar-liquidez-intradia\\\/#primaryimage\"},\"thumbnailUrl\":\"https:\\\/\\\/tcmpartners.com\\\/wp-content\\\/uploads\\\/2021\\\/10\\\/LinkWebNOV1.jpg\",\"datePublished\":\"2022-04-18T23:04:52+00:00\",\"dateModified\":\"2023-01-13T19:14:44+00:00\",\"breadcrumb\":{\"@id\":\"https:\\\/\\\/tcmpartners.com\\\/webinar-liquidez-intradia\\\/#breadcrumb\"},\"inLanguage\":\"en-US\",\"potentialAction\":[{\"@type\":\"ReadAction\",\"target\":[\"https:\\\/\\\/tcmpartners.com\\\/webinar-liquidez-intradia\\\/\"]}]},{\"@type\":\"ImageObject\",\"inLanguage\":\"en-US\",\"@id\":\"https:\\\/\\\/tcmpartners.com\\\/webinar-liquidez-intradia\\\/#primaryimage\",\"url\":\"https:\\\/\\\/tcmpartners.com\\\/wp-content\\\/uploads\\\/2021\\\/10\\\/LinkWebNOV1.jpg\",\"contentUrl\":\"https:\\\/\\\/tcmpartners.com\\\/wp-content\\\/uploads\\\/2021\\\/10\\\/LinkWebNOV1.jpg\",\"width\":1500,\"height\":924,\"caption\":\"Webinar M\u00e9xico TCMpartners\"},{\"@type\":\"BreadcrumbList\",\"@id\":\"https:\\\/\\\/tcmpartners.com\\\/webinar-liquidez-intradia\\\/#breadcrumb\",\"itemListElement\":[{\"@type\":\"ListItem\",\"position\":1,\"name\":\"Portada\",\"item\":\"https:\\\/\\\/tcmpartners.com\\\/\"},{\"@type\":\"ListItem\",\"position\":2,\"name\":\"Webinar: Liquidez Intrad\u00eda\"}]},{\"@type\":\"WebSite\",\"@id\":\"https:\\\/\\\/tcmpartners.com\\\/#website\",\"url\":\"https:\\\/\\\/tcmpartners.com\\\/\",\"name\":\"TCMpartners.com\",\"description\":\"TCMpartners Ofrece servicios de consultor\u00eda que se centran en proveer a las Instituciones Financieras.\",\"publisher\":{\"@id\":\"https:\\\/\\\/tcmpartners.com\\\/#organization\"},\"potentialAction\":[{\"@type\":\"SearchAction\",\"target\":{\"@type\":\"EntryPoint\",\"urlTemplate\":\"https:\\\/\\\/tcmpartners.com\\\/?s={search_term_string}\"},\"query-input\":{\"@type\":\"PropertyValueSpecification\",\"valueRequired\":true,\"valueName\":\"search_term_string\"}}],\"inLanguage\":\"en-US\"},{\"@type\":\"Organization\",\"@id\":\"https:\\\/\\\/tcmpartners.com\\\/#organization\",\"name\":\"TCMpartners.com\",\"url\":\"https:\\\/\\\/tcmpartners.com\\\/\",\"logo\":{\"@type\":\"ImageObject\",\"inLanguage\":\"en-US\",\"@id\":\"https:\\\/\\\/tcmpartners.com\\\/#\\\/schema\\\/logo\\\/image\\\/\",\"url\":\"https:\\\/\\\/tcmpartners.com\\\/wp-content\\\/uploads\\\/2020\\\/04\\\/Logo-Identidad-Web.png\",\"contentUrl\":\"https:\\\/\\\/tcmpartners.com\\\/wp-content\\\/uploads\\\/2020\\\/04\\\/Logo-Identidad-Web.png\",\"width\":787,\"height\":566,\"caption\":\"TCMpartners.com\"},\"image\":{\"@id\":\"https:\\\/\\\/tcmpartners.com\\\/#\\\/schema\\\/logo\\\/image\\\/\"},\"sameAs\":[\"https:\\\/\\\/www.facebook.com\\\/TCMpartners\\\/\",\"https:\\\/\\\/es.linkedin.com\\\/company\\\/tcmpartners\"]}]}<\/script>\n<!-- \/ Yoast SEO plugin. -->","yoast_head_json":{"title":"Webinar: Liquidez Intrad\u00eda - TCMpartners.com - Servicios de consultor\u00eda","robots":{"index":"index","follow":"follow","max-snippet":"max-snippet:-1","max-image-preview":"max-image-preview:large","max-video-preview":"max-video-preview:-1"},"canonical":"https:\/\/tcmpartners.com\/en\/webinar-liquidez-intradia\/","og_locale":"en_US","og_type":"article","og_title":"Webinar: Liquidez Intrad\u00eda - TCMpartners.com - Servicios de consultor\u00eda","og_description":"Liquidez Intrad\u00eda Mi\u00e9rcoles 11 de mayo de 2022 D\u00eda Hora Minuto Segundo Duraci\u00f3n 45 minutos REGISTRO Sobre el evento El mi\u00e9rcoles 04 de mayo, \u00fanete a TCMpartners y Planixs en un webinar sobre: Liquidez Intrad\u00eda El 15 de septiembre de 2018, Lehman Brother solicito la protecci\u00f3n Chapter 11 en Estados Unidos. Incapaz de hacer frente&hellip;","og_url":"https:\/\/tcmpartners.com\/en\/webinar-liquidez-intradia\/","og_site_name":"TCMpartners.com - Servicios de consultor\u00eda","article_publisher":"https:\/\/www.facebook.com\/TCMpartners\/","article_modified_time":"2023-01-13T19:14:44+00:00","og_image":[{"width":1500,"height":924,"url":"https:\/\/tcmpartners.com\/wp-content\/uploads\/2021\/10\/LinkWebNOV1.jpg","type":"image\/jpeg"}],"twitter_card":"summary_large_image","twitter_misc":{"Est. reading time":"5 minutes"},"schema":{"@context":"https:\/\/schema.org","@graph":[{"@type":"WebPage","@id":"https:\/\/tcmpartners.com\/webinar-liquidez-intradia\/","url":"https:\/\/tcmpartners.com\/webinar-liquidez-intradia\/","name":"Webinar: Liquidez Intrad\u00eda - TCMpartners.com - Servicios de consultor\u00eda","isPartOf":{"@id":"https:\/\/tcmpartners.com\/#website"},"primaryImageOfPage":{"@id":"https:\/\/tcmpartners.com\/webinar-liquidez-intradia\/#primaryimage"},"image":{"@id":"https:\/\/tcmpartners.com\/webinar-liquidez-intradia\/#primaryimage"},"thumbnailUrl":"https:\/\/tcmpartners.com\/wp-content\/uploads\/2021\/10\/LinkWebNOV1.jpg","datePublished":"2022-04-18T23:04:52+00:00","dateModified":"2023-01-13T19:14:44+00:00","breadcrumb":{"@id":"https:\/\/tcmpartners.com\/webinar-liquidez-intradia\/#breadcrumb"},"inLanguage":"en-US","potentialAction":[{"@type":"ReadAction","target":["https:\/\/tcmpartners.com\/webinar-liquidez-intradia\/"]}]},{"@type":"ImageObject","inLanguage":"en-US","@id":"https:\/\/tcmpartners.com\/webinar-liquidez-intradia\/#primaryimage","url":"https:\/\/tcmpartners.com\/wp-content\/uploads\/2021\/10\/LinkWebNOV1.jpg","contentUrl":"https:\/\/tcmpartners.com\/wp-content\/uploads\/2021\/10\/LinkWebNOV1.jpg","width":1500,"height":924,"caption":"Webinar M\u00e9xico TCMpartners"},{"@type":"BreadcrumbList","@id":"https:\/\/tcmpartners.com\/webinar-liquidez-intradia\/#breadcrumb","itemListElement":[{"@type":"ListItem","position":1,"name":"Portada","item":"https:\/\/tcmpartners.com\/"},{"@type":"ListItem","position":2,"name":"Webinar: Liquidez Intrad\u00eda"}]},{"@type":"WebSite","@id":"https:\/\/tcmpartners.com\/#website","url":"https:\/\/tcmpartners.com\/","name":"TCMpartners.com","description":"TCMpartners Ofrece servicios de consultor\u00eda que se centran en proveer a las Instituciones Financieras.","publisher":{"@id":"https:\/\/tcmpartners.com\/#organization"},"potentialAction":[{"@type":"SearchAction","target":{"@type":"EntryPoint","urlTemplate":"https:\/\/tcmpartners.com\/?s={search_term_string}"},"query-input":{"@type":"PropertyValueSpecification","valueRequired":true,"valueName":"search_term_string"}}],"inLanguage":"en-US"},{"@type":"Organization","@id":"https:\/\/tcmpartners.com\/#organization","name":"TCMpartners.com","url":"https:\/\/tcmpartners.com\/","logo":{"@type":"ImageObject","inLanguage":"en-US","@id":"https:\/\/tcmpartners.com\/#\/schema\/logo\/image\/","url":"https:\/\/tcmpartners.com\/wp-content\/uploads\/2020\/04\/Logo-Identidad-Web.png","contentUrl":"https:\/\/tcmpartners.com\/wp-content\/uploads\/2020\/04\/Logo-Identidad-Web.png","width":787,"height":566,"caption":"TCMpartners.com"},"image":{"@id":"https:\/\/tcmpartners.com\/#\/schema\/logo\/image\/"},"sameAs":["https:\/\/www.facebook.com\/TCMpartners\/","https:\/\/es.linkedin.com\/company\/tcmpartners"]}]}},"_links":{"self":[{"href":"https:\/\/tcmpartners.com\/en\/wp-json\/wp\/v2\/pages\/1045","targetHints":{"allow":["GET"]}}],"collection":[{"href":"https:\/\/tcmpartners.com\/en\/wp-json\/wp\/v2\/pages"}],"about":[{"href":"https:\/\/tcmpartners.com\/en\/wp-json\/wp\/v2\/types\/page"}],"author":[{"embeddable":true,"href":"https:\/\/tcmpartners.com\/en\/wp-json\/wp\/v2\/users\/7"}],"replies":[{"embeddable":true,"href":"https:\/\/tcmpartners.com\/en\/wp-json\/wp\/v2\/comments?post=1045"}],"version-history":[{"count":0,"href":"https:\/\/tcmpartners.com\/en\/wp-json\/wp\/v2\/pages\/1045\/revisions"}],"wp:featuredmedia":[{"embeddable":true,"href":"https:\/\/tcmpartners.com\/en\/wp-json\/wp\/v2\/media\/978"}],"wp:attachment":[{"href":"https:\/\/tcmpartners.com\/en\/wp-json\/wp\/v2\/media?parent=1045"}],"curies":[{"name":"wp","href":"https:\/\/api.w.org\/{rel}","templated":true}]}}